{"id":1389,"date":"2023-10-31T10:48:05","date_gmt":"2023-10-31T10:48:05","guid":{"rendered":"https:\/\/www.eng-ureta.com\/declaracion-de-privacidad-ue\/"},"modified":"2025-09-13T15:54:09","modified_gmt":"2025-09-13T15:54:09","slug":"declaracion-de-privacidad-ue","status":"publish","type":"page","link":"https:\/\/www.eng-ureta.com\/en\/declaracion-de-privacidad-ue\/","title":{"rendered":"Declaraci\u00f3n de privacidad (UE)"},"content":{"rendered":"<h1>Declaraci\u00f3n de privacidad (UE)<\/h1>\n<div id=\"cmplz-document\" class=\"cmplz-document privacy-statement cmplz-document-eu\">\n<p><i>Esta declaraci\u00f3n de privacidad se actualiz\u00f3 por \u00faltima vez el abril 15, 2024 y se aplica a los ciudadanos y residentes legales permanentes del Espacio Econ\u00f3mico Europeo y Suiza.<\/i><\/p>\n<p>&nbsp;<\/p>\n<p>En esta declaraci\u00f3n de privacidad, explicamos lo que hacemos con los datos que obtenemos sobre usted a trav\u00e9s de <a href=\"https:\/\/www.eng-ureta.com\/en\/\">https:\/\/www.eng-ureta.com<\/a>. Le recomendamos que lea atentamente esta declaraci\u00f3n. En nuestro tratamiento cumplimos con los requisitos de la legislaci\u00f3n sobre privacidad. Esto significa, entre otras cosas, que:<\/p>\n<ul>\n<li>indicamos claramente los fines para los que procesamos los datos personales. Hacemos esto por medio de esta declaraci\u00f3n de privacidad.<\/li>\n<li>nos proponemos limitar nuestra recopilaci\u00f3n de datos personales a los datos personales necesarios para fines leg\u00edtimos;<\/li>\n<li>en primer lugar, solicitamos su consentimiento expl\u00edcito para el tratamiento de sus datos personales en los casos en que sea necesario.<\/li>\n<li>tomamos las medidas de seguridad adecuadas para proteger sus datos personales y tambi\u00e9n lo exigimos a las partes que procesan datos personales en nuestro nombre;<\/li>\n<li>respetamos su derecho a acceder, rectificar o cancelar sus datos personales previa solicitud.<\/li>\n<\/ul>\n<p>Si tiene alguna pregunta o quiere saber exactamente qu\u00e9 datos guardamos de usted, p\u00f3ngase en contacto con nosotros.<\/p>\n<p>&nbsp;<\/p>\n<h2>1. Cookies<\/h2>\n<p>Nuestra web utiliza cookies. Para m\u00e1s informaci\u00f3n acerca de las cookies, por favor consulte nuestra <a href=\"https:\/\/www.eng-ureta.com\/en\/politica-de-cookies-ue\/\">Pol\u00edtica de cookies<\/a>.<\/p>\n<h2>2. Pr\u00e1cticas de divulgaci\u00f3n<\/h2>\n<p>Divulgamos informaci\u00f3n personal si nos lo exige la ley o una orden judicial, en respuesta a un organismo encargado de hacer cumplir la ley, en la medida en que lo permitan otras disposiciones legales, para proporcionar informaci\u00f3n o para una investigaci\u00f3n sobre un asunto relacionado con la seguridad p\u00fablica.<\/p>\n<p>Si nuestro sitio web o nuestra organizaci\u00f3n son adquiridos, vendidos o participan en una fusi\u00f3n o adquisici\u00f3n, sus datos podr\u00e1n ser revelados a nuestros asesores y a los posibles compradores, y se transmitir\u00e1n a los nuevos propietarios.<\/p>\n<h2>3. Seguridad<\/h2>\n<p>Estamos comprometidos con la seguridad de los datos personales. Tomamos las medidas de seguridad adecuadas para limitar el abuso y el acceso no autorizado a los datos personales. Esto asegura que s\u00f3lo las personas necesarias tengan acceso a sus datos, que el acceso a los datos est\u00e9 protegido y que nuestras medidas de seguridad sean revisadas regularmente.<\/p>\n<h2>4. Webs de terceros<\/h2>\n<p>Esta declaraci\u00f3n de privacidad no se aplica a las webs de terceros conectados mediante enlaces en nuestra web. No podemos garantizar que estas terceras partes manejen sus datos personales de forma fiable o segura. Le recomendamos que lea las declaraciones de privacidad de estas webs antes de utilizarlos.<\/p>\n<h2>5. Modificaciones de esta declaraci\u00f3n de privacidad<\/h2>\n<p>Nos reservamos el derecho de hacer enmiendas a esta declaraci\u00f3n de privacidad. Se recomienda que consulte esta declaraci\u00f3n de privacidad regularmente para estar al tanto de cualquier cambio. Adem\u00e1s, le informaremos activamente siempre que sea posible.<\/p>\n<h2>6. Acceso y modificaci\u00f3n de sus datos<\/h2>\n<p>Si tiene alguna pregunta o desea saber qu\u00e9 datos personales tenemos sobre usted, p\u00f3ngase en contacto con nosotros. Puede ponerse en contacto con nosotros utilizando la siguiente informaci\u00f3n. Usted tiene los siguientes derechos:<\/p>\n<ul>\n<li>Usted tiene derecho a saber por qu\u00e9 se necesitan sus datos personales, qu\u00e9 pasar\u00e1 con ellos y durante cu\u00e1nto tiempo se conservar\u00e1n.<\/li>\n<li>Derecho de acceso: Tiene derecho a acceder a los datos personales que conocemos sobre usted.<\/li>\n<li>Derecho de rectificaci\u00f3n: tiene derecho a completar, rectificar, borrar o bloquear sus datos personales cuando lo desee.<\/li>\n<li>Si usted nos da su consentimiento para procesar sus datos, tiene derecho a revocar dicho consentimiento y a que se eliminen sus datos personales.<\/li>\n<li>Derecho de cesi\u00f3n de sus datos: tiene derecho a solicitar todos sus datos personales al responsable y a transferirlos \u00edntegramente a otro responsable del tratamiento de datos.<\/li>\n<li>Derecho de oposici\u00f3n: usted puede oponerse al tratamiento de sus datos. Nosotros cumplimos con esto, a menos que existan motivos justificados para el tratamiento.<\/li>\n<\/ul>\n<p>Por favor, aseg\u00farese de indicar siempre claramente qui\u00e9n es usted, para que podamos estar seguros de que no modificamos o eliminamos ning\u00fan dato de la persona equivocada.<\/p>\n<h2>7. Enviando una reclamaci\u00f3n<\/h2>\n<p>Si no est\u00e1 satisfecho con la forma en que tratamos o procesamos sus datos personales, tiene derecho a presentar una queja a la Autoridad de protecci\u00f3n de datos.<\/p>\n<h2>8. Datos de contacto<\/h2>\n<p>Engranajes Ureta<br \/>\nAvda. Guip\u00fazcoa, 11, 48260 Ermua \u00b7 Bizkaia, Espa\u00f1a<br \/>\nEspa\u00f1a<br \/>\nWeb: <a href=\"https:\/\/www.eng-ureta.com\/en\/\">https:\/\/www.eng-ureta.com<\/a><br \/>\nCorreo electr\u00f3nico: <span class=\"cmplz-obfuscate\">ureta@eng-ureta.com<\/span><br \/>\nN\u00famero de tel\u00e9fono: +34 943 171 700<\/p>\n<\/div>","protected":false},"excerpt":{"rendered":"<p>Declaraci\u00f3n de privacidad (UE) Esta declaraci\u00f3n de privacidad se actualiz\u00f3 por \u00faltima vez el abril 15, 2024 y se aplica a los ciudadanos y residentes legales permanentes del Espacio Econ\u00f3mico Europeo y Suiza. &nbsp; En esta declaraci\u00f3n de privacidad, explicamos lo que hacemos con los datos que obtenemos sobre usted a trav\u00e9s de https:\/\/www.eng-ureta.com. Le [&hellip;]<\/p>\n","protected":false},"author":1,"featured_media":0,"parent":0,"menu_order":0,"comment_status":"closed","ping_status":"closed","template":"","meta":{"_monsterinsights_skip_tracking":false,"_monsterinsights_sitenote_active":false,"_monsterinsights_sitenote_note":"","_monsterinsights_sitenote_category":0,"footnotes":""},"class_list":["post-1389","page","type-page","status-publish","hentry"],"yoast_head":"<!-- This site is optimized with the Yoast SEO plugin v27.3 - https:\/\/yoast.com\/product\/yoast-seo-wordpress\/ -->\n<title>Declaraci\u00f3n de privacidad (UE) - Ureta Precision Gears<\/title>\n<meta name=\"robots\" content=\"index, follow, max-snippet:-1, max-image-preview:large, max-video-preview:-1\" \/>\n<link rel=\"canonical\" href=\"https:\/\/www.eng-ureta.com\/en\/declaracion-de-privacidad-ue\/\" \/>\n<meta property=\"og:locale\" content=\"en_GB\" \/>\n<meta property=\"og:type\" content=\"article\" \/>\n<meta property=\"og:title\" content=\"Declaraci\u00f3n de privacidad (UE) - Ureta Precision Gears\" \/>\n<meta property=\"og:description\" content=\"Declaraci\u00f3n de privacidad (UE) Esta declaraci\u00f3n de privacidad se actualiz\u00f3 por \u00faltima vez el abril 15, 2024 y se aplica a los ciudadanos y residentes legales permanentes del Espacio Econ\u00f3mico Europeo y Suiza. &nbsp; En esta declaraci\u00f3n de privacidad, explicamos lo que hacemos con los datos que obtenemos sobre usted a trav\u00e9s de https:\/\/www.eng-ureta.com. Le [&hellip;]\" \/>\n<meta property=\"og:url\" content=\"https:\/\/www.eng-ureta.com\/en\/declaracion-de-privacidad-ue\/\" \/>\n<meta property=\"og:site_name\" content=\"Ureta Precision Gears\" \/>\n<meta property=\"article:modified_time\" content=\"2025-09-13T15:54:09+00:00\" \/>\n<meta property=\"og:image\" content=\"https:\/\/www.eng-ureta.com\/wp-content\/uploads\/2023\/05\/uretalogotransparente.png\" \/>\n\t<meta property=\"og:image:width\" content=\"1280\" \/>\n\t<meta property=\"og:image:height\" content=\"299\" \/>\n\t<meta property=\"og:image:type\" content=\"image\/png\" \/>\n<meta name=\"twitter:card\" content=\"summary_large_image\" \/>\n<meta name=\"twitter:label1\" content=\"Estimated reading time\" \/>\n\t<meta name=\"twitter:data1\" content=\"4 minutes\" \/>\n<script type=\"application\/ld+json\" class=\"yoast-schema-graph\">{\"@context\":\"https:\\\/\\\/schema.org\",\"@graph\":[{\"@type\":\"WebPage\",\"@id\":\"https:\\\/\\\/www.eng-ureta.com\\\/declaracion-de-privacidad-ue\\\/\",\"url\":\"https:\\\/\\\/www.eng-ureta.com\\\/declaracion-de-privacidad-ue\\\/\",\"name\":\"Declaraci\u00f3n de privacidad (UE) - Ureta Precision Gears\",\"isPartOf\":{\"@id\":\"https:\\\/\\\/www.eng-ureta.com\\\/#website\"},\"datePublished\":\"2023-10-31T10:48:05+00:00\",\"dateModified\":\"2025-09-13T15:54:09+00:00\",\"breadcrumb\":{\"@id\":\"https:\\\/\\\/www.eng-ureta.com\\\/declaracion-de-privacidad-ue\\\/#breadcrumb\"},\"inLanguage\":\"en-GB\",\"potentialAction\":[{\"@type\":\"ReadAction\",\"target\":[\"https:\\\/\\\/www.eng-ureta.com\\\/declaracion-de-privacidad-ue\\\/\"]}]},{\"@type\":\"BreadcrumbList\",\"@id\":\"https:\\\/\\\/www.eng-ureta.com\\\/declaracion-de-privacidad-ue\\\/#breadcrumb\",\"itemListElement\":[{\"@type\":\"ListItem\",\"position\":1,\"name\":\"Portada\",\"item\":\"https:\\\/\\\/www.eng-ureta.com\\\/\"},{\"@type\":\"ListItem\",\"position\":2,\"name\":\"Declaraci\u00f3n de privacidad (UE)\"}]},{\"@type\":\"WebSite\",\"@id\":\"https:\\\/\\\/www.eng-ureta.com\\\/#website\",\"url\":\"https:\\\/\\\/www.eng-ureta.com\\\/\",\"name\":\"Ureta Precision Gears\",\"description\":\"Especialistas en engranajes de precisi\u00f3n\",\"publisher\":{\"@id\":\"https:\\\/\\\/www.eng-ureta.com\\\/#organization\"},\"potentialAction\":[{\"@type\":\"SearchAction\",\"target\":{\"@type\":\"EntryPoint\",\"urlTemplate\":\"https:\\\/\\\/www.eng-ureta.com\\\/?s={search_term_string}\"},\"query-input\":{\"@type\":\"PropertyValueSpecification\",\"valueRequired\":true,\"valueName\":\"search_term_string\"}}],\"inLanguage\":\"en-GB\"},{\"@type\":\"Organization\",\"@id\":\"https:\\\/\\\/www.eng-ureta.com\\\/#organization\",\"name\":\"Ureta Precision Gears\",\"url\":\"https:\\\/\\\/www.eng-ureta.com\\\/\",\"logo\":{\"@type\":\"ImageObject\",\"inLanguage\":\"en-GB\",\"@id\":\"https:\\\/\\\/www.eng-ureta.com\\\/#\\\/schema\\\/logo\\\/image\\\/\",\"url\":\"https:\\\/\\\/www.eng-ureta.com\\\/wp-content\\\/uploads\\\/2023\\\/05\\\/uretalogotransparente.png\",\"contentUrl\":\"https:\\\/\\\/www.eng-ureta.com\\\/wp-content\\\/uploads\\\/2023\\\/05\\\/uretalogotransparente.png\",\"width\":1280,\"height\":299,\"caption\":\"Ureta Precision Gears\"},\"image\":{\"@id\":\"https:\\\/\\\/www.eng-ureta.com\\\/#\\\/schema\\\/logo\\\/image\\\/\"},\"sameAs\":[\"https:\\\/\\\/es.linkedin.com\\\/company\\\/ureta-precision-gears\"]}]}<\/script>\n<!-- \/ Yoast SEO plugin. -->","yoast_head_json":{"title":"Declaraci\u00f3n de privacidad (UE) - Ureta Precision Gears","robots":{"index":"index","follow":"follow","max-snippet":"max-snippet:-1","max-image-preview":"max-image-preview:large","max-video-preview":"max-video-preview:-1"},"canonical":"https:\/\/www.eng-ureta.com\/en\/declaracion-de-privacidad-ue\/","og_locale":"en_GB","og_type":"article","og_title":"Declaraci\u00f3n de privacidad (UE) - Ureta Precision Gears","og_description":"Declaraci\u00f3n de privacidad (UE) Esta declaraci\u00f3n de privacidad se actualiz\u00f3 por \u00faltima vez el abril 15, 2024 y se aplica a los ciudadanos y residentes legales permanentes del Espacio Econ\u00f3mico Europeo y Suiza. &nbsp; En esta declaraci\u00f3n de privacidad, explicamos lo que hacemos con los datos que obtenemos sobre usted a trav\u00e9s de https:\/\/www.eng-ureta.com. Le [&hellip;]","og_url":"https:\/\/www.eng-ureta.com\/en\/declaracion-de-privacidad-ue\/","og_site_name":"Ureta Precision Gears","article_modified_time":"2025-09-13T15:54:09+00:00","og_image":[{"width":1280,"height":299,"url":"https:\/\/www.eng-ureta.com\/wp-content\/uploads\/2023\/05\/uretalogotransparente.png","type":"image\/png"}],"twitter_card":"summary_large_image","twitter_misc":{"Estimated reading time":"4 minutes"},"schema":{"@context":"https:\/\/schema.org","@graph":[{"@type":"WebPage","@id":"https:\/\/www.eng-ureta.com\/declaracion-de-privacidad-ue\/","url":"https:\/\/www.eng-ureta.com\/declaracion-de-privacidad-ue\/","name":"Declaraci\u00f3n de privacidad (UE) - Ureta Precision Gears","isPartOf":{"@id":"https:\/\/www.eng-ureta.com\/#website"},"datePublished":"2023-10-31T10:48:05+00:00","dateModified":"2025-09-13T15:54:09+00:00","breadcrumb":{"@id":"https:\/\/www.eng-ureta.com\/declaracion-de-privacidad-ue\/#breadcrumb"},"inLanguage":"en-GB","potentialAction":[{"@type":"ReadAction","target":["https:\/\/www.eng-ureta.com\/declaracion-de-privacidad-ue\/"]}]},{"@type":"BreadcrumbList","@id":"https:\/\/www.eng-ureta.com\/declaracion-de-privacidad-ue\/#breadcrumb","itemListElement":[{"@type":"ListItem","position":1,"name":"Portada","item":"https:\/\/www.eng-ureta.com\/"},{"@type":"ListItem","position":2,"name":"Declaraci\u00f3n de privacidad (UE)"}]},{"@type":"WebSite","@id":"https:\/\/www.eng-ureta.com\/#website","url":"https:\/\/www.eng-ureta.com\/","name":"Ureta Precision Gears","description":"Especialistas en engranajes de precisi\u00f3n","publisher":{"@id":"https:\/\/www.eng-ureta.com\/#organization"},"potentialAction":[{"@type":"SearchAction","target":{"@type":"EntryPoint","urlTemplate":"https:\/\/www.eng-ureta.com\/?s={search_term_string}"},"query-input":{"@type":"PropertyValueSpecification","valueRequired":true,"valueName":"search_term_string"}}],"inLanguage":"en-GB"},{"@type":"Organization","@id":"https:\/\/www.eng-ureta.com\/#organization","name":"Ureta Precision Gears","url":"https:\/\/www.eng-ureta.com\/","logo":{"@type":"ImageObject","inLanguage":"en-GB","@id":"https:\/\/www.eng-ureta.com\/#\/schema\/logo\/image\/","url":"https:\/\/www.eng-ureta.com\/wp-content\/uploads\/2023\/05\/uretalogotransparente.png","contentUrl":"https:\/\/www.eng-ureta.com\/wp-content\/uploads\/2023\/05\/uretalogotransparente.png","width":1280,"height":299,"caption":"Ureta Precision Gears"},"image":{"@id":"https:\/\/www.eng-ureta.com\/#\/schema\/logo\/image\/"},"sameAs":["https:\/\/es.linkedin.com\/company\/ureta-precision-gears"]}]}},"_links":{"self":[{"href":"https:\/\/www.eng-ureta.com\/en\/wp-json\/wp\/v2\/pages\/1389","targetHints":{"allow":["GET"]}}],"collection":[{"href":"https:\/\/www.eng-ureta.com\/en\/wp-json\/wp\/v2\/pages"}],"about":[{"href":"https:\/\/www.eng-ureta.com\/en\/wp-json\/wp\/v2\/types\/page"}],"author":[{"embeddable":true,"href":"https:\/\/www.eng-ureta.com\/en\/wp-json\/wp\/v2\/users\/1"}],"replies":[{"embeddable":true,"href":"https:\/\/www.eng-ureta.com\/en\/wp-json\/wp\/v2\/comments?post=1389"}],"version-history":[{"count":1,"href":"https:\/\/www.eng-ureta.com\/en\/wp-json\/wp\/v2\/pages\/1389\/revisions"}],"predecessor-version":[{"id":1654,"href":"https:\/\/www.eng-ureta.com\/en\/wp-json\/wp\/v2\/pages\/1389\/revisions\/1654"}],"wp:attachment":[{"href":"https:\/\/www.eng-ureta.com\/en\/wp-json\/wp\/v2\/media?parent=1389"}],"curies":[{"name":"wp","href":"https:\/\/api.w.org\/{rel}","templated":true}]}}