{"id":1391,"date":"2023-10-31T10:48:05","date_gmt":"2023-10-31T10:48:05","guid":{"rendered":"https:\/\/www.eng-ureta.com\/descargo-de-responsabilidad\/"},"modified":"2025-09-13T15:53:45","modified_gmt":"2025-09-13T15:53:45","slug":"descargo-de-responsabilidad","status":"publish","type":"page","link":"https:\/\/www.eng-ureta.com\/en\/descargo-de-responsabilidad\/","title":{"rendered":"Descargo de responsabilidad"},"content":{"rendered":"<h1>Descargo de responsabilidad<\/h1>\n<div id=\"cmplz-document\" class=\"cmplz-document disclaimer cmplz-document-all\">\n<p>Engranajes Ureta se compromete a mantener esta web actualizada y precisa. Si, a pesar de todo, encontrara algo incorrecto o desactualizado, le agradecer\u00edamos que nos lo hiciera saber. Por favor, indique en qu\u00e9 parte de la web ha le\u00eddo la informaci\u00f3n. La revisaremos lo antes posible. Por favor, env\u00ede su duda por correo electr\u00f3nico a: <span class=\"cmplz-obfuscate\">ureta@eng-ureta.com<\/span>.<\/p>\n<p>No nos responsabilizamos de las p\u00e9rdidas derivadas de inexactitudes o datos incompletos, ni de las p\u00e9rdidas resultantes de problemas causados o inherentes a la difusi\u00f3n de la informaci\u00f3n a trav\u00e9s de Internet, como interrupciones o fallos. Al utilizar formularios web, nos esforzamos por limitar al m\u00ednimo el n\u00famero de campos obligatorios. Por cualquier p\u00e9rdida sufrida como resultado del uso de datos, consejos o ideas proporcionadas por Engranajes Ureta o en su nombre a trav\u00e9s de esta web, Engranajes Ureta no acepta ninguna responsabilidad.<\/p>\n<p>Todos los derechos de propiedad intelectual sobre el contenido de esta web pertenecen a Engranajes Ureta.<\/p>\n<p>La copia, difusi\u00f3n y cualquier otro uso de estos materiales no est\u00e1 permitido sin el permiso escrito de Engranajes Ureta, excepto y s\u00f3lo en la medida en que se estipule lo contrario en los reglamentos de la ley obligatoria (como el derecho de cita), a menos que el contenido espec\u00edfico dicte lo contrario.<\/p>\n<p>Si tiene alguna pregunta o problema con la accesibilidad de la web, no dude en ponerse en contacto con nosotros.<\/p>\n<\/div>","protected":false},"excerpt":{"rendered":"<p>Descargo de responsabilidad Engranajes Ureta se compromete a mantener esta web actualizada y precisa. Si, a pesar de todo, encontrara algo incorrecto o desactualizado, le agradecer\u00edamos que nos lo hiciera saber. Por favor, indique en qu\u00e9 parte de la web ha le\u00eddo la informaci\u00f3n. La revisaremos lo antes posible. Por favor, env\u00ede su duda por [&hellip;]<\/p>\n","protected":false},"author":1,"featured_media":0,"parent":0,"menu_order":0,"comment_status":"closed","ping_status":"closed","template":"","meta":{"_monsterinsights_skip_tracking":false,"_monsterinsights_sitenote_active":false,"_monsterinsights_sitenote_note":"","_monsterinsights_sitenote_category":0,"footnotes":""},"class_list":["post-1391","page","type-page","status-publish","hentry"],"yoast_head":"<!-- This site is optimized with the Yoast SEO plugin v27.3 - https:\/\/yoast.com\/product\/yoast-seo-wordpress\/ -->\n<title>Descargo de responsabilidad - Ureta Precision Gears<\/title>\n<meta name=\"robots\" content=\"index, follow, max-snippet:-1, max-image-preview:large, max-video-preview:-1\" \/>\n<link rel=\"canonical\" href=\"https:\/\/www.eng-ureta.com\/en\/descargo-de-responsabilidad\/\" \/>\n<meta property=\"og:locale\" content=\"en_GB\" \/>\n<meta property=\"og:type\" content=\"article\" \/>\n<meta property=\"og:title\" content=\"Descargo de responsabilidad - Ureta Precision Gears\" \/>\n<meta property=\"og:description\" content=\"Descargo de responsabilidad Engranajes Ureta se compromete a mantener esta web actualizada y precisa. Si, a pesar de todo, encontrara algo incorrecto o desactualizado, le agradecer\u00edamos que nos lo hiciera saber. Por favor, indique en qu\u00e9 parte de la web ha le\u00eddo la informaci\u00f3n. La revisaremos lo antes posible. Por favor, env\u00ede su duda por [&hellip;]\" \/>\n<meta property=\"og:url\" content=\"https:\/\/www.eng-ureta.com\/en\/descargo-de-responsabilidad\/\" \/>\n<meta property=\"og:site_name\" content=\"Ureta Precision Gears\" \/>\n<meta property=\"article:modified_time\" content=\"2025-09-13T15:53:45+00:00\" \/>\n<meta property=\"og:image\" content=\"https:\/\/www.eng-ureta.com\/wp-content\/uploads\/2023\/05\/uretalogotransparente.png\" \/>\n\t<meta property=\"og:image:width\" content=\"1280\" \/>\n\t<meta property=\"og:image:height\" content=\"299\" \/>\n\t<meta property=\"og:image:type\" content=\"image\/png\" \/>\n<meta name=\"twitter:card\" content=\"summary_large_image\" \/>\n<meta name=\"twitter:label1\" content=\"Estimated reading time\" \/>\n\t<meta name=\"twitter:data1\" content=\"2 minutes\" \/>\n<script type=\"application\/ld+json\" class=\"yoast-schema-graph\">{\"@context\":\"https:\\\/\\\/schema.org\",\"@graph\":[{\"@type\":\"WebPage\",\"@id\":\"https:\\\/\\\/www.eng-ureta.com\\\/descargo-de-responsabilidad\\\/\",\"url\":\"https:\\\/\\\/www.eng-ureta.com\\\/descargo-de-responsabilidad\\\/\",\"name\":\"Descargo de responsabilidad - Ureta Precision Gears\",\"isPartOf\":{\"@id\":\"https:\\\/\\\/www.eng-ureta.com\\\/#website\"},\"datePublished\":\"2023-10-31T10:48:05+00:00\",\"dateModified\":\"2025-09-13T15:53:45+00:00\",\"breadcrumb\":{\"@id\":\"https:\\\/\\\/www.eng-ureta.com\\\/descargo-de-responsabilidad\\\/#breadcrumb\"},\"inLanguage\":\"en-GB\",\"potentialAction\":[{\"@type\":\"ReadAction\",\"target\":[\"https:\\\/\\\/www.eng-ureta.com\\\/descargo-de-responsabilidad\\\/\"]}]},{\"@type\":\"BreadcrumbList\",\"@id\":\"https:\\\/\\\/www.eng-ureta.com\\\/descargo-de-responsabilidad\\\/#breadcrumb\",\"itemListElement\":[{\"@type\":\"ListItem\",\"position\":1,\"name\":\"Portada\",\"item\":\"https:\\\/\\\/www.eng-ureta.com\\\/\"},{\"@type\":\"ListItem\",\"position\":2,\"name\":\"Descargo de responsabilidad\"}]},{\"@type\":\"WebSite\",\"@id\":\"https:\\\/\\\/www.eng-ureta.com\\\/#website\",\"url\":\"https:\\\/\\\/www.eng-ureta.com\\\/\",\"name\":\"Ureta Precision Gears\",\"description\":\"Especialistas en engranajes de precisi\u00f3n\",\"publisher\":{\"@id\":\"https:\\\/\\\/www.eng-ureta.com\\\/#organization\"},\"potentialAction\":[{\"@type\":\"SearchAction\",\"target\":{\"@type\":\"EntryPoint\",\"urlTemplate\":\"https:\\\/\\\/www.eng-ureta.com\\\/?s={search_term_string}\"},\"query-input\":{\"@type\":\"PropertyValueSpecification\",\"valueRequired\":true,\"valueName\":\"search_term_string\"}}],\"inLanguage\":\"en-GB\"},{\"@type\":\"Organization\",\"@id\":\"https:\\\/\\\/www.eng-ureta.com\\\/#organization\",\"name\":\"Ureta Precision Gears\",\"url\":\"https:\\\/\\\/www.eng-ureta.com\\\/\",\"logo\":{\"@type\":\"ImageObject\",\"inLanguage\":\"en-GB\",\"@id\":\"https:\\\/\\\/www.eng-ureta.com\\\/#\\\/schema\\\/logo\\\/image\\\/\",\"url\":\"https:\\\/\\\/www.eng-ureta.com\\\/wp-content\\\/uploads\\\/2023\\\/05\\\/uretalogotransparente.png\",\"contentUrl\":\"https:\\\/\\\/www.eng-ureta.com\\\/wp-content\\\/uploads\\\/2023\\\/05\\\/uretalogotransparente.png\",\"width\":1280,\"height\":299,\"caption\":\"Ureta Precision Gears\"},\"image\":{\"@id\":\"https:\\\/\\\/www.eng-ureta.com\\\/#\\\/schema\\\/logo\\\/image\\\/\"},\"sameAs\":[\"https:\\\/\\\/es.linkedin.com\\\/company\\\/ureta-precision-gears\"]}]}<\/script>\n<!-- \/ Yoast SEO plugin. -->","yoast_head_json":{"title":"Descargo de responsabilidad - Ureta Precision Gears","robots":{"index":"index","follow":"follow","max-snippet":"max-snippet:-1","max-image-preview":"max-image-preview:large","max-video-preview":"max-video-preview:-1"},"canonical":"https:\/\/www.eng-ureta.com\/en\/descargo-de-responsabilidad\/","og_locale":"en_GB","og_type":"article","og_title":"Descargo de responsabilidad - Ureta Precision Gears","og_description":"Descargo de responsabilidad Engranajes Ureta se compromete a mantener esta web actualizada y precisa. Si, a pesar de todo, encontrara algo incorrecto o desactualizado, le agradecer\u00edamos que nos lo hiciera saber. Por favor, indique en qu\u00e9 parte de la web ha le\u00eddo la informaci\u00f3n. La revisaremos lo antes posible. Por favor, env\u00ede su duda por [&hellip;]","og_url":"https:\/\/www.eng-ureta.com\/en\/descargo-de-responsabilidad\/","og_site_name":"Ureta Precision Gears","article_modified_time":"2025-09-13T15:53:45+00:00","og_image":[{"width":1280,"height":299,"url":"https:\/\/www.eng-ureta.com\/wp-content\/uploads\/2023\/05\/uretalogotransparente.png","type":"image\/png"}],"twitter_card":"summary_large_image","twitter_misc":{"Estimated reading time":"2 minutes"},"schema":{"@context":"https:\/\/schema.org","@graph":[{"@type":"WebPage","@id":"https:\/\/www.eng-ureta.com\/descargo-de-responsabilidad\/","url":"https:\/\/www.eng-ureta.com\/descargo-de-responsabilidad\/","name":"Descargo de responsabilidad - Ureta Precision Gears","isPartOf":{"@id":"https:\/\/www.eng-ureta.com\/#website"},"datePublished":"2023-10-31T10:48:05+00:00","dateModified":"2025-09-13T15:53:45+00:00","breadcrumb":{"@id":"https:\/\/www.eng-ureta.com\/descargo-de-responsabilidad\/#breadcrumb"},"inLanguage":"en-GB","potentialAction":[{"@type":"ReadAction","target":["https:\/\/www.eng-ureta.com\/descargo-de-responsabilidad\/"]}]},{"@type":"BreadcrumbList","@id":"https:\/\/www.eng-ureta.com\/descargo-de-responsabilidad\/#breadcrumb","itemListElement":[{"@type":"ListItem","position":1,"name":"Portada","item":"https:\/\/www.eng-ureta.com\/"},{"@type":"ListItem","position":2,"name":"Descargo de responsabilidad"}]},{"@type":"WebSite","@id":"https:\/\/www.eng-ureta.com\/#website","url":"https:\/\/www.eng-ureta.com\/","name":"Ureta Precision Gears","description":"Especialistas en engranajes de precisi\u00f3n","publisher":{"@id":"https:\/\/www.eng-ureta.com\/#organization"},"potentialAction":[{"@type":"SearchAction","target":{"@type":"EntryPoint","urlTemplate":"https:\/\/www.eng-ureta.com\/?s={search_term_string}"},"query-input":{"@type":"PropertyValueSpecification","valueRequired":true,"valueName":"search_term_string"}}],"inLanguage":"en-GB"},{"@type":"Organization","@id":"https:\/\/www.eng-ureta.com\/#organization","name":"Ureta Precision Gears","url":"https:\/\/www.eng-ureta.com\/","logo":{"@type":"ImageObject","inLanguage":"en-GB","@id":"https:\/\/www.eng-ureta.com\/#\/schema\/logo\/image\/","url":"https:\/\/www.eng-ureta.com\/wp-content\/uploads\/2023\/05\/uretalogotransparente.png","contentUrl":"https:\/\/www.eng-ureta.com\/wp-content\/uploads\/2023\/05\/uretalogotransparente.png","width":1280,"height":299,"caption":"Ureta Precision Gears"},"image":{"@id":"https:\/\/www.eng-ureta.com\/#\/schema\/logo\/image\/"},"sameAs":["https:\/\/es.linkedin.com\/company\/ureta-precision-gears"]}]}},"_links":{"self":[{"href":"https:\/\/www.eng-ureta.com\/en\/wp-json\/wp\/v2\/pages\/1391","targetHints":{"allow":["GET"]}}],"collection":[{"href":"https:\/\/www.eng-ureta.com\/en\/wp-json\/wp\/v2\/pages"}],"about":[{"href":"https:\/\/www.eng-ureta.com\/en\/wp-json\/wp\/v2\/types\/page"}],"author":[{"embeddable":true,"href":"https:\/\/www.eng-ureta.com\/en\/wp-json\/wp\/v2\/users\/1"}],"replies":[{"embeddable":true,"href":"https:\/\/www.eng-ureta.com\/en\/wp-json\/wp\/v2\/comments?post=1391"}],"version-history":[{"count":2,"href":"https:\/\/www.eng-ureta.com\/en\/wp-json\/wp\/v2\/pages\/1391\/revisions"}],"predecessor-version":[{"id":1653,"href":"https:\/\/www.eng-ureta.com\/en\/wp-json\/wp\/v2\/pages\/1391\/revisions\/1653"}],"wp:attachment":[{"href":"https:\/\/www.eng-ureta.com\/en\/wp-json\/wp\/v2\/media?parent=1391"}],"curies":[{"name":"wp","href":"https:\/\/api.w.org\/{rel}","templated":true}]}}