{"id":658,"date":"2023-08-03T16:50:04","date_gmt":"2023-08-03T16:50:04","guid":{"rendered":"http:\/\/www.eng-ureta.com\/?page_id=658"},"modified":"2023-09-05T10:00:04","modified_gmt":"2023-09-05T10:00:04","slug":"aeronautica-defensa-y-espacio","status":"publish","type":"page","link":"https:\/\/www.eng-ureta.com\/en\/soluciones\/aeronautica-defensa-y-espacio\/","title":{"rendered":"Aeronautics, Defence and Space"},"content":{"rendered":"\t\t<div data-elementor-type=\"wp-page\" data-elementor-id=\"658\" class=\"elementor elementor-658\" data-elementor-post-type=\"page\">\n\t\t\t\t<div class=\"elementor-element elementor-element-7130ea1 e-flex e-con-boxed e-con e-parent\" data-id=\"7130ea1\" data-element_type=\"container\" data-e-type=\"container\">\n\t\t\t\t\t<div class=\"e-con-inner\">\n\t\t\t\t<div class=\"elementor-element elementor-element-7ed5c12 elementor-widget elementor-widget-heading\" data-id=\"7ed5c12\" data-element_type=\"widget\" data-e-type=\"widget\" data-widget_type=\"heading.default\">\n\t\t\t\t\t<h2 class=\"elementor-heading-title elementor-size-default\">AERON\u00c1UTICA<\/h2>\t\t\t\t<\/div>\n\t\t\t\t\t<\/div>\n\t\t\t\t<\/div>\n\t\t<div class=\"elementor-element elementor-element-271e01d animated-fast e-flex e-con-boxed elementor-invisible e-con e-parent\" data-id=\"271e01d\" data-element_type=\"container\" data-e-type=\"container\" data-settings=\"{&quot;background_background&quot;:&quot;classic&quot;,&quot;animation&quot;:&quot;slideInUp&quot;,&quot;background_motion_fx_motion_fx_scrolling&quot;:&quot;yes&quot;,&quot;background_motion_fx_blur_effect&quot;:&quot;yes&quot;,&quot;background_motion_fx_blur_direction&quot;:&quot;in-out&quot;,&quot;background_motion_fx_blur_range&quot;:{&quot;unit&quot;:&quot;%&quot;,&quot;size&quot;:&quot;&quot;,&quot;sizes&quot;:{&quot;start&quot;:25,&quot;end&quot;:40}},&quot;background_motion_fx_blur_level&quot;:{&quot;unit&quot;:&quot;px&quot;,&quot;size&quot;:7,&quot;sizes&quot;:[]},&quot;background_motion_fx_devices&quot;:[&quot;desktop&quot;,&quot;tablet&quot;,&quot;mobile&quot;]}\">\n\t\t\t\t\t<div class=\"e-con-inner\">\n\t\t\t\t<div class=\"elementor-element elementor-element-d7c1328 elementor-widget elementor-widget-heading\" data-id=\"d7c1328\" data-element_type=\"widget\" data-e-type=\"widget\" data-widget_type=\"heading.default\">\n\t\t\t\t\t<h2 class=\"elementor-heading-title elementor-size-default\">DEFENSA Y ESPACIO<\/h2>\t\t\t\t<\/div>\n\t\t\t\t\t<\/div>\n\t\t\t\t<\/div>\n\t\t<div class=\"elementor-element elementor-element-84caab0 animated-fast e-flex e-con-boxed elementor-invisible e-con e-parent\" data-id=\"84caab0\" data-element_type=\"container\" data-e-type=\"container\" data-settings=\"{&quot;animation&quot;:&quot;slideInUp&quot;}\">\n\t\t\t\t\t<div class=\"e-con-inner\">\n\t\t\t\t<div class=\"elementor-element elementor-element-a71a6ab elementor-widget elementor-widget-text-editor\" data-id=\"a71a6ab\" data-element_type=\"widget\" data-e-type=\"widget\" data-widget_type=\"text-editor.default\">\n\t\t\t\t\t\t\t\t\t<p>En Engranajes Ureta somos expertos en la fabricaci\u00f3n de engranajes con materiales de vanguardia para los sectores de aeron\u00e1utica y defensa.<\/p>\t\t\t\t\t\t\t\t<\/div>\n\t\t\t\t\t<\/div>\n\t\t\t\t<\/div>\n\t\t<div class=\"elementor-element elementor-element-84947ff animated-fast e-flex e-con-boxed elementor-invisible e-con e-parent\" data-id=\"84947ff\" data-element_type=\"container\" data-e-type=\"container\" data-settings=\"{&quot;animation&quot;:&quot;slideInUp&quot;}\">\n\t\t\t\t\t<div class=\"e-con-inner\">\n\t\t<div class=\"elementor-element elementor-element-5920548 e-con-full e-flex e-con e-parent\" data-id=\"5920548\" data-element_type=\"container\" data-e-type=\"container\">\n\t\t\t\t<div class=\"elementor-element elementor-element-735f2a8 gallery-spacing-custom elementor-widget elementor-widget-image-gallery\" data-id=\"735f2a8\" data-element_type=\"widget\" data-e-type=\"widget\" data-widget_type=\"image-gallery.default\">\n\t\t\t\t\t\t\t<div class=\"elementor-image-gallery\">\n\t\t\t<div id='gallery-1' class='gallery galleryid-658 gallery-columns-3 gallery-size-full'><figure class='gallery-item'>\n\t\t\t<div class='gallery-icon landscape'>\n\t\t\t\t<a data-elementor-open-lightbox=\"yes\" data-elementor-lightbox-slideshow=\"735f2a8\" data-elementor-lightbox-title=\"6 aeronautica\" data-elementor-lightbox-description=\"6 aeronautica\" data-e-action-hash=\"#elementor-action%3Aaction%3Dlightbox%26settings%3DeyJpZCI6NjY0LCJ1cmwiOiJodHRwczpcL1wvd3d3LmVuZy11cmV0YS5jb21cL3dwLWNvbnRlbnRcL3VwbG9hZHNcLzIwMjNcLzA4XC82LWFlcm9uYXV0aWNhLmpwZyIsInNsaWRlc2hvdyI6IjczNWYyYTgifQ%3D%3D\" href='https:\/\/www.eng-ureta.com\/wp-content\/uploads\/2023\/08\/6-aeronautica.jpg'><img fetchpriority=\"high\" decoding=\"async\" width=\"1000\" height=\"667\" src=\"https:\/\/www.eng-ureta.com\/wp-content\/uploads\/2023\/08\/6-aeronautica.jpg\" class=\"attachment-full size-full\" alt=\"6 aeronautica\" aria-describedby=\"gallery-1-664\" srcset=\"https:\/\/www.eng-ureta.com\/wp-content\/uploads\/2023\/08\/6-aeronautica.jpg 1000w, https:\/\/www.eng-ureta.com\/wp-content\/uploads\/2023\/08\/6-aeronautica-300x200.jpg 300w, https:\/\/www.eng-ureta.com\/wp-content\/uploads\/2023\/08\/6-aeronautica-768x512.jpg 768w\" sizes=\"(max-width: 1000px) 100vw, 1000px\" loading=\"eager\" \/><\/a>\n\t\t\t<\/div>\n\t\t\t\t<figcaption class='wp-caption-text gallery-caption' id='gallery-1-664'>\n\t\t\t\t6 aeronautica\n\t\t\t\t<\/figcaption><\/figure><figure class='gallery-item'>\n\t\t\t<div class='gallery-icon landscape'>\n\t\t\t\t<a data-elementor-open-lightbox=\"yes\" data-elementor-lightbox-slideshow=\"735f2a8\" data-elementor-lightbox-title=\"5 aeronautica\" data-elementor-lightbox-description=\"5 aeronautica\" data-e-action-hash=\"#elementor-action%3Aaction%3Dlightbox%26settings%3DeyJpZCI6NjY1LCJ1cmwiOiJodHRwczpcL1wvd3d3LmVuZy11cmV0YS5jb21cL3dwLWNvbnRlbnRcL3VwbG9hZHNcLzIwMjNcLzA4XC81LWFlcm9uYXV0aWNhLmpwZyIsInNsaWRlc2hvdyI6IjczNWYyYTgifQ%3D%3D\" href='https:\/\/www.eng-ureta.com\/wp-content\/uploads\/2023\/08\/5-aeronautica.jpg'><img decoding=\"async\" width=\"1000\" height=\"667\" src=\"https:\/\/www.eng-ureta.com\/wp-content\/uploads\/2023\/08\/5-aeronautica.jpg\" class=\"attachment-full size-full\" alt=\"5 aeronautica\" aria-describedby=\"gallery-1-665\" srcset=\"https:\/\/www.eng-ureta.com\/wp-content\/uploads\/2023\/08\/5-aeronautica.jpg 1000w, https:\/\/www.eng-ureta.com\/wp-content\/uploads\/2023\/08\/5-aeronautica-300x200.jpg 300w, https:\/\/www.eng-ureta.com\/wp-content\/uploads\/2023\/08\/5-aeronautica-768x512.jpg 768w\" sizes=\"(max-width: 1000px) 100vw, 1000px\" loading=\"eager\" \/><\/a>\n\t\t\t<\/div>\n\t\t\t\t<figcaption class='wp-caption-text gallery-caption' id='gallery-1-665'>\n\t\t\t\t5 aeronautica\n\t\t\t\t<\/figcaption><\/figure><figure class='gallery-item'>\n\t\t\t<div class='gallery-icon landscape'>\n\t\t\t\t<a data-elementor-open-lightbox=\"yes\" data-elementor-lightbox-slideshow=\"735f2a8\" data-elementor-lightbox-title=\"4 aeronautica\" data-elementor-lightbox-description=\"4 aeronautica\" data-e-action-hash=\"#elementor-action%3Aaction%3Dlightbox%26settings%3DeyJpZCI6NjY2LCJ1cmwiOiJodHRwczpcL1wvd3d3LmVuZy11cmV0YS5jb21cL3dwLWNvbnRlbnRcL3VwbG9hZHNcLzIwMjNcLzA4XC80LWFlcm9uYXV0aWNhLmpwZyIsInNsaWRlc2hvdyI6IjczNWYyYTgifQ%3D%3D\" href='https:\/\/www.eng-ureta.com\/wp-content\/uploads\/2023\/08\/4-aeronautica.jpg'><img decoding=\"async\" width=\"1000\" height=\"667\" src=\"https:\/\/www.eng-ureta.com\/wp-content\/uploads\/2023\/08\/4-aeronautica.jpg\" class=\"attachment-full size-full\" alt=\"4 aeronautica\" aria-describedby=\"gallery-1-666\" srcset=\"https:\/\/www.eng-ureta.com\/wp-content\/uploads\/2023\/08\/4-aeronautica.jpg 1000w, https:\/\/www.eng-ureta.com\/wp-content\/uploads\/2023\/08\/4-aeronautica-300x200.jpg 300w, https:\/\/www.eng-ureta.com\/wp-content\/uploads\/2023\/08\/4-aeronautica-768x512.jpg 768w\" sizes=\"(max-width: 1000px) 100vw, 1000px\" loading=\"eager\" \/><\/a>\n\t\t\t<\/div>\n\t\t\t\t<figcaption class='wp-caption-text gallery-caption' id='gallery-1-666'>\n\t\t\t\t4 aeronautica\n\t\t\t\t<\/figcaption><\/figure><figure class='gallery-item'>\n\t\t\t<div class='gallery-icon landscape'>\n\t\t\t\t<a data-elementor-open-lightbox=\"yes\" data-elementor-lightbox-slideshow=\"735f2a8\" data-elementor-lightbox-title=\"3 aeronautica\" data-elementor-lightbox-description=\"3 aeronautica\" data-e-action-hash=\"#elementor-action%3Aaction%3Dlightbox%26settings%3DeyJpZCI6NjY3LCJ1cmwiOiJodHRwczpcL1wvd3d3LmVuZy11cmV0YS5jb21cL3dwLWNvbnRlbnRcL3VwbG9hZHNcLzIwMjNcLzA4XC8zLWFlcm9uYXV0aWNhLmpwZyIsInNsaWRlc2hvdyI6IjczNWYyYTgifQ%3D%3D\" href='https:\/\/www.eng-ureta.com\/wp-content\/uploads\/2023\/08\/3-aeronautica.jpg'><img decoding=\"async\" width=\"1000\" height=\"667\" src=\"https:\/\/www.eng-ureta.com\/wp-content\/uploads\/2023\/08\/3-aeronautica.jpg\" class=\"attachment-full size-full\" alt=\"3 aeronautica\" aria-describedby=\"gallery-1-667\" srcset=\"https:\/\/www.eng-ureta.com\/wp-content\/uploads\/2023\/08\/3-aeronautica.jpg 1000w, https:\/\/www.eng-ureta.com\/wp-content\/uploads\/2023\/08\/3-aeronautica-300x200.jpg 300w, https:\/\/www.eng-ureta.com\/wp-content\/uploads\/2023\/08\/3-aeronautica-768x512.jpg 768w\" sizes=\"(max-width: 1000px) 100vw, 1000px\" loading=\"eager\" \/><\/a>\n\t\t\t<\/div>\n\t\t\t\t<figcaption class='wp-caption-text gallery-caption' id='gallery-1-667'>\n\t\t\t\t3 aeronautica\n\t\t\t\t<\/figcaption><\/figure><figure class='gallery-item'>\n\t\t\t<div class='gallery-icon landscape'>\n\t\t\t\t<a data-elementor-open-lightbox=\"yes\" data-elementor-lightbox-slideshow=\"735f2a8\" data-elementor-lightbox-title=\"2 aeronautica\" data-elementor-lightbox-description=\"2 aeronautica\" data-e-action-hash=\"#elementor-action%3Aaction%3Dlightbox%26settings%3DeyJpZCI6NjY4LCJ1cmwiOiJodHRwczpcL1wvd3d3LmVuZy11cmV0YS5jb21cL3dwLWNvbnRlbnRcL3VwbG9hZHNcLzIwMjNcLzA4XC8yLWFlcm9uYXV0aWNhLmpwZyIsInNsaWRlc2hvdyI6IjczNWYyYTgifQ%3D%3D\" href='https:\/\/www.eng-ureta.com\/wp-content\/uploads\/2023\/08\/2-aeronautica.jpg'><img decoding=\"async\" width=\"1000\" height=\"667\" src=\"https:\/\/www.eng-ureta.com\/wp-content\/uploads\/2023\/08\/2-aeronautica.jpg\" class=\"attachment-full size-full\" alt=\"2 aeronautica\" aria-describedby=\"gallery-1-668\" srcset=\"https:\/\/www.eng-ureta.com\/wp-content\/uploads\/2023\/08\/2-aeronautica.jpg 1000w, https:\/\/www.eng-ureta.com\/wp-content\/uploads\/2023\/08\/2-aeronautica-300x200.jpg 300w, https:\/\/www.eng-ureta.com\/wp-content\/uploads\/2023\/08\/2-aeronautica-768x512.jpg 768w\" sizes=\"(max-width: 1000px) 100vw, 1000px\" loading=\"eager\" \/><\/a>\n\t\t\t<\/div>\n\t\t\t\t<figcaption class='wp-caption-text gallery-caption' id='gallery-1-668'>\n\t\t\t\t2 aeronautica\n\t\t\t\t<\/figcaption><\/figure><figure class='gallery-item'>\n\t\t\t<div class='gallery-icon landscape'>\n\t\t\t\t<a data-elementor-open-lightbox=\"yes\" data-elementor-lightbox-slideshow=\"735f2a8\" data-elementor-lightbox-title=\"1 aeronautica\" data-elementor-lightbox-description=\"1 aeronautica\" data-e-action-hash=\"#elementor-action%3Aaction%3Dlightbox%26settings%3DeyJpZCI6NjY5LCJ1cmwiOiJodHRwczpcL1wvd3d3LmVuZy11cmV0YS5jb21cL3dwLWNvbnRlbnRcL3VwbG9hZHNcLzIwMjNcLzA4XC8xLWFlcm9uYXV0aWNhLmpwZyIsInNsaWRlc2hvdyI6IjczNWYyYTgifQ%3D%3D\" href='https:\/\/www.eng-ureta.com\/wp-content\/uploads\/2023\/08\/1-aeronautica.jpg'><img decoding=\"async\" width=\"1000\" height=\"667\" src=\"https:\/\/www.eng-ureta.com\/wp-content\/uploads\/2023\/08\/1-aeronautica.jpg\" class=\"attachment-full size-full\" alt=\"1 aeronautica\" aria-describedby=\"gallery-1-669\" srcset=\"https:\/\/www.eng-ureta.com\/wp-content\/uploads\/2023\/08\/1-aeronautica.jpg 1000w, https:\/\/www.eng-ureta.com\/wp-content\/uploads\/2023\/08\/1-aeronautica-300x200.jpg 300w, https:\/\/www.eng-ureta.com\/wp-content\/uploads\/2023\/08\/1-aeronautica-768x512.jpg 768w\" sizes=\"(max-width: 1000px) 100vw, 1000px\" loading=\"eager\" \/><\/a>\n\t\t\t<\/div>\n\t\t\t\t<figcaption class='wp-caption-text gallery-caption' id='gallery-1-669'>\n\t\t\t\t1 aeronautica\n\t\t\t\t<\/figcaption><\/figure><figure class='gallery-item'>\n\t\t\t<div class='gallery-icon landscape'>\n\t\t\t\t<a data-elementor-open-lightbox=\"yes\" data-elementor-lightbox-slideshow=\"735f2a8\" data-elementor-lightbox-title=\"9 aeronautica\" data-elementor-lightbox-description=\"9 aeronautica\" data-e-action-hash=\"#elementor-action%3Aaction%3Dlightbox%26settings%3DeyJpZCI6NjcwLCJ1cmwiOiJodHRwczpcL1wvd3d3LmVuZy11cmV0YS5jb21cL3dwLWNvbnRlbnRcL3VwbG9hZHNcLzIwMjNcLzA4XC85LWFlcm9uYXV0aWNhLmpwZyIsInNsaWRlc2hvdyI6IjczNWYyYTgifQ%3D%3D\" href='https:\/\/www.eng-ureta.com\/wp-content\/uploads\/2023\/08\/9-aeronautica.jpg'><img decoding=\"async\" width=\"1000\" height=\"667\" src=\"https:\/\/www.eng-ureta.com\/wp-content\/uploads\/2023\/08\/9-aeronautica.jpg\" class=\"attachment-full size-full\" alt=\"9 aeronautica\" aria-describedby=\"gallery-1-670\" srcset=\"https:\/\/www.eng-ureta.com\/wp-content\/uploads\/2023\/08\/9-aeronautica.jpg 1000w, https:\/\/www.eng-ureta.com\/wp-content\/uploads\/2023\/08\/9-aeronautica-300x200.jpg 300w, https:\/\/www.eng-ureta.com\/wp-content\/uploads\/2023\/08\/9-aeronautica-768x512.jpg 768w\" sizes=\"(max-width: 1000px) 100vw, 1000px\" loading=\"eager\" \/><\/a>\n\t\t\t<\/div>\n\t\t\t\t<figcaption class='wp-caption-text gallery-caption' id='gallery-1-670'>\n\t\t\t\t9 aeronautica\n\t\t\t\t<\/figcaption><\/figure><figure class='gallery-item'>\n\t\t\t<div class='gallery-icon landscape'>\n\t\t\t\t<a data-elementor-open-lightbox=\"yes\" data-elementor-lightbox-slideshow=\"735f2a8\" data-elementor-lightbox-title=\"8 aeronautica\" data-elementor-lightbox-description=\"8 aeronautica\" data-e-action-hash=\"#elementor-action%3Aaction%3Dlightbox%26settings%3DeyJpZCI6NjcxLCJ1cmwiOiJodHRwczpcL1wvd3d3LmVuZy11cmV0YS5jb21cL3dwLWNvbnRlbnRcL3VwbG9hZHNcLzIwMjNcLzA4XC84LWFlcm9uYXV0aWNhLmpwZyIsInNsaWRlc2hvdyI6IjczNWYyYTgifQ%3D%3D\" href='https:\/\/www.eng-ureta.com\/wp-content\/uploads\/2023\/08\/8-aeronautica.jpg'><img decoding=\"async\" width=\"1000\" height=\"667\" src=\"https:\/\/www.eng-ureta.com\/wp-content\/uploads\/2023\/08\/8-aeronautica.jpg\" class=\"attachment-full size-full\" alt=\"8 aeronautica\" aria-describedby=\"gallery-1-671\" srcset=\"https:\/\/www.eng-ureta.com\/wp-content\/uploads\/2023\/08\/8-aeronautica.jpg 1000w, https:\/\/www.eng-ureta.com\/wp-content\/uploads\/2023\/08\/8-aeronautica-300x200.jpg 300w, https:\/\/www.eng-ureta.com\/wp-content\/uploads\/2023\/08\/8-aeronautica-768x512.jpg 768w\" sizes=\"(max-width: 1000px) 100vw, 1000px\" loading=\"eager\" \/><\/a>\n\t\t\t<\/div>\n\t\t\t\t<figcaption class='wp-caption-text gallery-caption' id='gallery-1-671'>\n\t\t\t\t8 aeronautica\n\t\t\t\t<\/figcaption><\/figure><figure class='gallery-item'>\n\t\t\t<div class='gallery-icon landscape'>\n\t\t\t\t<a data-elementor-open-lightbox=\"yes\" data-elementor-lightbox-slideshow=\"735f2a8\" data-elementor-lightbox-title=\"7 aeronautica\" data-elementor-lightbox-description=\"7 aeronautica\" data-e-action-hash=\"#elementor-action%3Aaction%3Dlightbox%26settings%3DeyJpZCI6NjcyLCJ1cmwiOiJodHRwczpcL1wvd3d3LmVuZy11cmV0YS5jb21cL3dwLWNvbnRlbnRcL3VwbG9hZHNcLzIwMjNcLzA4XC83LWFlcm9uYXV0aWNhLmpwZyIsInNsaWRlc2hvdyI6IjczNWYyYTgifQ%3D%3D\" href='https:\/\/www.eng-ureta.com\/wp-content\/uploads\/2023\/08\/7-aeronautica.jpg'><img decoding=\"async\" width=\"1000\" height=\"667\" src=\"https:\/\/www.eng-ureta.com\/wp-content\/uploads\/2023\/08\/7-aeronautica.jpg\" class=\"attachment-full size-full\" alt=\"7 aeronautica\" aria-describedby=\"gallery-1-672\" srcset=\"https:\/\/www.eng-ureta.com\/wp-content\/uploads\/2023\/08\/7-aeronautica.jpg 1000w, https:\/\/www.eng-ureta.com\/wp-content\/uploads\/2023\/08\/7-aeronautica-300x200.jpg 300w, https:\/\/www.eng-ureta.com\/wp-content\/uploads\/2023\/08\/7-aeronautica-768x512.jpg 768w\" sizes=\"(max-width: 1000px) 100vw, 1000px\" loading=\"eager\" \/><\/a>\n\t\t\t<\/div>\n\t\t\t\t<figcaption class='wp-caption-text gallery-caption' id='gallery-1-672'>\n\t\t\t\t7 aeronautica\n\t\t\t\t<\/figcaption><\/figure>\n\t\t<\/div>\n\t\t<\/div>\n\t\t\t\t\t\t<\/div>\n\t\t\t\t<\/div>\n\t\t\t\t\t<\/div>\n\t\t\t\t<\/div>\n\t\t<div class=\"elementor-element elementor-element-5d8d555 e-flex e-con-boxed e-con e-parent\" data-id=\"5d8d555\" data-element_type=\"container\" data-e-type=\"container\">\n\t\t\t\t\t<div class=\"e-con-inner\">\n\t\t\t\t<div class=\"elementor-element elementor-element-8afcccb elementor-align-center elementor-widget elementor-widget-button\" data-id=\"8afcccb\" data-element_type=\"widget\" data-e-type=\"widget\" data-widget_type=\"button.default\">\n\t\t\t\t\t\t\t\t\t\t<a class=\"elementor-button elementor-button-link elementor-size-sm\" href=\"https:\/\/www.eng-ureta.com\/en\/soluciones\/\">\n\t\t\t\t\t\t<span class=\"elementor-button-content-wrapper\">\n\t\t\t\t\t\t\t\t\t<span class=\"elementor-button-text\">Ver m\u00e1s Soluciones<\/span>\n\t\t\t\t\t<\/span>\n\t\t\t\t\t<\/a>\n\t\t\t\t\t\t\t\t<\/div>\n\t\t\t\t\t<\/div>\n\t\t\t\t<\/div>\n\t\t\t\t<\/div>\n\t\t","protected":false},"excerpt":{"rendered":"<p>AERON\u00c1UTICA DEFENSA Y ESPACIO En Engranajes Ureta somos expertos en la fabricaci\u00f3n de engranajes con materiales de vanguardia para los sectores de aeron\u00e1utica y defensa. Ver m\u00e1s Soluciones<\/p>","protected":false},"author":1,"featured_media":0,"parent":527,"menu_order":0,"comment_status":"closed","ping_status":"closed","template":"","meta":{"_monsterinsights_skip_tracking":false,"_monsterinsights_sitenote_active":false,"_monsterinsights_sitenote_note":"","_monsterinsights_sitenote_category":0,"footnotes":""},"class_list":["post-658","page","type-page","status-publish","hentry"],"yoast_head":"<!-- This site is optimized with the Yoast SEO plugin v27.4 - https:\/\/yoast.com\/product\/yoast-seo-wordpress\/ -->\n<title>Aeron\u00e1utica, Defensa y Espacio - Ureta Precision Gears<\/title>\n<meta name=\"robots\" content=\"index, follow, max-snippet:-1, max-image-preview:large, max-video-preview:-1\" \/>\n<link rel=\"canonical\" href=\"https:\/\/www.eng-ureta.com\/en\/soluciones\/aeronautica-defensa-y-espacio\/\" \/>\n<meta property=\"og:locale\" content=\"en_GB\" \/>\n<meta property=\"og:type\" content=\"article\" \/>\n<meta property=\"og:title\" content=\"Aeron\u00e1utica, Defensa y Espacio - Ureta Precision Gears\" \/>\n<meta property=\"og:description\" content=\"AERON\u00c1UTICA DEFENSA Y ESPACIO En Engranajes Ureta somos expertos en la fabricaci\u00f3n de engranajes con materiales de vanguardia para los sectores de aeron\u00e1utica y defensa. Ver m\u00e1s Soluciones\" \/>\n<meta property=\"og:url\" content=\"https:\/\/www.eng-ureta.com\/en\/soluciones\/aeronautica-defensa-y-espacio\/\" \/>\n<meta property=\"og:site_name\" content=\"Ureta Precision Gears\" \/>\n<meta property=\"article:modified_time\" content=\"2023-09-05T10:00:04+00:00\" \/>\n<meta property=\"og:image\" content=\"http:\/\/www.eng-ureta.com\/wp-content\/uploads\/2023\/08\/6-aeronautica.jpg\" \/>\n<meta name=\"twitter:card\" content=\"summary_large_image\" \/>\n<script type=\"application\/ld+json\" class=\"yoast-schema-graph\">{\"@context\":\"https:\\\/\\\/schema.org\",\"@graph\":[{\"@type\":\"WebPage\",\"@id\":\"https:\\\/\\\/www.eng-ureta.com\\\/soluciones\\\/aeronautica-defensa-y-espacio\\\/\",\"url\":\"https:\\\/\\\/www.eng-ureta.com\\\/soluciones\\\/aeronautica-defensa-y-espacio\\\/\",\"name\":\"Aeron\u00e1utica, Defensa y Espacio - Ureta Precision Gears\",\"isPartOf\":{\"@id\":\"https:\\\/\\\/www.eng-ureta.com\\\/#website\"},\"primaryImageOfPage\":{\"@id\":\"https:\\\/\\\/www.eng-ureta.com\\\/soluciones\\\/aeronautica-defensa-y-espacio\\\/#primaryimage\"},\"image\":{\"@id\":\"https:\\\/\\\/www.eng-ureta.com\\\/soluciones\\\/aeronautica-defensa-y-espacio\\\/#primaryimage\"},\"thumbnailUrl\":\"http:\\\/\\\/www.eng-ureta.com\\\/wp-content\\\/uploads\\\/2023\\\/08\\\/6-aeronautica.jpg\",\"datePublished\":\"2023-08-03T16:50:04+00:00\",\"dateModified\":\"2023-09-05T10:00:04+00:00\",\"breadcrumb\":{\"@id\":\"https:\\\/\\\/www.eng-ureta.com\\\/soluciones\\\/aeronautica-defensa-y-espacio\\\/#breadcrumb\"},\"inLanguage\":\"en-GB\",\"potentialAction\":[{\"@type\":\"ReadAction\",\"target\":[\"https:\\\/\\\/www.eng-ureta.com\\\/soluciones\\\/aeronautica-defensa-y-espacio\\\/\"]}]},{\"@type\":\"ImageObject\",\"inLanguage\":\"en-GB\",\"@id\":\"https:\\\/\\\/www.eng-ureta.com\\\/soluciones\\\/aeronautica-defensa-y-espacio\\\/#primaryimage\",\"url\":\"http:\\\/\\\/www.eng-ureta.com\\\/wp-content\\\/uploads\\\/2023\\\/08\\\/6-aeronautica.jpg\",\"contentUrl\":\"http:\\\/\\\/www.eng-ureta.com\\\/wp-content\\\/uploads\\\/2023\\\/08\\\/6-aeronautica.jpg\"},{\"@type\":\"BreadcrumbList\",\"@id\":\"https:\\\/\\\/www.eng-ureta.com\\\/soluciones\\\/aeronautica-defensa-y-espacio\\\/#breadcrumb\",\"itemListElement\":[{\"@type\":\"ListItem\",\"position\":1,\"name\":\"Portada\",\"item\":\"https:\\\/\\\/www.eng-ureta.com\\\/\"},{\"@type\":\"ListItem\",\"position\":2,\"name\":\"Soluciones\",\"item\":\"https:\\\/\\\/www.eng-ureta.com\\\/soluciones\\\/\"},{\"@type\":\"ListItem\",\"position\":3,\"name\":\"Aeron\u00e1utica, Defensa y Espacio\"}]},{\"@type\":\"WebSite\",\"@id\":\"https:\\\/\\\/www.eng-ureta.com\\\/#website\",\"url\":\"https:\\\/\\\/www.eng-ureta.com\\\/\",\"name\":\"Ureta Precision Gears\",\"description\":\"Especialistas en engranajes de precisi\u00f3n\",\"publisher\":{\"@id\":\"https:\\\/\\\/www.eng-ureta.com\\\/#organization\"},\"potentialAction\":[{\"@type\":\"SearchAction\",\"target\":{\"@type\":\"EntryPoint\",\"urlTemplate\":\"https:\\\/\\\/www.eng-ureta.com\\\/?s={search_term_string}\"},\"query-input\":{\"@type\":\"PropertyValueSpecification\",\"valueRequired\":true,\"valueName\":\"search_term_string\"}}],\"inLanguage\":\"en-GB\"},{\"@type\":\"Organization\",\"@id\":\"https:\\\/\\\/www.eng-ureta.com\\\/#organization\",\"name\":\"Ureta Precision Gears\",\"url\":\"https:\\\/\\\/www.eng-ureta.com\\\/\",\"logo\":{\"@type\":\"ImageObject\",\"inLanguage\":\"en-GB\",\"@id\":\"https:\\\/\\\/www.eng-ureta.com\\\/#\\\/schema\\\/logo\\\/image\\\/\",\"url\":\"https:\\\/\\\/www.eng-ureta.com\\\/wp-content\\\/uploads\\\/2023\\\/05\\\/uretalogotransparente.png\",\"contentUrl\":\"https:\\\/\\\/www.eng-ureta.com\\\/wp-content\\\/uploads\\\/2023\\\/05\\\/uretalogotransparente.png\",\"width\":1280,\"height\":299,\"caption\":\"Ureta Precision Gears\"},\"image\":{\"@id\":\"https:\\\/\\\/www.eng-ureta.com\\\/#\\\/schema\\\/logo\\\/image\\\/\"},\"sameAs\":[\"https:\\\/\\\/es.linkedin.com\\\/company\\\/ureta-precision-gears\"]}]}<\/script>\n<!-- \/ Yoast SEO plugin. -->","yoast_head_json":{"title":"Aeron\u00e1utica, Defensa y Espacio - Ureta Precision Gears","robots":{"index":"index","follow":"follow","max-snippet":"max-snippet:-1","max-image-preview":"max-image-preview:large","max-video-preview":"max-video-preview:-1"},"canonical":"https:\/\/www.eng-ureta.com\/en\/soluciones\/aeronautica-defensa-y-espacio\/","og_locale":"en_GB","og_type":"article","og_title":"Aeron\u00e1utica, Defensa y Espacio - Ureta Precision Gears","og_description":"AERON\u00c1UTICA DEFENSA Y ESPACIO En Engranajes Ureta somos expertos en la fabricaci\u00f3n de engranajes con materiales de vanguardia para los sectores de aeron\u00e1utica y defensa. Ver m\u00e1s Soluciones","og_url":"https:\/\/www.eng-ureta.com\/en\/soluciones\/aeronautica-defensa-y-espacio\/","og_site_name":"Ureta Precision Gears","article_modified_time":"2023-09-05T10:00:04+00:00","og_image":[{"url":"http:\/\/www.eng-ureta.com\/wp-content\/uploads\/2023\/08\/6-aeronautica.jpg","type":"","width":"","height":""}],"twitter_card":"summary_large_image","schema":{"@context":"https:\/\/schema.org","@graph":[{"@type":"WebPage","@id":"https:\/\/www.eng-ureta.com\/soluciones\/aeronautica-defensa-y-espacio\/","url":"https:\/\/www.eng-ureta.com\/soluciones\/aeronautica-defensa-y-espacio\/","name":"Aeron\u00e1utica, Defensa y Espacio - Ureta Precision Gears","isPartOf":{"@id":"https:\/\/www.eng-ureta.com\/#website"},"primaryImageOfPage":{"@id":"https:\/\/www.eng-ureta.com\/soluciones\/aeronautica-defensa-y-espacio\/#primaryimage"},"image":{"@id":"https:\/\/www.eng-ureta.com\/soluciones\/aeronautica-defensa-y-espacio\/#primaryimage"},"thumbnailUrl":"http:\/\/www.eng-ureta.com\/wp-content\/uploads\/2023\/08\/6-aeronautica.jpg","datePublished":"2023-08-03T16:50:04+00:00","dateModified":"2023-09-05T10:00:04+00:00","breadcrumb":{"@id":"https:\/\/www.eng-ureta.com\/soluciones\/aeronautica-defensa-y-espacio\/#breadcrumb"},"inLanguage":"en-GB","potentialAction":[{"@type":"ReadAction","target":["https:\/\/www.eng-ureta.com\/soluciones\/aeronautica-defensa-y-espacio\/"]}]},{"@type":"ImageObject","inLanguage":"en-GB","@id":"https:\/\/www.eng-ureta.com\/soluciones\/aeronautica-defensa-y-espacio\/#primaryimage","url":"http:\/\/www.eng-ureta.com\/wp-content\/uploads\/2023\/08\/6-aeronautica.jpg","contentUrl":"http:\/\/www.eng-ureta.com\/wp-content\/uploads\/2023\/08\/6-aeronautica.jpg"},{"@type":"BreadcrumbList","@id":"https:\/\/www.eng-ureta.com\/soluciones\/aeronautica-defensa-y-espacio\/#breadcrumb","itemListElement":[{"@type":"ListItem","position":1,"name":"Portada","item":"https:\/\/www.eng-ureta.com\/"},{"@type":"ListItem","position":2,"name":"Soluciones","item":"https:\/\/www.eng-ureta.com\/soluciones\/"},{"@type":"ListItem","position":3,"name":"Aeron\u00e1utica, Defensa y Espacio"}]},{"@type":"WebSite","@id":"https:\/\/www.eng-ureta.com\/#website","url":"https:\/\/www.eng-ureta.com\/","name":"Ureta Precision Gears","description":"Especialistas en engranajes de precisi\u00f3n","publisher":{"@id":"https:\/\/www.eng-ureta.com\/#organization"},"potentialAction":[{"@type":"SearchAction","target":{"@type":"EntryPoint","urlTemplate":"https:\/\/www.eng-ureta.com\/?s={search_term_string}"},"query-input":{"@type":"PropertyValueSpecification","valueRequired":true,"valueName":"search_term_string"}}],"inLanguage":"en-GB"},{"@type":"Organization","@id":"https:\/\/www.eng-ureta.com\/#organization","name":"Ureta Precision Gears","url":"https:\/\/www.eng-ureta.com\/","logo":{"@type":"ImageObject","inLanguage":"en-GB","@id":"https:\/\/www.eng-ureta.com\/#\/schema\/logo\/image\/","url":"https:\/\/www.eng-ureta.com\/wp-content\/uploads\/2023\/05\/uretalogotransparente.png","contentUrl":"https:\/\/www.eng-ureta.com\/wp-content\/uploads\/2023\/05\/uretalogotransparente.png","width":1280,"height":299,"caption":"Ureta Precision Gears"},"image":{"@id":"https:\/\/www.eng-ureta.com\/#\/schema\/logo\/image\/"},"sameAs":["https:\/\/es.linkedin.com\/company\/ureta-precision-gears"]}]}},"_links":{"self":[{"href":"https:\/\/www.eng-ureta.com\/en\/wp-json\/wp\/v2\/pages\/658","targetHints":{"allow":["GET"]}}],"collection":[{"href":"https:\/\/www.eng-ureta.com\/en\/wp-json\/wp\/v2\/pages"}],"about":[{"href":"https:\/\/www.eng-ureta.com\/en\/wp-json\/wp\/v2\/types\/page"}],"author":[{"embeddable":true,"href":"https:\/\/www.eng-ureta.com\/en\/wp-json\/wp\/v2\/users\/1"}],"replies":[{"embeddable":true,"href":"https:\/\/www.eng-ureta.com\/en\/wp-json\/wp\/v2\/comments?post=658"}],"version-history":[{"count":0,"href":"https:\/\/www.eng-ureta.com\/en\/wp-json\/wp\/v2\/pages\/658\/revisions"}],"up":[{"embeddable":true,"href":"https:\/\/www.eng-ureta.com\/en\/wp-json\/wp\/v2\/pages\/527"}],"wp:attachment":[{"href":"https:\/\/www.eng-ureta.com\/en\/wp-json\/wp\/v2\/media?parent=658"}],"curies":[{"name":"wp","href":"https:\/\/api.w.org\/{rel}","templated":true}]}}