{"id":805,"date":"2023-08-04T09:20:06","date_gmt":"2023-08-04T09:20:06","guid":{"rendered":"http:\/\/www.eng-ureta.com\/?page_id=805"},"modified":"2023-08-29T09:11:56","modified_gmt":"2023-08-29T09:11:56","slug":"grupo-sinfin-corona","status":"publish","type":"page","link":"https:\/\/www.eng-ureta.com\/en\/soluciones\/grupo-sinfin-corona\/","title":{"rendered":"Worm-gear &amp; Crown couple"},"content":{"rendered":"\t\t<div data-elementor-type=\"wp-page\" data-elementor-id=\"805\" class=\"elementor elementor-805\" data-elementor-post-type=\"page\">\n\t\t\t\t<div class=\"elementor-element elementor-element-793aab0 e-flex e-con-boxed e-con e-parent\" data-id=\"793aab0\" data-element_type=\"container\" data-e-type=\"container\">\n\t\t\t\t\t<div class=\"e-con-inner\">\n\t\t\t\t<div class=\"elementor-element elementor-element-a041ab9 elementor-widget elementor-widget-heading\" data-id=\"a041ab9\" data-element_type=\"widget\" data-e-type=\"widget\" data-widget_type=\"heading.default\">\n\t\t\t\t\t<h2 class=\"elementor-heading-title elementor-size-default\">GRUPO<\/h2>\t\t\t\t<\/div>\n\t\t\t\t\t<\/div>\n\t\t\t\t<\/div>\n\t\t<div class=\"elementor-element elementor-element-0a5e2cc animated-fast e-flex e-con-boxed elementor-invisible e-con e-parent\" data-id=\"0a5e2cc\" data-element_type=\"container\" data-e-type=\"container\" data-settings=\"{&quot;background_background&quot;:&quot;classic&quot;,&quot;animation&quot;:&quot;slideInUp&quot;,&quot;background_motion_fx_motion_fx_scrolling&quot;:&quot;yes&quot;,&quot;background_motion_fx_blur_effect&quot;:&quot;yes&quot;,&quot;background_motion_fx_blur_direction&quot;:&quot;in-out&quot;,&quot;background_motion_fx_blur_range&quot;:{&quot;unit&quot;:&quot;%&quot;,&quot;size&quot;:&quot;&quot;,&quot;sizes&quot;:{&quot;start&quot;:25,&quot;end&quot;:70}},&quot;background_motion_fx_blur_level&quot;:{&quot;unit&quot;:&quot;px&quot;,&quot;size&quot;:7,&quot;sizes&quot;:[]},&quot;background_motion_fx_devices&quot;:[&quot;desktop&quot;,&quot;tablet&quot;,&quot;mobile&quot;]}\">\n\t\t\t\t\t<div class=\"e-con-inner\">\n\t\t\t\t<div class=\"elementor-element elementor-element-4e240fc elementor-widget elementor-widget-heading\" data-id=\"4e240fc\" data-element_type=\"widget\" data-e-type=\"widget\" data-widget_type=\"heading.default\">\n\t\t\t\t\t<h2 class=\"elementor-heading-title elementor-size-default\">SINF\u00cdN CORONA<\/h2>\t\t\t\t<\/div>\n\t\t\t\t\t<\/div>\n\t\t\t\t<\/div>\n\t\t<div class=\"elementor-element elementor-element-7257d4d animated-fast e-flex e-con-boxed elementor-invisible e-con e-parent\" data-id=\"7257d4d\" data-element_type=\"container\" data-e-type=\"container\" data-settings=\"{&quot;animation&quot;:&quot;slideInUp&quot;}\">\n\t\t\t\t\t<div class=\"e-con-inner\">\n\t\t<div class=\"elementor-element elementor-element-50a9c5d e-con-full e-flex e-con e-parent\" data-id=\"50a9c5d\" data-element_type=\"container\" data-e-type=\"container\">\n\t\t<div class=\"elementor-element elementor-element-7e94a2b e-con-full e-flex e-con e-parent\" data-id=\"7e94a2b\" data-element_type=\"container\" data-e-type=\"container\">\n\t\t\t\t<div class=\"elementor-element elementor-element-b7b5b65 gallery-spacing-custom elementor-widget elementor-widget-image-gallery\" data-id=\"b7b5b65\" data-element_type=\"widget\" data-e-type=\"widget\" data-widget_type=\"image-gallery.default\">\n\t\t\t\t\t\t\t<div class=\"elementor-image-gallery\">\n\t\t\t<div id='gallery-1' class='gallery galleryid-805 gallery-columns-1 gallery-size-full'><figure class='gallery-item'>\n\t\t\t<div class='gallery-icon landscape'>\n\t\t\t\t<img fetchpriority=\"high\" decoding=\"async\" width=\"712\" height=\"188\" src=\"https:\/\/www.eng-ureta.com\/wp-content\/uploads\/2023\/08\/SCR-20230804-khow.png\" class=\"attachment-full size-full\" alt=\"SCR 20230804 khow\" aria-describedby=\"gallery-1-811\" srcset=\"https:\/\/www.eng-ureta.com\/wp-content\/uploads\/2023\/08\/SCR-20230804-khow.png 712w, https:\/\/www.eng-ureta.com\/wp-content\/uploads\/2023\/08\/SCR-20230804-khow-300x79.png 300w\" sizes=\"(max-width: 712px) 100vw, 712px\" loading=\"eager\" \/>\n\t\t\t<\/div>\n\t\t\t\t<figcaption class='wp-caption-text gallery-caption' id='gallery-1-811'>\n\t\t\t\tSCR 20230804 khow\n\t\t\t\t<\/figcaption><\/figure>\n\t\t<\/div>\n\t\t<\/div>\n\t\t\t\t\t\t<\/div>\n\t\t\t\t<\/div>\n\t\t<div class=\"elementor-element elementor-element-9d5629b e-con-full e-flex e-con e-parent\" data-id=\"9d5629b\" data-element_type=\"container\" data-e-type=\"container\">\n\t\t\t\t<div class=\"elementor-element elementor-element-ed0ba18 gallery-spacing-custom elementor-widget elementor-widget-image-gallery\" data-id=\"ed0ba18\" data-element_type=\"widget\" data-e-type=\"widget\" data-widget_type=\"image-gallery.default\">\n\t\t\t\t\t\t\t<div class=\"elementor-image-gallery\">\n\t\t\t<div id='gallery-2' class='gallery galleryid-805 gallery-columns-2 gallery-size-full'><figure class='gallery-item'>\n\t\t\t<div class='gallery-icon landscape'>\n\t\t\t\t<a data-elementor-open-lightbox=\"yes\" data-elementor-lightbox-slideshow=\"ed0ba18\" data-elementor-lightbox-title=\"4 sinfin\" data-elementor-lightbox-description=\"4 sinfin\" data-e-action-hash=\"#elementor-action%3Aaction%3Dlightbox%26settings%3DeyJpZCI6ODEyLCJ1cmwiOiJodHRwczpcL1wvd3d3LmVuZy11cmV0YS5jb21cL3dwLWNvbnRlbnRcL3VwbG9hZHNcLzIwMjNcLzA4XC80LXNpbmZpbi5qcGciLCJzbGlkZXNob3ciOiJlZDBiYTE4In0%3D\" href='https:\/\/www.eng-ureta.com\/wp-content\/uploads\/2023\/08\/4-sinfin.jpg'><img decoding=\"async\" width=\"1000\" height=\"667\" src=\"https:\/\/www.eng-ureta.com\/wp-content\/uploads\/2023\/08\/4-sinfin.jpg\" class=\"attachment-full size-full\" alt=\"4 sinfin\" aria-describedby=\"gallery-2-812\" srcset=\"https:\/\/www.eng-ureta.com\/wp-content\/uploads\/2023\/08\/4-sinfin.jpg 1000w, https:\/\/www.eng-ureta.com\/wp-content\/uploads\/2023\/08\/4-sinfin-300x200.jpg 300w, https:\/\/www.eng-ureta.com\/wp-content\/uploads\/2023\/08\/4-sinfin-768x512.jpg 768w\" sizes=\"(max-width: 1000px) 100vw, 1000px\" loading=\"eager\" \/><\/a>\n\t\t\t<\/div>\n\t\t\t\t<figcaption class='wp-caption-text gallery-caption' id='gallery-2-812'>\n\t\t\t\t4 sinfin\n\t\t\t\t<\/figcaption><\/figure><figure class='gallery-item'>\n\t\t\t<div class='gallery-icon landscape'>\n\t\t\t\t<a data-elementor-open-lightbox=\"yes\" data-elementor-lightbox-slideshow=\"ed0ba18\" data-elementor-lightbox-title=\"3 sinfin\" data-elementor-lightbox-description=\"3 sinfin\" data-e-action-hash=\"#elementor-action%3Aaction%3Dlightbox%26settings%3DeyJpZCI6ODEzLCJ1cmwiOiJodHRwczpcL1wvd3d3LmVuZy11cmV0YS5jb21cL3dwLWNvbnRlbnRcL3VwbG9hZHNcLzIwMjNcLzA4XC8zLXNpbmZpbi5qcGciLCJzbGlkZXNob3ciOiJlZDBiYTE4In0%3D\" href='https:\/\/www.eng-ureta.com\/wp-content\/uploads\/2023\/08\/3-sinfin.jpg'><img decoding=\"async\" width=\"1000\" height=\"667\" src=\"https:\/\/www.eng-ureta.com\/wp-content\/uploads\/2023\/08\/3-sinfin.jpg\" class=\"attachment-full size-full\" alt=\"3 sinfin\" aria-describedby=\"gallery-2-813\" srcset=\"https:\/\/www.eng-ureta.com\/wp-content\/uploads\/2023\/08\/3-sinfin.jpg 1000w, https:\/\/www.eng-ureta.com\/wp-content\/uploads\/2023\/08\/3-sinfin-300x200.jpg 300w, https:\/\/www.eng-ureta.com\/wp-content\/uploads\/2023\/08\/3-sinfin-768x512.jpg 768w\" sizes=\"(max-width: 1000px) 100vw, 1000px\" loading=\"eager\" \/><\/a>\n\t\t\t<\/div>\n\t\t\t\t<figcaption class='wp-caption-text gallery-caption' id='gallery-2-813'>\n\t\t\t\t3 sinfin\n\t\t\t\t<\/figcaption><\/figure><figure class='gallery-item'>\n\t\t\t<div class='gallery-icon landscape'>\n\t\t\t\t<a data-elementor-open-lightbox=\"yes\" data-elementor-lightbox-slideshow=\"ed0ba18\" data-elementor-lightbox-title=\"2 sinfin\" data-elementor-lightbox-description=\"2 sinfin\" data-e-action-hash=\"#elementor-action%3Aaction%3Dlightbox%26settings%3DeyJpZCI6ODE0LCJ1cmwiOiJodHRwczpcL1wvd3d3LmVuZy11cmV0YS5jb21cL3dwLWNvbnRlbnRcL3VwbG9hZHNcLzIwMjNcLzA4XC8yLXNpbmZpbi5qcGciLCJzbGlkZXNob3ciOiJlZDBiYTE4In0%3D\" href='https:\/\/www.eng-ureta.com\/wp-content\/uploads\/2023\/08\/2-sinfin.jpg'><img decoding=\"async\" width=\"1000\" height=\"667\" src=\"https:\/\/www.eng-ureta.com\/wp-content\/uploads\/2023\/08\/2-sinfin.jpg\" class=\"attachment-full size-full\" alt=\"2 sinfin\" aria-describedby=\"gallery-2-814\" srcset=\"https:\/\/www.eng-ureta.com\/wp-content\/uploads\/2023\/08\/2-sinfin.jpg 1000w, https:\/\/www.eng-ureta.com\/wp-content\/uploads\/2023\/08\/2-sinfin-300x200.jpg 300w, https:\/\/www.eng-ureta.com\/wp-content\/uploads\/2023\/08\/2-sinfin-768x512.jpg 768w\" sizes=\"(max-width: 1000px) 100vw, 1000px\" loading=\"eager\" \/><\/a>\n\t\t\t<\/div>\n\t\t\t\t<figcaption class='wp-caption-text gallery-caption' id='gallery-2-814'>\n\t\t\t\t2 sinfin\n\t\t\t\t<\/figcaption><\/figure><figure class='gallery-item'>\n\t\t\t<div class='gallery-icon landscape'>\n\t\t\t\t<a data-elementor-open-lightbox=\"yes\" data-elementor-lightbox-slideshow=\"ed0ba18\" data-elementor-lightbox-title=\"1 sinfin\" data-elementor-lightbox-description=\"1 sinfin\" data-e-action-hash=\"#elementor-action%3Aaction%3Dlightbox%26settings%3DeyJpZCI6ODE1LCJ1cmwiOiJodHRwczpcL1wvd3d3LmVuZy11cmV0YS5jb21cL3dwLWNvbnRlbnRcL3VwbG9hZHNcLzIwMjNcLzA4XC8xLXNpbmZpbi5qcGciLCJzbGlkZXNob3ciOiJlZDBiYTE4In0%3D\" href='https:\/\/www.eng-ureta.com\/wp-content\/uploads\/2023\/08\/1-sinfin.jpg'><img decoding=\"async\" width=\"1000\" height=\"667\" src=\"https:\/\/www.eng-ureta.com\/wp-content\/uploads\/2023\/08\/1-sinfin.jpg\" class=\"attachment-full size-full\" alt=\"1 sinfin\" aria-describedby=\"gallery-2-815\" srcset=\"https:\/\/www.eng-ureta.com\/wp-content\/uploads\/2023\/08\/1-sinfin.jpg 1000w, https:\/\/www.eng-ureta.com\/wp-content\/uploads\/2023\/08\/1-sinfin-300x200.jpg 300w, https:\/\/www.eng-ureta.com\/wp-content\/uploads\/2023\/08\/1-sinfin-768x512.jpg 768w\" sizes=\"(max-width: 1000px) 100vw, 1000px\" loading=\"eager\" \/><\/a>\n\t\t\t<\/div>\n\t\t\t\t<figcaption class='wp-caption-text gallery-caption' id='gallery-2-815'>\n\t\t\t\t1 sinfin\n\t\t\t\t<\/figcaption><\/figure>\n\t\t<\/div>\n\t\t<\/div>\n\t\t\t\t\t\t<\/div>\n\t\t\t\t<\/div>\n\t\t\t\t<\/div>\n\t\t\t\t\t<\/div>\n\t\t\t\t<\/div>\n\t\t<div class=\"elementor-element elementor-element-f3fec35 e-flex e-con-boxed e-con e-parent\" data-id=\"f3fec35\" data-element_type=\"container\" data-e-type=\"container\">\n\t\t\t\t\t<div class=\"e-con-inner\">\n\t\t\t\t<div class=\"elementor-element elementor-element-0427c01 elementor-align-center elementor-widget elementor-widget-button\" data-id=\"0427c01\" data-element_type=\"widget\" data-e-type=\"widget\" data-widget_type=\"button.default\">\n\t\t\t\t\t\t\t\t\t\t<a class=\"elementor-button elementor-button-link elementor-size-sm\" href=\"https:\/\/www.eng-ureta.com\/en\/soluciones\/\">\n\t\t\t\t\t\t<span class=\"elementor-button-content-wrapper\">\n\t\t\t\t\t\t\t\t\t<span class=\"elementor-button-text\">Ver m\u00e1s Soluciones<\/span>\n\t\t\t\t\t<\/span>\n\t\t\t\t\t<\/a>\n\t\t\t\t\t\t\t\t<\/div>\n\t\t\t\t\t<\/div>\n\t\t\t\t<\/div>\n\t\t\t\t<\/div>\n\t\t","protected":false},"excerpt":{"rendered":"<p>GRUPO SINF\u00cdN CORONA Ver m\u00e1s Soluciones<\/p>","protected":false},"author":1,"featured_media":0,"parent":527,"menu_order":0,"comment_status":"closed","ping_status":"closed","template":"","meta":{"_monsterinsights_skip_tracking":false,"_monsterinsights_sitenote_active":false,"_monsterinsights_sitenote_note":"","_monsterinsights_sitenote_category":0,"footnotes":""},"class_list":["post-805","page","type-page","status-publish","hentry"],"yoast_head":"<!-- This site is optimized with the Yoast SEO plugin v27.4 - https:\/\/yoast.com\/product\/yoast-seo-wordpress\/ -->\n<title>Grupo Sinf\u00edn Corona - Ureta Precision Gears<\/title>\n<meta name=\"robots\" content=\"index, follow, max-snippet:-1, max-image-preview:large, max-video-preview:-1\" \/>\n<link rel=\"canonical\" href=\"https:\/\/www.eng-ureta.com\/en\/soluciones\/grupo-sinfin-corona\/\" \/>\n<meta property=\"og:locale\" content=\"en_GB\" \/>\n<meta property=\"og:type\" content=\"article\" \/>\n<meta property=\"og:title\" content=\"Grupo Sinf\u00edn Corona - Ureta Precision Gears\" \/>\n<meta property=\"og:description\" content=\"GRUPO SINF\u00cdN CORONA Ver m\u00e1s Soluciones\" \/>\n<meta property=\"og:url\" content=\"https:\/\/www.eng-ureta.com\/en\/soluciones\/grupo-sinfin-corona\/\" \/>\n<meta property=\"og:site_name\" content=\"Ureta Precision Gears\" \/>\n<meta property=\"article:modified_time\" content=\"2023-08-29T09:11:56+00:00\" \/>\n<meta property=\"og:image\" content=\"http:\/\/www.eng-ureta.com\/wp-content\/uploads\/2023\/08\/SCR-20230804-khow.png\" \/>\n<meta name=\"twitter:card\" content=\"summary_large_image\" \/>\n<script type=\"application\/ld+json\" class=\"yoast-schema-graph\">{\"@context\":\"https:\\\/\\\/schema.org\",\"@graph\":[{\"@type\":\"WebPage\",\"@id\":\"https:\\\/\\\/www.eng-ureta.com\\\/soluciones\\\/grupo-sinfin-corona\\\/\",\"url\":\"https:\\\/\\\/www.eng-ureta.com\\\/soluciones\\\/grupo-sinfin-corona\\\/\",\"name\":\"Grupo Sinf\u00edn Corona - Ureta Precision Gears\",\"isPartOf\":{\"@id\":\"https:\\\/\\\/www.eng-ureta.com\\\/#website\"},\"primaryImageOfPage\":{\"@id\":\"https:\\\/\\\/www.eng-ureta.com\\\/soluciones\\\/grupo-sinfin-corona\\\/#primaryimage\"},\"image\":{\"@id\":\"https:\\\/\\\/www.eng-ureta.com\\\/soluciones\\\/grupo-sinfin-corona\\\/#primaryimage\"},\"thumbnailUrl\":\"http:\\\/\\\/www.eng-ureta.com\\\/wp-content\\\/uploads\\\/2023\\\/08\\\/SCR-20230804-khow.png\",\"datePublished\":\"2023-08-04T09:20:06+00:00\",\"dateModified\":\"2023-08-29T09:11:56+00:00\",\"breadcrumb\":{\"@id\":\"https:\\\/\\\/www.eng-ureta.com\\\/soluciones\\\/grupo-sinfin-corona\\\/#breadcrumb\"},\"inLanguage\":\"en-GB\",\"potentialAction\":[{\"@type\":\"ReadAction\",\"target\":[\"https:\\\/\\\/www.eng-ureta.com\\\/soluciones\\\/grupo-sinfin-corona\\\/\"]}]},{\"@type\":\"ImageObject\",\"inLanguage\":\"en-GB\",\"@id\":\"https:\\\/\\\/www.eng-ureta.com\\\/soluciones\\\/grupo-sinfin-corona\\\/#primaryimage\",\"url\":\"http:\\\/\\\/www.eng-ureta.com\\\/wp-content\\\/uploads\\\/2023\\\/08\\\/SCR-20230804-khow.png\",\"contentUrl\":\"http:\\\/\\\/www.eng-ureta.com\\\/wp-content\\\/uploads\\\/2023\\\/08\\\/SCR-20230804-khow.png\"},{\"@type\":\"BreadcrumbList\",\"@id\":\"https:\\\/\\\/www.eng-ureta.com\\\/soluciones\\\/grupo-sinfin-corona\\\/#breadcrumb\",\"itemListElement\":[{\"@type\":\"ListItem\",\"position\":1,\"name\":\"Portada\",\"item\":\"https:\\\/\\\/www.eng-ureta.com\\\/\"},{\"@type\":\"ListItem\",\"position\":2,\"name\":\"Soluciones\",\"item\":\"https:\\\/\\\/www.eng-ureta.com\\\/soluciones\\\/\"},{\"@type\":\"ListItem\",\"position\":3,\"name\":\"Grupo Sinf\u00edn Corona\"}]},{\"@type\":\"WebSite\",\"@id\":\"https:\\\/\\\/www.eng-ureta.com\\\/#website\",\"url\":\"https:\\\/\\\/www.eng-ureta.com\\\/\",\"name\":\"Ureta Precision Gears\",\"description\":\"Especialistas en engranajes de precisi\u00f3n\",\"publisher\":{\"@id\":\"https:\\\/\\\/www.eng-ureta.com\\\/#organization\"},\"potentialAction\":[{\"@type\":\"SearchAction\",\"target\":{\"@type\":\"EntryPoint\",\"urlTemplate\":\"https:\\\/\\\/www.eng-ureta.com\\\/?s={search_term_string}\"},\"query-input\":{\"@type\":\"PropertyValueSpecification\",\"valueRequired\":true,\"valueName\":\"search_term_string\"}}],\"inLanguage\":\"en-GB\"},{\"@type\":\"Organization\",\"@id\":\"https:\\\/\\\/www.eng-ureta.com\\\/#organization\",\"name\":\"Ureta Precision Gears\",\"url\":\"https:\\\/\\\/www.eng-ureta.com\\\/\",\"logo\":{\"@type\":\"ImageObject\",\"inLanguage\":\"en-GB\",\"@id\":\"https:\\\/\\\/www.eng-ureta.com\\\/#\\\/schema\\\/logo\\\/image\\\/\",\"url\":\"https:\\\/\\\/www.eng-ureta.com\\\/wp-content\\\/uploads\\\/2023\\\/05\\\/uretalogotransparente.png\",\"contentUrl\":\"https:\\\/\\\/www.eng-ureta.com\\\/wp-content\\\/uploads\\\/2023\\\/05\\\/uretalogotransparente.png\",\"width\":1280,\"height\":299,\"caption\":\"Ureta Precision Gears\"},\"image\":{\"@id\":\"https:\\\/\\\/www.eng-ureta.com\\\/#\\\/schema\\\/logo\\\/image\\\/\"},\"sameAs\":[\"https:\\\/\\\/es.linkedin.com\\\/company\\\/ureta-precision-gears\"]}]}<\/script>\n<!-- \/ Yoast SEO plugin. -->","yoast_head_json":{"title":"Grupo Sinf\u00edn Corona - Ureta Precision Gears","robots":{"index":"index","follow":"follow","max-snippet":"max-snippet:-1","max-image-preview":"max-image-preview:large","max-video-preview":"max-video-preview:-1"},"canonical":"https:\/\/www.eng-ureta.com\/en\/soluciones\/grupo-sinfin-corona\/","og_locale":"en_GB","og_type":"article","og_title":"Grupo Sinf\u00edn Corona - Ureta Precision Gears","og_description":"GRUPO SINF\u00cdN CORONA Ver m\u00e1s Soluciones","og_url":"https:\/\/www.eng-ureta.com\/en\/soluciones\/grupo-sinfin-corona\/","og_site_name":"Ureta Precision Gears","article_modified_time":"2023-08-29T09:11:56+00:00","og_image":[{"url":"http:\/\/www.eng-ureta.com\/wp-content\/uploads\/2023\/08\/SCR-20230804-khow.png","type":"","width":"","height":""}],"twitter_card":"summary_large_image","schema":{"@context":"https:\/\/schema.org","@graph":[{"@type":"WebPage","@id":"https:\/\/www.eng-ureta.com\/soluciones\/grupo-sinfin-corona\/","url":"https:\/\/www.eng-ureta.com\/soluciones\/grupo-sinfin-corona\/","name":"Grupo Sinf\u00edn Corona - Ureta Precision Gears","isPartOf":{"@id":"https:\/\/www.eng-ureta.com\/#website"},"primaryImageOfPage":{"@id":"https:\/\/www.eng-ureta.com\/soluciones\/grupo-sinfin-corona\/#primaryimage"},"image":{"@id":"https:\/\/www.eng-ureta.com\/soluciones\/grupo-sinfin-corona\/#primaryimage"},"thumbnailUrl":"http:\/\/www.eng-ureta.com\/wp-content\/uploads\/2023\/08\/SCR-20230804-khow.png","datePublished":"2023-08-04T09:20:06+00:00","dateModified":"2023-08-29T09:11:56+00:00","breadcrumb":{"@id":"https:\/\/www.eng-ureta.com\/soluciones\/grupo-sinfin-corona\/#breadcrumb"},"inLanguage":"en-GB","potentialAction":[{"@type":"ReadAction","target":["https:\/\/www.eng-ureta.com\/soluciones\/grupo-sinfin-corona\/"]}]},{"@type":"ImageObject","inLanguage":"en-GB","@id":"https:\/\/www.eng-ureta.com\/soluciones\/grupo-sinfin-corona\/#primaryimage","url":"http:\/\/www.eng-ureta.com\/wp-content\/uploads\/2023\/08\/SCR-20230804-khow.png","contentUrl":"http:\/\/www.eng-ureta.com\/wp-content\/uploads\/2023\/08\/SCR-20230804-khow.png"},{"@type":"BreadcrumbList","@id":"https:\/\/www.eng-ureta.com\/soluciones\/grupo-sinfin-corona\/#breadcrumb","itemListElement":[{"@type":"ListItem","position":1,"name":"Portada","item":"https:\/\/www.eng-ureta.com\/"},{"@type":"ListItem","position":2,"name":"Soluciones","item":"https:\/\/www.eng-ureta.com\/soluciones\/"},{"@type":"ListItem","position":3,"name":"Grupo Sinf\u00edn Corona"}]},{"@type":"WebSite","@id":"https:\/\/www.eng-ureta.com\/#website","url":"https:\/\/www.eng-ureta.com\/","name":"Ureta Precision Gears","description":"Especialistas en engranajes de precisi\u00f3n","publisher":{"@id":"https:\/\/www.eng-ureta.com\/#organization"},"potentialAction":[{"@type":"SearchAction","target":{"@type":"EntryPoint","urlTemplate":"https:\/\/www.eng-ureta.com\/?s={search_term_string}"},"query-input":{"@type":"PropertyValueSpecification","valueRequired":true,"valueName":"search_term_string"}}],"inLanguage":"en-GB"},{"@type":"Organization","@id":"https:\/\/www.eng-ureta.com\/#organization","name":"Ureta Precision Gears","url":"https:\/\/www.eng-ureta.com\/","logo":{"@type":"ImageObject","inLanguage":"en-GB","@id":"https:\/\/www.eng-ureta.com\/#\/schema\/logo\/image\/","url":"https:\/\/www.eng-ureta.com\/wp-content\/uploads\/2023\/05\/uretalogotransparente.png","contentUrl":"https:\/\/www.eng-ureta.com\/wp-content\/uploads\/2023\/05\/uretalogotransparente.png","width":1280,"height":299,"caption":"Ureta Precision Gears"},"image":{"@id":"https:\/\/www.eng-ureta.com\/#\/schema\/logo\/image\/"},"sameAs":["https:\/\/es.linkedin.com\/company\/ureta-precision-gears"]}]}},"_links":{"self":[{"href":"https:\/\/www.eng-ureta.com\/en\/wp-json\/wp\/v2\/pages\/805","targetHints":{"allow":["GET"]}}],"collection":[{"href":"https:\/\/www.eng-ureta.com\/en\/wp-json\/wp\/v2\/pages"}],"about":[{"href":"https:\/\/www.eng-ureta.com\/en\/wp-json\/wp\/v2\/types\/page"}],"author":[{"embeddable":true,"href":"https:\/\/www.eng-ureta.com\/en\/wp-json\/wp\/v2\/users\/1"}],"replies":[{"embeddable":true,"href":"https:\/\/www.eng-ureta.com\/en\/wp-json\/wp\/v2\/comments?post=805"}],"version-history":[{"count":0,"href":"https:\/\/www.eng-ureta.com\/en\/wp-json\/wp\/v2\/pages\/805\/revisions"}],"up":[{"embeddable":true,"href":"https:\/\/www.eng-ureta.com\/en\/wp-json\/wp\/v2\/pages\/527"}],"wp:attachment":[{"href":"https:\/\/www.eng-ureta.com\/en\/wp-json\/wp\/v2\/media?parent=805"}],"curies":[{"name":"wp","href":"https:\/\/api.w.org\/{rel}","templated":true}]}}