{"id":682,"date":"2023-08-03T16:58:45","date_gmt":"2023-08-03T16:58:45","guid":{"rendered":"http:\/\/www.eng-ureta.com\/?page_id=682"},"modified":"2023-10-31T11:17:46","modified_gmt":"2023-10-31T11:17:46","slug":"automatizacion","status":"publish","type":"page","link":"https:\/\/www.eng-ureta.com\/fr\/soluciones\/automatizacion\/","title":{"rendered":"Automatisation - robotique"},"content":{"rendered":"\t\t<div data-elementor-type=\"wp-page\" data-elementor-id=\"682\" class=\"elementor elementor-682\" data-elementor-post-type=\"page\">\n\t\t\t\t\t\t<section class=\"elementor-section elementor-top-section elementor-element elementor-element-63fbac80 elementor-section-boxed elementor-section-height-default elementor-section-height-default\" data-id=\"63fbac80\" data-element_type=\"section\" data-e-type=\"section\">\n\t\t\t\t\t\t<div class=\"elementor-container elementor-column-gap-default\">\n\t\t\t\t\t<div class=\"elementor-column elementor-col-100 elementor-top-column elementor-element elementor-element-39e130d2\" data-id=\"39e130d2\" data-element_type=\"column\" data-e-type=\"column\">\n\t\t\t<div class=\"elementor-widget-wrap elementor-element-populated\">\n\t\t\t\t\t\t<div class=\"elementor-element elementor-element-3016fa83 elementor-widget elementor-widget-text-editor\" data-id=\"3016fa83\" data-element_type=\"widget\" data-e-type=\"widget\" data-widget_type=\"text-editor.default\">\n\t\t\t\t\t\t\t\t\t\n<p><a href=\"https:\/\/www.eng-ureta.com\/nosotros\/\"><\/a><\/p>\n\t\t\t\t\t\t\t\t<\/div>\n\t\t\t\t\t<\/div>\n\t\t<\/div>\n\t\t\t\t\t<\/div>\n\t\t<\/section>\n\t\t<div class=\"elementor-element elementor-element-f345436 e-flex e-con-boxed e-con e-parent\" data-id=\"f345436\" data-element_type=\"container\" data-e-type=\"container\">\n\t\t\t\t\t<div class=\"e-con-inner\">\n\t\t\t\t<div class=\"elementor-element elementor-element-3833f2b elementor-widget elementor-widget-heading\" data-id=\"3833f2b\" data-element_type=\"widget\" data-e-type=\"widget\" data-widget_type=\"heading.default\">\n\t\t\t\t\t<h2 class=\"elementor-heading-title elementor-size-default\">AUTOMATIZACI\u00d3N<\/h2>\t\t\t\t<\/div>\n\t\t\t\t\t<\/div>\n\t\t\t\t<\/div>\n\t\t<div class=\"elementor-element elementor-element-0646906 animated-fast e-flex e-con-boxed elementor-invisible e-con e-parent\" data-id=\"0646906\" data-element_type=\"container\" data-e-type=\"container\" data-settings=\"{&quot;background_background&quot;:&quot;classic&quot;,&quot;animation&quot;:&quot;slideInUp&quot;,&quot;background_motion_fx_motion_fx_scrolling&quot;:&quot;yes&quot;,&quot;background_motion_fx_blur_effect&quot;:&quot;yes&quot;,&quot;background_motion_fx_blur_direction&quot;:&quot;in-out&quot;,&quot;background_motion_fx_blur_range&quot;:{&quot;unit&quot;:&quot;%&quot;,&quot;size&quot;:&quot;&quot;,&quot;sizes&quot;:{&quot;start&quot;:25,&quot;end&quot;:40}},&quot;background_motion_fx_blur_level&quot;:{&quot;unit&quot;:&quot;px&quot;,&quot;size&quot;:7,&quot;sizes&quot;:[]},&quot;background_motion_fx_devices&quot;:[&quot;desktop&quot;,&quot;tablet&quot;,&quot;mobile&quot;]}\">\n\t\t\t\t\t<div class=\"e-con-inner\">\n\t\t\t\t\t<\/div>\n\t\t\t\t<\/div>\n\t\t<div class=\"elementor-element elementor-element-5b4bc56 animated-fast e-flex e-con-boxed elementor-invisible e-con e-parent\" data-id=\"5b4bc56\" data-element_type=\"container\" data-e-type=\"container\" data-settings=\"{&quot;animation&quot;:&quot;slideInUp&quot;}\">\n\t\t\t\t\t<div class=\"e-con-inner\">\n\t\t\t\t<div class=\"elementor-element elementor-element-a0805ee elementor-widget elementor-widget-text-editor\" data-id=\"a0805ee\" data-element_type=\"widget\" data-e-type=\"widget\" data-widget_type=\"text-editor.default\">\n\t\t\t\t\t\t\t\t\t<p>En Engranajes Ureta innovamos en la fabricaci\u00f3n de engranajes para potenciar la eficiencia en sistemas de automatizaci\u00f3n y reductores.<\/p>\t\t\t\t\t\t\t\t<\/div>\n\t\t\t\t\t<\/div>\n\t\t\t\t<\/div>\n\t\t<div class=\"elementor-element elementor-element-fbdf4e0 animated-fast e-flex e-con-boxed elementor-invisible e-con e-parent\" data-id=\"fbdf4e0\" data-element_type=\"container\" data-e-type=\"container\" data-settings=\"{&quot;animation&quot;:&quot;slideInUp&quot;}\">\n\t\t\t\t\t<div class=\"e-con-inner\">\n\t\t<div class=\"elementor-element elementor-element-35b574b e-con-full e-flex e-con e-child\" data-id=\"35b574b\" data-element_type=\"container\" data-e-type=\"container\">\n\t\t\t\t<div class=\"elementor-element elementor-element-20849dd gallery-spacing-custom elementor-widget elementor-widget-image-gallery\" data-id=\"20849dd\" data-element_type=\"widget\" data-e-type=\"widget\" data-widget_type=\"image-gallery.default\">\n\t\t\t\t\t\t\t<div class=\"elementor-image-gallery\">\n\t\t\t<div id='gallery-1' class='gallery galleryid-682 gallery-columns-3 gallery-size-full'><figure class='gallery-item'>\n\t\t\t<div class='gallery-icon landscape'>\n\t\t\t\t<a data-elementor-open-lightbox=\"yes\" data-elementor-lightbox-slideshow=\"20849dd\" data-elementor-lightbox-title=\"6 reductores\" data-elementor-lightbox-description=\"6 reductores\" data-e-action-hash=\"#elementor-action%3Aaction%3Dlightbox%26settings%3DeyJpZCI6Njg3LCJ1cmwiOiJodHRwczpcL1wvd3d3LmVuZy11cmV0YS5jb21cL3dwLWNvbnRlbnRcL3VwbG9hZHNcLzIwMjNcLzA4XC82LXJlZHVjdG9yZXMuanBnIiwic2xpZGVzaG93IjoiMjA4NDlkZCJ9\" href='https:\/\/www.eng-ureta.com\/wp-content\/uploads\/2023\/08\/6-reductores.jpg'><img fetchpriority=\"high\" decoding=\"async\" width=\"1000\" height=\"667\" src=\"https:\/\/www.eng-ureta.com\/wp-content\/uploads\/2023\/08\/6-reductores.jpg\" class=\"attachment-full size-full\" alt=\"6 reductores\" aria-describedby=\"gallery-1-687\" srcset=\"https:\/\/www.eng-ureta.com\/wp-content\/uploads\/2023\/08\/6-reductores.jpg 1000w, https:\/\/www.eng-ureta.com\/wp-content\/uploads\/2023\/08\/6-reductores-300x200.jpg 300w, https:\/\/www.eng-ureta.com\/wp-content\/uploads\/2023\/08\/6-reductores-768x512.jpg 768w\" sizes=\"(max-width: 1000px) 100vw, 1000px\" loading=\"eager\" \/><\/a>\n\t\t\t<\/div>\n\t\t\t\t<figcaption class='wp-caption-text gallery-caption' id='gallery-1-687'>\n\t\t\t\t6 reductores\n\t\t\t\t<\/figcaption><\/figure><figure class='gallery-item'>\n\t\t\t<div class='gallery-icon landscape'>\n\t\t\t\t<a data-elementor-open-lightbox=\"yes\" data-elementor-lightbox-slideshow=\"20849dd\" data-elementor-lightbox-title=\"5 reductores\" data-elementor-lightbox-description=\"5 reductores\" data-e-action-hash=\"#elementor-action%3Aaction%3Dlightbox%26settings%3DeyJpZCI6Njg4LCJ1cmwiOiJodHRwczpcL1wvd3d3LmVuZy11cmV0YS5jb21cL3dwLWNvbnRlbnRcL3VwbG9hZHNcLzIwMjNcLzA4XC81LXJlZHVjdG9yZXMuanBnIiwic2xpZGVzaG93IjoiMjA4NDlkZCJ9\" href='https:\/\/www.eng-ureta.com\/wp-content\/uploads\/2023\/08\/5-reductores.jpg'><img decoding=\"async\" width=\"1000\" height=\"667\" src=\"https:\/\/www.eng-ureta.com\/wp-content\/uploads\/2023\/08\/5-reductores.jpg\" class=\"attachment-full size-full\" alt=\"5 reductores\" aria-describedby=\"gallery-1-688\" srcset=\"https:\/\/www.eng-ureta.com\/wp-content\/uploads\/2023\/08\/5-reductores.jpg 1000w, https:\/\/www.eng-ureta.com\/wp-content\/uploads\/2023\/08\/5-reductores-300x200.jpg 300w, https:\/\/www.eng-ureta.com\/wp-content\/uploads\/2023\/08\/5-reductores-768x512.jpg 768w\" sizes=\"(max-width: 1000px) 100vw, 1000px\" loading=\"eager\" \/><\/a>\n\t\t\t<\/div>\n\t\t\t\t<figcaption class='wp-caption-text gallery-caption' id='gallery-1-688'>\n\t\t\t\t5 reductores\n\t\t\t\t<\/figcaption><\/figure><figure class='gallery-item'>\n\t\t\t<div class='gallery-icon landscape'>\n\t\t\t\t<a data-elementor-open-lightbox=\"yes\" data-elementor-lightbox-slideshow=\"20849dd\" data-elementor-lightbox-title=\"4 reductores\" data-elementor-lightbox-description=\"4 reductores\" data-e-action-hash=\"#elementor-action%3Aaction%3Dlightbox%26settings%3DeyJpZCI6Njg5LCJ1cmwiOiJodHRwczpcL1wvd3d3LmVuZy11cmV0YS5jb21cL3dwLWNvbnRlbnRcL3VwbG9hZHNcLzIwMjNcLzA4XC80LXJlZHVjdG9yZXMuanBnIiwic2xpZGVzaG93IjoiMjA4NDlkZCJ9\" href='https:\/\/www.eng-ureta.com\/wp-content\/uploads\/2023\/08\/4-reductores.jpg'><img decoding=\"async\" width=\"1000\" height=\"667\" src=\"https:\/\/www.eng-ureta.com\/wp-content\/uploads\/2023\/08\/4-reductores.jpg\" class=\"attachment-full size-full\" alt=\"4 reductores\" aria-describedby=\"gallery-1-689\" srcset=\"https:\/\/www.eng-ureta.com\/wp-content\/uploads\/2023\/08\/4-reductores.jpg 1000w, https:\/\/www.eng-ureta.com\/wp-content\/uploads\/2023\/08\/4-reductores-300x200.jpg 300w, https:\/\/www.eng-ureta.com\/wp-content\/uploads\/2023\/08\/4-reductores-768x512.jpg 768w\" sizes=\"(max-width: 1000px) 100vw, 1000px\" loading=\"eager\" \/><\/a>\n\t\t\t<\/div>\n\t\t\t\t<figcaption class='wp-caption-text gallery-caption' id='gallery-1-689'>\n\t\t\t\t4 reductores\n\t\t\t\t<\/figcaption><\/figure><figure class='gallery-item'>\n\t\t\t<div class='gallery-icon landscape'>\n\t\t\t\t<a data-elementor-open-lightbox=\"yes\" data-elementor-lightbox-slideshow=\"20849dd\" data-elementor-lightbox-title=\"3 reductores\" data-elementor-lightbox-description=\"3 reductores\" data-e-action-hash=\"#elementor-action%3Aaction%3Dlightbox%26settings%3DeyJpZCI6NjkwLCJ1cmwiOiJodHRwczpcL1wvd3d3LmVuZy11cmV0YS5jb21cL3dwLWNvbnRlbnRcL3VwbG9hZHNcLzIwMjNcLzA4XC8zLXJlZHVjdG9yZXMuanBnIiwic2xpZGVzaG93IjoiMjA4NDlkZCJ9\" href='https:\/\/www.eng-ureta.com\/wp-content\/uploads\/2023\/08\/3-reductores.jpg'><img decoding=\"async\" width=\"1000\" height=\"667\" src=\"https:\/\/www.eng-ureta.com\/wp-content\/uploads\/2023\/08\/3-reductores.jpg\" class=\"attachment-full size-full\" alt=\"3 reductores\" aria-describedby=\"gallery-1-690\" srcset=\"https:\/\/www.eng-ureta.com\/wp-content\/uploads\/2023\/08\/3-reductores.jpg 1000w, https:\/\/www.eng-ureta.com\/wp-content\/uploads\/2023\/08\/3-reductores-300x200.jpg 300w, https:\/\/www.eng-ureta.com\/wp-content\/uploads\/2023\/08\/3-reductores-768x512.jpg 768w\" sizes=\"(max-width: 1000px) 100vw, 1000px\" loading=\"eager\" \/><\/a>\n\t\t\t<\/div>\n\t\t\t\t<figcaption class='wp-caption-text gallery-caption' id='gallery-1-690'>\n\t\t\t\t3 reductores\n\t\t\t\t<\/figcaption><\/figure><figure class='gallery-item'>\n\t\t\t<div class='gallery-icon landscape'>\n\t\t\t\t<a data-elementor-open-lightbox=\"yes\" data-elementor-lightbox-slideshow=\"20849dd\" data-elementor-lightbox-title=\"2 reductores\" data-elementor-lightbox-description=\"2 reductores\" data-e-action-hash=\"#elementor-action%3Aaction%3Dlightbox%26settings%3DeyJpZCI6NjkxLCJ1cmwiOiJodHRwczpcL1wvd3d3LmVuZy11cmV0YS5jb21cL3dwLWNvbnRlbnRcL3VwbG9hZHNcLzIwMjNcLzA4XC8yLXJlZHVjdG9yZXMuanBnIiwic2xpZGVzaG93IjoiMjA4NDlkZCJ9\" href='https:\/\/www.eng-ureta.com\/wp-content\/uploads\/2023\/08\/2-reductores.jpg'><img decoding=\"async\" width=\"1000\" height=\"667\" src=\"https:\/\/www.eng-ureta.com\/wp-content\/uploads\/2023\/08\/2-reductores.jpg\" class=\"attachment-full size-full\" alt=\"2 reductores\" aria-describedby=\"gallery-1-691\" srcset=\"https:\/\/www.eng-ureta.com\/wp-content\/uploads\/2023\/08\/2-reductores.jpg 1000w, https:\/\/www.eng-ureta.com\/wp-content\/uploads\/2023\/08\/2-reductores-300x200.jpg 300w, https:\/\/www.eng-ureta.com\/wp-content\/uploads\/2023\/08\/2-reductores-768x512.jpg 768w\" sizes=\"(max-width: 1000px) 100vw, 1000px\" loading=\"eager\" \/><\/a>\n\t\t\t<\/div>\n\t\t\t\t<figcaption class='wp-caption-text gallery-caption' id='gallery-1-691'>\n\t\t\t\t2 reductores\n\t\t\t\t<\/figcaption><\/figure><figure class='gallery-item'>\n\t\t\t<div class='gallery-icon landscape'>\n\t\t\t\t<a data-elementor-open-lightbox=\"yes\" data-elementor-lightbox-slideshow=\"20849dd\" data-elementor-lightbox-title=\"1 reductores\" data-elementor-lightbox-description=\"1 reductores\" data-e-action-hash=\"#elementor-action%3Aaction%3Dlightbox%26settings%3DeyJpZCI6NjkyLCJ1cmwiOiJodHRwczpcL1wvd3d3LmVuZy11cmV0YS5jb21cL3dwLWNvbnRlbnRcL3VwbG9hZHNcLzIwMjNcLzA4XC8xLXJlZHVjdG9yZXMuanBnIiwic2xpZGVzaG93IjoiMjA4NDlkZCJ9\" href='https:\/\/www.eng-ureta.com\/wp-content\/uploads\/2023\/08\/1-reductores.jpg'><img decoding=\"async\" width=\"1000\" height=\"667\" src=\"https:\/\/www.eng-ureta.com\/wp-content\/uploads\/2023\/08\/1-reductores.jpg\" class=\"attachment-full size-full\" alt=\"1 reductores\" aria-describedby=\"gallery-1-692\" srcset=\"https:\/\/www.eng-ureta.com\/wp-content\/uploads\/2023\/08\/1-reductores.jpg 1000w, https:\/\/www.eng-ureta.com\/wp-content\/uploads\/2023\/08\/1-reductores-300x200.jpg 300w, https:\/\/www.eng-ureta.com\/wp-content\/uploads\/2023\/08\/1-reductores-768x512.jpg 768w\" sizes=\"(max-width: 1000px) 100vw, 1000px\" loading=\"eager\" \/><\/a>\n\t\t\t<\/div>\n\t\t\t\t<figcaption class='wp-caption-text gallery-caption' id='gallery-1-692'>\n\t\t\t\t1 reductores\n\t\t\t\t<\/figcaption><\/figure>\n\t\t<\/div>\n\t\t<\/div>\n\t\t\t\t\t\t<\/div>\n\t\t\t\t<\/div>\n\t\t\t\t\t<\/div>\n\t\t\t\t<\/div>\n\t\t<div class=\"elementor-element elementor-element-13542c8 e-flex e-con-boxed e-con e-parent\" data-id=\"13542c8\" data-element_type=\"container\" data-e-type=\"container\">\n\t\t\t\t\t<div class=\"e-con-inner\">\n\t\t\t\t<div class=\"elementor-element elementor-element-6910bda elementor-align-center elementor-widget elementor-widget-button\" data-id=\"6910bda\" data-element_type=\"widget\" data-e-type=\"widget\" data-widget_type=\"button.default\">\n\t\t\t\t\t\t\t\t\t\t<a class=\"elementor-button elementor-button-link elementor-size-sm\" href=\"https:\/\/www.eng-ureta.com\/fr\/soluciones\/\">\n\t\t\t\t\t\t<span class=\"elementor-button-content-wrapper\">\n\t\t\t\t\t\t\t\t\t<span class=\"elementor-button-text\">Ver m\u00e1s Soluciones<\/span>\n\t\t\t\t\t<\/span>\n\t\t\t\t\t<\/a>\n\t\t\t\t\t\t\t\t<\/div>\n\t\t\t\t\t<\/div>\n\t\t\t\t<\/div>\n\t\t\t\t<\/div>\n\t\t","protected":false},"excerpt":{"rendered":"<p>AUTOMATIZACI\u00d3N En Engranajes Ureta innovamos en la fabricaci\u00f3n de engranajes para potenciar la eficiencia en sistemas de automatizaci\u00f3n y reductores. Ver m\u00e1s Soluciones<\/p>","protected":false},"author":1,"featured_media":0,"parent":527,"menu_order":0,"comment_status":"closed","ping_status":"closed","template":"","meta":{"_monsterinsights_skip_tracking":false,"_monsterinsights_sitenote_active":false,"_monsterinsights_sitenote_note":"","_monsterinsights_sitenote_category":0,"footnotes":""},"class_list":["post-682","page","type-page","status-publish","hentry"],"yoast_head":"<!-- This site is optimized with the Yoast SEO plugin v27.4 - https:\/\/yoast.com\/product\/yoast-seo-wordpress\/ -->\n<title>Automatizaci\u00f3n - Ureta Precision Gears<\/title>\n<meta name=\"robots\" content=\"index, follow, max-snippet:-1, max-image-preview:large, max-video-preview:-1\" \/>\n<link rel=\"canonical\" href=\"https:\/\/www.eng-ureta.com\/fr\/soluciones\/automatizacion\/\" \/>\n<meta property=\"og:locale\" content=\"fr_FR\" \/>\n<meta property=\"og:type\" content=\"article\" \/>\n<meta property=\"og:title\" content=\"Automatizaci\u00f3n - Ureta Precision Gears\" \/>\n<meta property=\"og:description\" content=\"AUTOMATIZACI\u00d3N En Engranajes Ureta innovamos en la fabricaci\u00f3n de engranajes para potenciar la eficiencia en sistemas de automatizaci\u00f3n y reductores. Ver m\u00e1s Soluciones\" \/>\n<meta property=\"og:url\" content=\"https:\/\/www.eng-ureta.com\/fr\/soluciones\/automatizacion\/\" \/>\n<meta property=\"og:site_name\" content=\"Ureta Precision Gears\" \/>\n<meta property=\"article:modified_time\" content=\"2023-10-31T11:17:46+00:00\" \/>\n<meta property=\"og:image\" content=\"https:\/\/www.eng-ureta.com\/wp-content\/uploads\/2023\/08\/6-reductores.jpg\" \/>\n<meta name=\"twitter:card\" content=\"summary_large_image\" \/>\n<script type=\"application\/ld+json\" class=\"yoast-schema-graph\">{\"@context\":\"https:\\\/\\\/schema.org\",\"@graph\":[{\"@type\":\"WebPage\",\"@id\":\"https:\\\/\\\/www.eng-ureta.com\\\/soluciones\\\/automatizacion\\\/\",\"url\":\"https:\\\/\\\/www.eng-ureta.com\\\/soluciones\\\/automatizacion\\\/\",\"name\":\"Automatizaci\u00f3n - Ureta Precision Gears\",\"isPartOf\":{\"@id\":\"https:\\\/\\\/www.eng-ureta.com\\\/#website\"},\"primaryImageOfPage\":{\"@id\":\"https:\\\/\\\/www.eng-ureta.com\\\/soluciones\\\/automatizacion\\\/#primaryimage\"},\"image\":{\"@id\":\"https:\\\/\\\/www.eng-ureta.com\\\/soluciones\\\/automatizacion\\\/#primaryimage\"},\"thumbnailUrl\":\"https:\\\/\\\/www.eng-ureta.com\\\/wp-content\\\/uploads\\\/2023\\\/08\\\/6-reductores.jpg\",\"datePublished\":\"2023-08-03T16:58:45+00:00\",\"dateModified\":\"2023-10-31T11:17:46+00:00\",\"breadcrumb\":{\"@id\":\"https:\\\/\\\/www.eng-ureta.com\\\/soluciones\\\/automatizacion\\\/#breadcrumb\"},\"inLanguage\":\"fr-FR\",\"potentialAction\":[{\"@type\":\"ReadAction\",\"target\":[\"https:\\\/\\\/www.eng-ureta.com\\\/soluciones\\\/automatizacion\\\/\"]}]},{\"@type\":\"ImageObject\",\"inLanguage\":\"fr-FR\",\"@id\":\"https:\\\/\\\/www.eng-ureta.com\\\/soluciones\\\/automatizacion\\\/#primaryimage\",\"url\":\"https:\\\/\\\/www.eng-ureta.com\\\/wp-content\\\/uploads\\\/2023\\\/08\\\/6-reductores.jpg\",\"contentUrl\":\"https:\\\/\\\/www.eng-ureta.com\\\/wp-content\\\/uploads\\\/2023\\\/08\\\/6-reductores.jpg\"},{\"@type\":\"BreadcrumbList\",\"@id\":\"https:\\\/\\\/www.eng-ureta.com\\\/soluciones\\\/automatizacion\\\/#breadcrumb\",\"itemListElement\":[{\"@type\":\"ListItem\",\"position\":1,\"name\":\"Portada\",\"item\":\"https:\\\/\\\/www.eng-ureta.com\\\/\"},{\"@type\":\"ListItem\",\"position\":2,\"name\":\"Soluciones\",\"item\":\"https:\\\/\\\/www.eng-ureta.com\\\/soluciones\\\/\"},{\"@type\":\"ListItem\",\"position\":3,\"name\":\"Automatizaci\u00f3n\"}]},{\"@type\":\"WebSite\",\"@id\":\"https:\\\/\\\/www.eng-ureta.com\\\/#website\",\"url\":\"https:\\\/\\\/www.eng-ureta.com\\\/\",\"name\":\"Ureta Precision Gears\",\"description\":\"Especialistas en engranajes de precisi\u00f3n\",\"publisher\":{\"@id\":\"https:\\\/\\\/www.eng-ureta.com\\\/#organization\"},\"potentialAction\":[{\"@type\":\"SearchAction\",\"target\":{\"@type\":\"EntryPoint\",\"urlTemplate\":\"https:\\\/\\\/www.eng-ureta.com\\\/?s={search_term_string}\"},\"query-input\":{\"@type\":\"PropertyValueSpecification\",\"valueRequired\":true,\"valueName\":\"search_term_string\"}}],\"inLanguage\":\"fr-FR\"},{\"@type\":\"Organization\",\"@id\":\"https:\\\/\\\/www.eng-ureta.com\\\/#organization\",\"name\":\"Ureta Precision Gears\",\"url\":\"https:\\\/\\\/www.eng-ureta.com\\\/\",\"logo\":{\"@type\":\"ImageObject\",\"inLanguage\":\"fr-FR\",\"@id\":\"https:\\\/\\\/www.eng-ureta.com\\\/#\\\/schema\\\/logo\\\/image\\\/\",\"url\":\"https:\\\/\\\/www.eng-ureta.com\\\/wp-content\\\/uploads\\\/2023\\\/05\\\/uretalogotransparente.png\",\"contentUrl\":\"https:\\\/\\\/www.eng-ureta.com\\\/wp-content\\\/uploads\\\/2023\\\/05\\\/uretalogotransparente.png\",\"width\":1280,\"height\":299,\"caption\":\"Ureta Precision Gears\"},\"image\":{\"@id\":\"https:\\\/\\\/www.eng-ureta.com\\\/#\\\/schema\\\/logo\\\/image\\\/\"},\"sameAs\":[\"https:\\\/\\\/es.linkedin.com\\\/company\\\/ureta-precision-gears\"]}]}<\/script>\n<!-- \/ Yoast SEO plugin. -->","yoast_head_json":{"title":"Automatizaci\u00f3n - Ureta Precision Gears","robots":{"index":"index","follow":"follow","max-snippet":"max-snippet:-1","max-image-preview":"max-image-preview:large","max-video-preview":"max-video-preview:-1"},"canonical":"https:\/\/www.eng-ureta.com\/fr\/soluciones\/automatizacion\/","og_locale":"fr_FR","og_type":"article","og_title":"Automatizaci\u00f3n - Ureta Precision Gears","og_description":"AUTOMATIZACI\u00d3N En Engranajes Ureta innovamos en la fabricaci\u00f3n de engranajes para potenciar la eficiencia en sistemas de automatizaci\u00f3n y reductores. Ver m\u00e1s Soluciones","og_url":"https:\/\/www.eng-ureta.com\/fr\/soluciones\/automatizacion\/","og_site_name":"Ureta Precision Gears","article_modified_time":"2023-10-31T11:17:46+00:00","og_image":[{"url":"https:\/\/www.eng-ureta.com\/wp-content\/uploads\/2023\/08\/6-reductores.jpg","type":"","width":"","height":""}],"twitter_card":"summary_large_image","schema":{"@context":"https:\/\/schema.org","@graph":[{"@type":"WebPage","@id":"https:\/\/www.eng-ureta.com\/soluciones\/automatizacion\/","url":"https:\/\/www.eng-ureta.com\/soluciones\/automatizacion\/","name":"Automatizaci\u00f3n - Ureta Precision Gears","isPartOf":{"@id":"https:\/\/www.eng-ureta.com\/#website"},"primaryImageOfPage":{"@id":"https:\/\/www.eng-ureta.com\/soluciones\/automatizacion\/#primaryimage"},"image":{"@id":"https:\/\/www.eng-ureta.com\/soluciones\/automatizacion\/#primaryimage"},"thumbnailUrl":"https:\/\/www.eng-ureta.com\/wp-content\/uploads\/2023\/08\/6-reductores.jpg","datePublished":"2023-08-03T16:58:45+00:00","dateModified":"2023-10-31T11:17:46+00:00","breadcrumb":{"@id":"https:\/\/www.eng-ureta.com\/soluciones\/automatizacion\/#breadcrumb"},"inLanguage":"fr-FR","potentialAction":[{"@type":"ReadAction","target":["https:\/\/www.eng-ureta.com\/soluciones\/automatizacion\/"]}]},{"@type":"ImageObject","inLanguage":"fr-FR","@id":"https:\/\/www.eng-ureta.com\/soluciones\/automatizacion\/#primaryimage","url":"https:\/\/www.eng-ureta.com\/wp-content\/uploads\/2023\/08\/6-reductores.jpg","contentUrl":"https:\/\/www.eng-ureta.com\/wp-content\/uploads\/2023\/08\/6-reductores.jpg"},{"@type":"BreadcrumbList","@id":"https:\/\/www.eng-ureta.com\/soluciones\/automatizacion\/#breadcrumb","itemListElement":[{"@type":"ListItem","position":1,"name":"Portada","item":"https:\/\/www.eng-ureta.com\/"},{"@type":"ListItem","position":2,"name":"Soluciones","item":"https:\/\/www.eng-ureta.com\/soluciones\/"},{"@type":"ListItem","position":3,"name":"Automatizaci\u00f3n"}]},{"@type":"WebSite","@id":"https:\/\/www.eng-ureta.com\/#website","url":"https:\/\/www.eng-ureta.com\/","name":"Ureta Precision Gears","description":"Especialistas en engranajes de precisi\u00f3n","publisher":{"@id":"https:\/\/www.eng-ureta.com\/#organization"},"potentialAction":[{"@type":"SearchAction","target":{"@type":"EntryPoint","urlTemplate":"https:\/\/www.eng-ureta.com\/?s={search_term_string}"},"query-input":{"@type":"PropertyValueSpecification","valueRequired":true,"valueName":"search_term_string"}}],"inLanguage":"fr-FR"},{"@type":"Organization","@id":"https:\/\/www.eng-ureta.com\/#organization","name":"Ureta Precision Gears","url":"https:\/\/www.eng-ureta.com\/","logo":{"@type":"ImageObject","inLanguage":"fr-FR","@id":"https:\/\/www.eng-ureta.com\/#\/schema\/logo\/image\/","url":"https:\/\/www.eng-ureta.com\/wp-content\/uploads\/2023\/05\/uretalogotransparente.png","contentUrl":"https:\/\/www.eng-ureta.com\/wp-content\/uploads\/2023\/05\/uretalogotransparente.png","width":1280,"height":299,"caption":"Ureta Precision Gears"},"image":{"@id":"https:\/\/www.eng-ureta.com\/#\/schema\/logo\/image\/"},"sameAs":["https:\/\/es.linkedin.com\/company\/ureta-precision-gears"]}]}},"_links":{"self":[{"href":"https:\/\/www.eng-ureta.com\/fr\/wp-json\/wp\/v2\/pages\/682","targetHints":{"allow":["GET"]}}],"collection":[{"href":"https:\/\/www.eng-ureta.com\/fr\/wp-json\/wp\/v2\/pages"}],"about":[{"href":"https:\/\/www.eng-ureta.com\/fr\/wp-json\/wp\/v2\/types\/page"}],"author":[{"embeddable":true,"href":"https:\/\/www.eng-ureta.com\/fr\/wp-json\/wp\/v2\/users\/1"}],"replies":[{"embeddable":true,"href":"https:\/\/www.eng-ureta.com\/fr\/wp-json\/wp\/v2\/comments?post=682"}],"version-history":[{"count":0,"href":"https:\/\/www.eng-ureta.com\/fr\/wp-json\/wp\/v2\/pages\/682\/revisions"}],"up":[{"embeddable":true,"href":"https:\/\/www.eng-ureta.com\/fr\/wp-json\/wp\/v2\/pages\/527"}],"wp:attachment":[{"href":"https:\/\/www.eng-ureta.com\/fr\/wp-json\/wp\/v2\/media?parent=682"}],"curies":[{"name":"wp","href":"https:\/\/api.w.org\/{rel}","templated":true}]}}