{"id":713,"date":"2023-08-04T08:46:39","date_gmt":"2023-08-04T08:46:39","guid":{"rendered":"http:\/\/www.eng-ureta.com\/?page_id=713"},"modified":"2023-08-31T10:46:59","modified_gmt":"2023-08-31T10:46:59","slug":"maquina-herramienta","status":"publish","type":"page","link":"https:\/\/www.eng-ureta.com\/fr\/soluciones\/maquina-herramienta\/","title":{"rendered":"Machine-outil"},"content":{"rendered":"\t\t<div data-elementor-type=\"wp-page\" data-elementor-id=\"713\" class=\"elementor elementor-713\" data-elementor-post-type=\"page\">\n\t\t\t\t\t\t<section class=\"elementor-section elementor-top-section elementor-element elementor-element-213f0aef elementor-section-boxed elementor-section-height-default elementor-section-height-default\" data-id=\"213f0aef\" data-element_type=\"section\" data-e-type=\"section\">\n\t\t\t\t\t\t<div class=\"elementor-container elementor-column-gap-default\">\n\t\t\t\t\t<div class=\"elementor-column elementor-col-100 elementor-top-column elementor-element elementor-element-2c5d3173\" data-id=\"2c5d3173\" data-element_type=\"column\" data-e-type=\"column\">\n\t\t\t<div class=\"elementor-widget-wrap elementor-element-populated\">\n\t\t\t\t\t\t<div class=\"elementor-element elementor-element-21dcaab4 elementor-widget elementor-widget-text-editor\" data-id=\"21dcaab4\" data-element_type=\"widget\" data-e-type=\"widget\" data-widget_type=\"text-editor.default\">\n\t\t\t\t\t\t\t\t\t\n<p><a href=\"https:\/\/www.eng-ureta.com\/soluciones\/#\"><\/a><\/p>\n\t\t\t\t\t\t\t\t<\/div>\n\t\t\t\t\t<\/div>\n\t\t<\/div>\n\t\t\t\t\t<\/div>\n\t\t<\/section>\n\t\t<div class=\"elementor-element elementor-element-1476a32 e-flex e-con-boxed e-con e-parent\" data-id=\"1476a32\" data-element_type=\"container\" data-e-type=\"container\">\n\t\t\t\t\t<div class=\"e-con-inner\">\n\t\t\t\t<div class=\"elementor-element elementor-element-3c457e9 elementor-widget elementor-widget-heading\" data-id=\"3c457e9\" data-element_type=\"widget\" data-e-type=\"widget\" data-widget_type=\"heading.default\">\n\t\t\t\t\t<h2 class=\"elementor-heading-title elementor-size-default\">M\u00c1QUINA<\/h2>\t\t\t\t<\/div>\n\t\t\t\t\t<\/div>\n\t\t\t\t<\/div>\n\t\t<div class=\"elementor-element elementor-element-4f3c131 animated-fast e-flex e-con-boxed elementor-invisible e-con e-parent\" data-id=\"4f3c131\" data-element_type=\"container\" data-e-type=\"container\" data-settings=\"{&quot;background_background&quot;:&quot;classic&quot;,&quot;animation&quot;:&quot;slideInUp&quot;,&quot;background_motion_fx_motion_fx_scrolling&quot;:&quot;yes&quot;,&quot;background_motion_fx_blur_effect&quot;:&quot;yes&quot;,&quot;background_motion_fx_blur_direction&quot;:&quot;in-out&quot;,&quot;background_motion_fx_blur_range&quot;:{&quot;unit&quot;:&quot;%&quot;,&quot;size&quot;:&quot;&quot;,&quot;sizes&quot;:{&quot;start&quot;:25,&quot;end&quot;:40}},&quot;background_motion_fx_blur_level&quot;:{&quot;unit&quot;:&quot;px&quot;,&quot;size&quot;:7,&quot;sizes&quot;:[]},&quot;background_motion_fx_devices&quot;:[&quot;desktop&quot;,&quot;tablet&quot;,&quot;mobile&quot;]}\">\n\t\t\t\t\t<div class=\"e-con-inner\">\n\t\t\t\t<div class=\"elementor-element elementor-element-30957f0 elementor-widget elementor-widget-heading\" data-id=\"30957f0\" data-element_type=\"widget\" data-e-type=\"widget\" data-widget_type=\"heading.default\">\n\t\t\t\t\t<h2 class=\"elementor-heading-title elementor-size-default\">HERRAMIENTA<\/h2>\t\t\t\t<\/div>\n\t\t\t\t\t<\/div>\n\t\t\t\t<\/div>\n\t\t<div class=\"elementor-element elementor-element-4570574 animated-fast e-flex e-con-boxed elementor-invisible e-con e-parent\" data-id=\"4570574\" data-element_type=\"container\" data-e-type=\"container\" data-settings=\"{&quot;animation&quot;:&quot;slideInUp&quot;}\">\n\t\t\t\t\t<div class=\"e-con-inner\">\n\t\t\t\t<div class=\"elementor-element elementor-element-8308c5a elementor-widget elementor-widget-text-editor\" data-id=\"8308c5a\" data-element_type=\"widget\" data-e-type=\"widget\" data-widget_type=\"text-editor.default\">\n\t\t\t\t\t\t\t\t\t<p>A trav\u00e9s de Nuestros Componentes de Precisi\u00f3n ayudamos a la evoluci\u00f3n de la Industria de la M\u00e1quina Herramienta.<\/p>\t\t\t\t\t\t\t\t<\/div>\n\t\t\t\t\t<\/div>\n\t\t\t\t<\/div>\n\t\t<div class=\"elementor-element elementor-element-f5e2ef8 animated-fast e-flex e-con-boxed elementor-invisible e-con e-parent\" data-id=\"f5e2ef8\" data-element_type=\"container\" data-e-type=\"container\" data-settings=\"{&quot;animation&quot;:&quot;slideInUp&quot;}\">\n\t\t\t\t\t<div class=\"e-con-inner\">\n\t\t<div class=\"elementor-element elementor-element-ccdce5d e-con-full e-flex e-con e-parent\" data-id=\"ccdce5d\" data-element_type=\"container\" data-e-type=\"container\">\n\t\t\t\t<div class=\"elementor-element elementor-element-a3f0953 gallery-spacing-custom elementor-widget elementor-widget-image-gallery\" data-id=\"a3f0953\" data-element_type=\"widget\" data-e-type=\"widget\" data-widget_type=\"image-gallery.default\">\n\t\t\t\t\t\t\t<div class=\"elementor-image-gallery\">\n\t\t\t<div id='gallery-1' class='gallery galleryid-713 gallery-columns-2 gallery-size-full'><figure class='gallery-item'>\n\t\t\t<div class='gallery-icon landscape'>\n\t\t\t\t<a data-elementor-open-lightbox=\"yes\" data-elementor-lightbox-slideshow=\"a3f0953\" data-elementor-lightbox-title=\"1 maquinaherramienta\" data-elementor-lightbox-description=\"1 maquinaherramienta\" data-e-action-hash=\"#elementor-action%3Aaction%3Dlightbox%26settings%3DeyJpZCI6NzIxLCJ1cmwiOiJodHRwczpcL1wvd3d3LmVuZy11cmV0YS5jb21cL3dwLWNvbnRlbnRcL3VwbG9hZHNcLzIwMjNcLzA4XC8xLW1hcXVpbmFoZXJyYW1pZW50YS5qcGciLCJzbGlkZXNob3ciOiJhM2YwOTUzIn0%3D\" href='https:\/\/www.eng-ureta.com\/wp-content\/uploads\/2023\/08\/1-maquinaherramienta.jpg'><img fetchpriority=\"high\" decoding=\"async\" width=\"1000\" height=\"667\" src=\"https:\/\/www.eng-ureta.com\/wp-content\/uploads\/2023\/08\/1-maquinaherramienta.jpg\" class=\"attachment-full size-full\" alt=\"1 maquinaherramienta\" aria-describedby=\"gallery-1-721\" srcset=\"https:\/\/www.eng-ureta.com\/wp-content\/uploads\/2023\/08\/1-maquinaherramienta.jpg 1000w, https:\/\/www.eng-ureta.com\/wp-content\/uploads\/2023\/08\/1-maquinaherramienta-300x200.jpg 300w, https:\/\/www.eng-ureta.com\/wp-content\/uploads\/2023\/08\/1-maquinaherramienta-768x512.jpg 768w\" sizes=\"(max-width: 1000px) 100vw, 1000px\" loading=\"eager\" \/><\/a>\n\t\t\t<\/div>\n\t\t\t\t<figcaption class='wp-caption-text gallery-caption' id='gallery-1-721'>\n\t\t\t\t1 maquinaherramienta\n\t\t\t\t<\/figcaption><\/figure><figure class='gallery-item'>\n\t\t\t<div class='gallery-icon landscape'>\n\t\t\t\t<a data-elementor-open-lightbox=\"yes\" data-elementor-lightbox-slideshow=\"a3f0953\" data-elementor-lightbox-title=\"2 maquinaherramienta\" data-elementor-lightbox-description=\"2 maquinaherramienta\" data-e-action-hash=\"#elementor-action%3Aaction%3Dlightbox%26settings%3DeyJpZCI6NzIyLCJ1cmwiOiJodHRwczpcL1wvd3d3LmVuZy11cmV0YS5jb21cL3dwLWNvbnRlbnRcL3VwbG9hZHNcLzIwMjNcLzA4XC8yLW1hcXVpbmFoZXJyYW1pZW50YS5qcGciLCJzbGlkZXNob3ciOiJhM2YwOTUzIn0%3D\" href='https:\/\/www.eng-ureta.com\/wp-content\/uploads\/2023\/08\/2-maquinaherramienta.jpg'><img decoding=\"async\" width=\"1000\" height=\"667\" src=\"https:\/\/www.eng-ureta.com\/wp-content\/uploads\/2023\/08\/2-maquinaherramienta.jpg\" class=\"attachment-full size-full\" alt=\"2 maquinaherramienta\" aria-describedby=\"gallery-1-722\" srcset=\"https:\/\/www.eng-ureta.com\/wp-content\/uploads\/2023\/08\/2-maquinaherramienta.jpg 1000w, https:\/\/www.eng-ureta.com\/wp-content\/uploads\/2023\/08\/2-maquinaherramienta-300x200.jpg 300w, https:\/\/www.eng-ureta.com\/wp-content\/uploads\/2023\/08\/2-maquinaherramienta-768x512.jpg 768w\" sizes=\"(max-width: 1000px) 100vw, 1000px\" loading=\"eager\" \/><\/a>\n\t\t\t<\/div>\n\t\t\t\t<figcaption class='wp-caption-text gallery-caption' id='gallery-1-722'>\n\t\t\t\t2 maquinaherramienta\n\t\t\t\t<\/figcaption><\/figure><figure class='gallery-item'>\n\t\t\t<div class='gallery-icon landscape'>\n\t\t\t\t<a data-elementor-open-lightbox=\"yes\" data-elementor-lightbox-slideshow=\"a3f0953\" data-elementor-lightbox-title=\"3 maquinaherramienta\" data-elementor-lightbox-description=\"3 maquinaherramienta\" data-e-action-hash=\"#elementor-action%3Aaction%3Dlightbox%26settings%3DeyJpZCI6NzIzLCJ1cmwiOiJodHRwczpcL1wvd3d3LmVuZy11cmV0YS5jb21cL3dwLWNvbnRlbnRcL3VwbG9hZHNcLzIwMjNcLzA4XC8zLW1hcXVpbmFoZXJyYW1pZW50YS5qcGciLCJzbGlkZXNob3ciOiJhM2YwOTUzIn0%3D\" href='https:\/\/www.eng-ureta.com\/wp-content\/uploads\/2023\/08\/3-maquinaherramienta.jpg'><img decoding=\"async\" width=\"1000\" height=\"667\" src=\"https:\/\/www.eng-ureta.com\/wp-content\/uploads\/2023\/08\/3-maquinaherramienta.jpg\" class=\"attachment-full size-full\" alt=\"3 maquinaherramienta\" aria-describedby=\"gallery-1-723\" srcset=\"https:\/\/www.eng-ureta.com\/wp-content\/uploads\/2023\/08\/3-maquinaherramienta.jpg 1000w, https:\/\/www.eng-ureta.com\/wp-content\/uploads\/2023\/08\/3-maquinaherramienta-300x200.jpg 300w, https:\/\/www.eng-ureta.com\/wp-content\/uploads\/2023\/08\/3-maquinaherramienta-768x512.jpg 768w\" sizes=\"(max-width: 1000px) 100vw, 1000px\" loading=\"eager\" \/><\/a>\n\t\t\t<\/div>\n\t\t\t\t<figcaption class='wp-caption-text gallery-caption' id='gallery-1-723'>\n\t\t\t\t3 maquinaherramienta\n\t\t\t\t<\/figcaption><\/figure><figure class='gallery-item'>\n\t\t\t<div class='gallery-icon landscape'>\n\t\t\t\t<a data-elementor-open-lightbox=\"yes\" data-elementor-lightbox-slideshow=\"a3f0953\" data-elementor-lightbox-title=\"4 maquinaherramienta\" data-elementor-lightbox-description=\"4 maquinaherramienta\" data-e-action-hash=\"#elementor-action%3Aaction%3Dlightbox%26settings%3DeyJpZCI6NzI0LCJ1cmwiOiJodHRwczpcL1wvd3d3LmVuZy11cmV0YS5jb21cL3dwLWNvbnRlbnRcL3VwbG9hZHNcLzIwMjNcLzA4XC80LW1hcXVpbmFoZXJyYW1pZW50YS5qcGciLCJzbGlkZXNob3ciOiJhM2YwOTUzIn0%3D\" href='https:\/\/www.eng-ureta.com\/wp-content\/uploads\/2023\/08\/4-maquinaherramienta.jpg'><img decoding=\"async\" width=\"1000\" height=\"667\" src=\"https:\/\/www.eng-ureta.com\/wp-content\/uploads\/2023\/08\/4-maquinaherramienta.jpg\" class=\"attachment-full size-full\" alt=\"4 maquinaherramienta\" aria-describedby=\"gallery-1-724\" srcset=\"https:\/\/www.eng-ureta.com\/wp-content\/uploads\/2023\/08\/4-maquinaherramienta.jpg 1000w, https:\/\/www.eng-ureta.com\/wp-content\/uploads\/2023\/08\/4-maquinaherramienta-300x200.jpg 300w, https:\/\/www.eng-ureta.com\/wp-content\/uploads\/2023\/08\/4-maquinaherramienta-768x512.jpg 768w\" sizes=\"(max-width: 1000px) 100vw, 1000px\" loading=\"eager\" \/><\/a>\n\t\t\t<\/div>\n\t\t\t\t<figcaption class='wp-caption-text gallery-caption' id='gallery-1-724'>\n\t\t\t\t4 maquinaherramienta\n\t\t\t\t<\/figcaption><\/figure>\n\t\t<\/div>\n\t\t<\/div>\n\t\t\t\t\t\t<\/div>\n\t\t\t\t<\/div>\n\t\t\t\t\t<\/div>\n\t\t\t\t<\/div>\n\t\t<div class=\"elementor-element elementor-element-df63f8d e-flex e-con-boxed e-con e-parent\" data-id=\"df63f8d\" data-element_type=\"container\" data-e-type=\"container\">\n\t\t\t\t\t<div class=\"e-con-inner\">\n\t\t\t\t<div class=\"elementor-element elementor-element-165323d elementor-align-center elementor-widget elementor-widget-button\" data-id=\"165323d\" data-element_type=\"widget\" data-e-type=\"widget\" data-widget_type=\"button.default\">\n\t\t\t\t\t\t\t\t\t\t<a class=\"elementor-button elementor-button-link elementor-size-sm\" href=\"https:\/\/www.eng-ureta.com\/fr\/soluciones\/\">\n\t\t\t\t\t\t<span class=\"elementor-button-content-wrapper\">\n\t\t\t\t\t\t\t\t\t<span class=\"elementor-button-text\">Ver m\u00e1s Soluciones<\/span>\n\t\t\t\t\t<\/span>\n\t\t\t\t\t<\/a>\n\t\t\t\t\t\t\t\t<\/div>\n\t\t\t\t\t<\/div>\n\t\t\t\t<\/div>\n\t\t\t\t<\/div>\n\t\t","protected":false},"excerpt":{"rendered":"<p>M\u00c1QUINA HERRAMIENTA A trav\u00e9s de Nuestros Componentes de Precisi\u00f3n ayudamos a la evoluci\u00f3n de la Industria de la M\u00e1quina Herramienta. Ver m\u00e1s Soluciones<\/p>","protected":false},"author":1,"featured_media":0,"parent":527,"menu_order":0,"comment_status":"closed","ping_status":"closed","template":"","meta":{"_monsterinsights_skip_tracking":false,"_monsterinsights_sitenote_active":false,"_monsterinsights_sitenote_note":"","_monsterinsights_sitenote_category":0,"footnotes":""},"class_list":["post-713","page","type-page","status-publish","hentry"],"yoast_head":"<!-- This site is optimized with the Yoast SEO plugin v27.5 - https:\/\/yoast.com\/product\/yoast-seo-wordpress\/ -->\n<title>M\u00e1quina Herramienta - Ureta Precision Gears<\/title>\n<meta name=\"robots\" content=\"index, follow, max-snippet:-1, max-image-preview:large, max-video-preview:-1\" \/>\n<link rel=\"canonical\" href=\"https:\/\/www.eng-ureta.com\/fr\/soluciones\/maquina-herramienta\/\" \/>\n<meta property=\"og:locale\" content=\"fr_FR\" \/>\n<meta property=\"og:type\" content=\"article\" \/>\n<meta property=\"og:title\" content=\"M\u00e1quina Herramienta - Ureta Precision Gears\" \/>\n<meta property=\"og:description\" content=\"M\u00c1QUINA HERRAMIENTA A trav\u00e9s de Nuestros Componentes de Precisi\u00f3n ayudamos a la evoluci\u00f3n de la Industria de la M\u00e1quina Herramienta. Ver m\u00e1s Soluciones\" \/>\n<meta property=\"og:url\" content=\"https:\/\/www.eng-ureta.com\/fr\/soluciones\/maquina-herramienta\/\" \/>\n<meta property=\"og:site_name\" content=\"Ureta Precision Gears\" \/>\n<meta property=\"article:modified_time\" content=\"2023-08-31T10:46:59+00:00\" \/>\n<meta property=\"og:image\" content=\"http:\/\/www.eng-ureta.com\/wp-content\/uploads\/2023\/08\/1-maquinaherramienta.jpg\" \/>\n<meta name=\"twitter:card\" content=\"summary_large_image\" \/>\n<script type=\"application\/ld+json\" class=\"yoast-schema-graph\">{\"@context\":\"https:\\\/\\\/schema.org\",\"@graph\":[{\"@type\":\"WebPage\",\"@id\":\"https:\\\/\\\/www.eng-ureta.com\\\/soluciones\\\/maquina-herramienta\\\/\",\"url\":\"https:\\\/\\\/www.eng-ureta.com\\\/soluciones\\\/maquina-herramienta\\\/\",\"name\":\"M\u00e1quina Herramienta - Ureta Precision Gears\",\"isPartOf\":{\"@id\":\"https:\\\/\\\/www.eng-ureta.com\\\/#website\"},\"primaryImageOfPage\":{\"@id\":\"https:\\\/\\\/www.eng-ureta.com\\\/soluciones\\\/maquina-herramienta\\\/#primaryimage\"},\"image\":{\"@id\":\"https:\\\/\\\/www.eng-ureta.com\\\/soluciones\\\/maquina-herramienta\\\/#primaryimage\"},\"thumbnailUrl\":\"http:\\\/\\\/www.eng-ureta.com\\\/wp-content\\\/uploads\\\/2023\\\/08\\\/1-maquinaherramienta.jpg\",\"datePublished\":\"2023-08-04T08:46:39+00:00\",\"dateModified\":\"2023-08-31T10:46:59+00:00\",\"breadcrumb\":{\"@id\":\"https:\\\/\\\/www.eng-ureta.com\\\/soluciones\\\/maquina-herramienta\\\/#breadcrumb\"},\"inLanguage\":\"fr-FR\",\"potentialAction\":[{\"@type\":\"ReadAction\",\"target\":[\"https:\\\/\\\/www.eng-ureta.com\\\/soluciones\\\/maquina-herramienta\\\/\"]}]},{\"@type\":\"ImageObject\",\"inLanguage\":\"fr-FR\",\"@id\":\"https:\\\/\\\/www.eng-ureta.com\\\/soluciones\\\/maquina-herramienta\\\/#primaryimage\",\"url\":\"http:\\\/\\\/www.eng-ureta.com\\\/wp-content\\\/uploads\\\/2023\\\/08\\\/1-maquinaherramienta.jpg\",\"contentUrl\":\"http:\\\/\\\/www.eng-ureta.com\\\/wp-content\\\/uploads\\\/2023\\\/08\\\/1-maquinaherramienta.jpg\"},{\"@type\":\"BreadcrumbList\",\"@id\":\"https:\\\/\\\/www.eng-ureta.com\\\/soluciones\\\/maquina-herramienta\\\/#breadcrumb\",\"itemListElement\":[{\"@type\":\"ListItem\",\"position\":1,\"name\":\"Portada\",\"item\":\"https:\\\/\\\/www.eng-ureta.com\\\/\"},{\"@type\":\"ListItem\",\"position\":2,\"name\":\"Soluciones\",\"item\":\"https:\\\/\\\/www.eng-ureta.com\\\/soluciones\\\/\"},{\"@type\":\"ListItem\",\"position\":3,\"name\":\"M\u00e1quina Herramienta\"}]},{\"@type\":\"WebSite\",\"@id\":\"https:\\\/\\\/www.eng-ureta.com\\\/#website\",\"url\":\"https:\\\/\\\/www.eng-ureta.com\\\/\",\"name\":\"Ureta Precision Gears\",\"description\":\"Especialistas en engranajes de precisi\u00f3n\",\"publisher\":{\"@id\":\"https:\\\/\\\/www.eng-ureta.com\\\/#organization\"},\"potentialAction\":[{\"@type\":\"SearchAction\",\"target\":{\"@type\":\"EntryPoint\",\"urlTemplate\":\"https:\\\/\\\/www.eng-ureta.com\\\/?s={search_term_string}\"},\"query-input\":{\"@type\":\"PropertyValueSpecification\",\"valueRequired\":true,\"valueName\":\"search_term_string\"}}],\"inLanguage\":\"fr-FR\"},{\"@type\":\"Organization\",\"@id\":\"https:\\\/\\\/www.eng-ureta.com\\\/#organization\",\"name\":\"Ureta Precision Gears\",\"url\":\"https:\\\/\\\/www.eng-ureta.com\\\/\",\"logo\":{\"@type\":\"ImageObject\",\"inLanguage\":\"fr-FR\",\"@id\":\"https:\\\/\\\/www.eng-ureta.com\\\/#\\\/schema\\\/logo\\\/image\\\/\",\"url\":\"https:\\\/\\\/www.eng-ureta.com\\\/wp-content\\\/uploads\\\/2023\\\/05\\\/uretalogotransparente.png\",\"contentUrl\":\"https:\\\/\\\/www.eng-ureta.com\\\/wp-content\\\/uploads\\\/2023\\\/05\\\/uretalogotransparente.png\",\"width\":1280,\"height\":299,\"caption\":\"Ureta Precision Gears\"},\"image\":{\"@id\":\"https:\\\/\\\/www.eng-ureta.com\\\/#\\\/schema\\\/logo\\\/image\\\/\"},\"sameAs\":[\"https:\\\/\\\/es.linkedin.com\\\/company\\\/ureta-precision-gears\"]}]}<\/script>\n<!-- \/ Yoast SEO plugin. -->","yoast_head_json":{"title":"M\u00e1quina Herramienta - Ureta Precision Gears","robots":{"index":"index","follow":"follow","max-snippet":"max-snippet:-1","max-image-preview":"max-image-preview:large","max-video-preview":"max-video-preview:-1"},"canonical":"https:\/\/www.eng-ureta.com\/fr\/soluciones\/maquina-herramienta\/","og_locale":"fr_FR","og_type":"article","og_title":"M\u00e1quina Herramienta - Ureta Precision Gears","og_description":"M\u00c1QUINA HERRAMIENTA A trav\u00e9s de Nuestros Componentes de Precisi\u00f3n ayudamos a la evoluci\u00f3n de la Industria de la M\u00e1quina Herramienta. Ver m\u00e1s Soluciones","og_url":"https:\/\/www.eng-ureta.com\/fr\/soluciones\/maquina-herramienta\/","og_site_name":"Ureta Precision Gears","article_modified_time":"2023-08-31T10:46:59+00:00","og_image":[{"url":"http:\/\/www.eng-ureta.com\/wp-content\/uploads\/2023\/08\/1-maquinaherramienta.jpg","type":"","width":"","height":""}],"twitter_card":"summary_large_image","schema":{"@context":"https:\/\/schema.org","@graph":[{"@type":"WebPage","@id":"https:\/\/www.eng-ureta.com\/soluciones\/maquina-herramienta\/","url":"https:\/\/www.eng-ureta.com\/soluciones\/maquina-herramienta\/","name":"M\u00e1quina Herramienta - Ureta Precision Gears","isPartOf":{"@id":"https:\/\/www.eng-ureta.com\/#website"},"primaryImageOfPage":{"@id":"https:\/\/www.eng-ureta.com\/soluciones\/maquina-herramienta\/#primaryimage"},"image":{"@id":"https:\/\/www.eng-ureta.com\/soluciones\/maquina-herramienta\/#primaryimage"},"thumbnailUrl":"http:\/\/www.eng-ureta.com\/wp-content\/uploads\/2023\/08\/1-maquinaherramienta.jpg","datePublished":"2023-08-04T08:46:39+00:00","dateModified":"2023-08-31T10:46:59+00:00","breadcrumb":{"@id":"https:\/\/www.eng-ureta.com\/soluciones\/maquina-herramienta\/#breadcrumb"},"inLanguage":"fr-FR","potentialAction":[{"@type":"ReadAction","target":["https:\/\/www.eng-ureta.com\/soluciones\/maquina-herramienta\/"]}]},{"@type":"ImageObject","inLanguage":"fr-FR","@id":"https:\/\/www.eng-ureta.com\/soluciones\/maquina-herramienta\/#primaryimage","url":"http:\/\/www.eng-ureta.com\/wp-content\/uploads\/2023\/08\/1-maquinaherramienta.jpg","contentUrl":"http:\/\/www.eng-ureta.com\/wp-content\/uploads\/2023\/08\/1-maquinaherramienta.jpg"},{"@type":"BreadcrumbList","@id":"https:\/\/www.eng-ureta.com\/soluciones\/maquina-herramienta\/#breadcrumb","itemListElement":[{"@type":"ListItem","position":1,"name":"Portada","item":"https:\/\/www.eng-ureta.com\/"},{"@type":"ListItem","position":2,"name":"Soluciones","item":"https:\/\/www.eng-ureta.com\/soluciones\/"},{"@type":"ListItem","position":3,"name":"M\u00e1quina Herramienta"}]},{"@type":"WebSite","@id":"https:\/\/www.eng-ureta.com\/#website","url":"https:\/\/www.eng-ureta.com\/","name":"Ureta Precision Gears","description":"Especialistas en engranajes de precisi\u00f3n","publisher":{"@id":"https:\/\/www.eng-ureta.com\/#organization"},"potentialAction":[{"@type":"SearchAction","target":{"@type":"EntryPoint","urlTemplate":"https:\/\/www.eng-ureta.com\/?s={search_term_string}"},"query-input":{"@type":"PropertyValueSpecification","valueRequired":true,"valueName":"search_term_string"}}],"inLanguage":"fr-FR"},{"@type":"Organization","@id":"https:\/\/www.eng-ureta.com\/#organization","name":"Ureta Precision Gears","url":"https:\/\/www.eng-ureta.com\/","logo":{"@type":"ImageObject","inLanguage":"fr-FR","@id":"https:\/\/www.eng-ureta.com\/#\/schema\/logo\/image\/","url":"https:\/\/www.eng-ureta.com\/wp-content\/uploads\/2023\/05\/uretalogotransparente.png","contentUrl":"https:\/\/www.eng-ureta.com\/wp-content\/uploads\/2023\/05\/uretalogotransparente.png","width":1280,"height":299,"caption":"Ureta Precision Gears"},"image":{"@id":"https:\/\/www.eng-ureta.com\/#\/schema\/logo\/image\/"},"sameAs":["https:\/\/es.linkedin.com\/company\/ureta-precision-gears"]}]}},"_links":{"self":[{"href":"https:\/\/www.eng-ureta.com\/fr\/wp-json\/wp\/v2\/pages\/713","targetHints":{"allow":["GET"]}}],"collection":[{"href":"https:\/\/www.eng-ureta.com\/fr\/wp-json\/wp\/v2\/pages"}],"about":[{"href":"https:\/\/www.eng-ureta.com\/fr\/wp-json\/wp\/v2\/types\/page"}],"author":[{"embeddable":true,"href":"https:\/\/www.eng-ureta.com\/fr\/wp-json\/wp\/v2\/users\/1"}],"replies":[{"embeddable":true,"href":"https:\/\/www.eng-ureta.com\/fr\/wp-json\/wp\/v2\/comments?post=713"}],"version-history":[{"count":0,"href":"https:\/\/www.eng-ureta.com\/fr\/wp-json\/wp\/v2\/pages\/713\/revisions"}],"up":[{"embeddable":true,"href":"https:\/\/www.eng-ureta.com\/fr\/wp-json\/wp\/v2\/pages\/527"}],"wp:attachment":[{"href":"https:\/\/www.eng-ureta.com\/fr\/wp-json\/wp\/v2\/media?parent=713"}],"curies":[{"name":"wp","href":"https:\/\/api.w.org\/{rel}","templated":true}]}}