{"id":761,"date":"2023-08-04T09:03:43","date_gmt":"2023-08-04T09:03:43","guid":{"rendered":"http:\/\/www.eng-ureta.com\/?page_id=761"},"modified":"2023-09-05T10:01:29","modified_gmt":"2023-09-05T10:01:29","slug":"cilindricos-rectos-y-helicoidales","status":"publish","type":"page","link":"https:\/\/www.eng-ureta.com\/fr\/soluciones\/cilindricos-rectos-y-helicoidales\/","title":{"rendered":"Cylindrique denture droite et h\u00e9lico\u00efdale"},"content":{"rendered":"\t\t<div data-elementor-type=\"wp-page\" data-elementor-id=\"761\" class=\"elementor elementor-761\" data-elementor-post-type=\"page\">\n\t\t\t\t<div class=\"elementor-element elementor-element-3423583 e-flex e-con-boxed e-con e-parent\" data-id=\"3423583\" data-element_type=\"container\" data-e-type=\"container\">\n\t\t\t\t\t<div class=\"e-con-inner\">\n\t\t\t\t<div class=\"elementor-element elementor-element-2a3f6c2 elementor-widget elementor-widget-heading\" data-id=\"2a3f6c2\" data-element_type=\"widget\" data-e-type=\"widget\" data-widget_type=\"heading.default\">\n\t\t\t\t\t<h2 class=\"elementor-heading-title elementor-size-default\">CIL\u00cdNDRICOS<\/h2>\t\t\t\t<\/div>\n\t\t\t\t\t<\/div>\n\t\t\t\t<\/div>\n\t\t<div class=\"elementor-element elementor-element-79f30c3 animated-fast e-flex e-con-boxed elementor-invisible e-con e-parent\" data-id=\"79f30c3\" data-element_type=\"container\" data-e-type=\"container\" data-settings=\"{&quot;background_background&quot;:&quot;classic&quot;,&quot;animation&quot;:&quot;slideInUp&quot;,&quot;background_motion_fx_motion_fx_scrolling&quot;:&quot;yes&quot;,&quot;background_motion_fx_blur_effect&quot;:&quot;yes&quot;,&quot;background_motion_fx_blur_direction&quot;:&quot;in-out&quot;,&quot;background_motion_fx_blur_range&quot;:{&quot;unit&quot;:&quot;%&quot;,&quot;size&quot;:&quot;&quot;,&quot;sizes&quot;:{&quot;start&quot;:25,&quot;end&quot;:34}},&quot;background_motion_fx_blur_level&quot;:{&quot;unit&quot;:&quot;px&quot;,&quot;size&quot;:7,&quot;sizes&quot;:[]},&quot;background_motion_fx_devices&quot;:[&quot;desktop&quot;,&quot;tablet&quot;,&quot;mobile&quot;]}\">\n\t\t\t\t\t<div class=\"e-con-inner\">\n\t\t\t\t<div class=\"elementor-element elementor-element-2fe3ec9 elementor-widget elementor-widget-heading\" data-id=\"2fe3ec9\" data-element_type=\"widget\" data-e-type=\"widget\" data-widget_type=\"heading.default\">\n\t\t\t\t\t<h2 class=\"elementor-heading-title elementor-size-default\">RECTOS Y HELICOIDALES<\/h2>\t\t\t\t<\/div>\n\t\t\t\t\t<\/div>\n\t\t\t\t<\/div>\n\t\t<div class=\"elementor-element elementor-element-de45579 animated-fast e-flex e-con-boxed elementor-invisible e-con e-parent\" data-id=\"de45579\" data-element_type=\"container\" data-e-type=\"container\" data-settings=\"{&quot;animation&quot;:&quot;slideInUp&quot;}\">\n\t\t\t\t\t<div class=\"e-con-inner\">\n\t\t<div class=\"elementor-element elementor-element-21ff7c2 e-con-full e-flex e-con e-parent\" data-id=\"21ff7c2\" data-element_type=\"container\" data-e-type=\"container\">\n\t\t<div class=\"elementor-element elementor-element-99bb5aa e-con-full e-flex e-con e-parent\" data-id=\"99bb5aa\" data-element_type=\"container\" data-e-type=\"container\">\n\t\t\t\t<div class=\"elementor-element elementor-element-491401e gallery-spacing-custom elementor-widget elementor-widget-image-gallery\" data-id=\"491401e\" data-element_type=\"widget\" data-e-type=\"widget\" data-widget_type=\"image-gallery.default\">\n\t\t\t\t\t\t\t<div class=\"elementor-image-gallery\">\n\t\t\t<div id='gallery-1' class='gallery galleryid-761 gallery-columns-1 gallery-size-full'><figure class='gallery-item'>\n\t\t\t<div class='gallery-icon landscape'>\n\t\t\t\t<img fetchpriority=\"high\" decoding=\"async\" width=\"716\" height=\"194\" src=\"https:\/\/www.eng-ureta.com\/wp-content\/uploads\/2023\/08\/SCR-20230804-kbzw.png\" class=\"attachment-full size-full\" alt=\"SCR 20230804 kbzw\" aria-describedby=\"gallery-1-768\" srcset=\"https:\/\/www.eng-ureta.com\/wp-content\/uploads\/2023\/08\/SCR-20230804-kbzw.png 716w, https:\/\/www.eng-ureta.com\/wp-content\/uploads\/2023\/08\/SCR-20230804-kbzw-300x81.png 300w\" sizes=\"(max-width: 716px) 100vw, 716px\" loading=\"eager\" \/>\n\t\t\t<\/div>\n\t\t\t\t<figcaption class='wp-caption-text gallery-caption' id='gallery-1-768'>\n\t\t\t\tSCR 20230804 kbzw\n\t\t\t\t<\/figcaption><\/figure>\n\t\t<\/div>\n\t\t<\/div>\n\t\t\t\t\t\t<\/div>\n\t\t\t\t<\/div>\n\t\t<div class=\"elementor-element elementor-element-9377048 e-con-full e-flex e-con e-parent\" data-id=\"9377048\" data-element_type=\"container\" data-e-type=\"container\">\n\t\t\t\t<div class=\"elementor-element elementor-element-d768981 gallery-spacing-custom elementor-widget elementor-widget-image-gallery\" data-id=\"d768981\" data-element_type=\"widget\" data-e-type=\"widget\" data-widget_type=\"image-gallery.default\">\n\t\t\t\t\t\t\t<div class=\"elementor-image-gallery\">\n\t\t\t<div id='gallery-2' class='gallery galleryid-761 gallery-columns-2 gallery-size-full'><figure class='gallery-item'>\n\t\t\t<div class='gallery-icon landscape'>\n\t\t\t\t<a data-elementor-open-lightbox=\"yes\" data-elementor-lightbox-slideshow=\"d768981\" data-elementor-lightbox-title=\"6 cilindrico\" data-elementor-lightbox-description=\"6 cilindrico\" data-e-action-hash=\"#elementor-action%3Aaction%3Dlightbox%26settings%3DeyJpZCI6NzY3LCJ1cmwiOiJodHRwczpcL1wvd3d3LmVuZy11cmV0YS5jb21cL3dwLWNvbnRlbnRcL3VwbG9hZHNcLzIwMjNcLzA4XC82LWNpbGluZHJpY28uanBnIiwic2xpZGVzaG93IjoiZDc2ODk4MSJ9\" href='https:\/\/www.eng-ureta.com\/wp-content\/uploads\/2023\/08\/6-cilindrico.jpg'><img decoding=\"async\" width=\"1000\" height=\"667\" src=\"https:\/\/www.eng-ureta.com\/wp-content\/uploads\/2023\/08\/6-cilindrico.jpg\" class=\"attachment-full size-full\" alt=\"6 cilindrico\" aria-describedby=\"gallery-2-767\" srcset=\"https:\/\/www.eng-ureta.com\/wp-content\/uploads\/2023\/08\/6-cilindrico.jpg 1000w, https:\/\/www.eng-ureta.com\/wp-content\/uploads\/2023\/08\/6-cilindrico-300x200.jpg 300w, https:\/\/www.eng-ureta.com\/wp-content\/uploads\/2023\/08\/6-cilindrico-768x512.jpg 768w\" sizes=\"(max-width: 1000px) 100vw, 1000px\" loading=\"eager\" \/><\/a>\n\t\t\t<\/div>\n\t\t\t\t<figcaption class='wp-caption-text gallery-caption' id='gallery-2-767'>\n\t\t\t\t6 cilindrico\n\t\t\t\t<\/figcaption><\/figure><figure class='gallery-item'>\n\t\t\t<div class='gallery-icon landscape'>\n\t\t\t\t<a data-elementor-open-lightbox=\"yes\" data-elementor-lightbox-slideshow=\"d768981\" data-elementor-lightbox-title=\"5 cilindrico\" data-elementor-lightbox-description=\"5 cilindrico\" data-e-action-hash=\"#elementor-action%3Aaction%3Dlightbox%26settings%3DeyJpZCI6NzY2LCJ1cmwiOiJodHRwczpcL1wvd3d3LmVuZy11cmV0YS5jb21cL3dwLWNvbnRlbnRcL3VwbG9hZHNcLzIwMjNcLzA4XC81LWNpbGluZHJpY28uanBnIiwic2xpZGVzaG93IjoiZDc2ODk4MSJ9\" href='https:\/\/www.eng-ureta.com\/wp-content\/uploads\/2023\/08\/5-cilindrico.jpg'><img decoding=\"async\" width=\"1000\" height=\"667\" src=\"https:\/\/www.eng-ureta.com\/wp-content\/uploads\/2023\/08\/5-cilindrico.jpg\" class=\"attachment-full size-full\" alt=\"5 cilindrico\" aria-describedby=\"gallery-2-766\" srcset=\"https:\/\/www.eng-ureta.com\/wp-content\/uploads\/2023\/08\/5-cilindrico.jpg 1000w, https:\/\/www.eng-ureta.com\/wp-content\/uploads\/2023\/08\/5-cilindrico-300x200.jpg 300w, https:\/\/www.eng-ureta.com\/wp-content\/uploads\/2023\/08\/5-cilindrico-768x512.jpg 768w\" sizes=\"(max-width: 1000px) 100vw, 1000px\" loading=\"eager\" \/><\/a>\n\t\t\t<\/div>\n\t\t\t\t<figcaption class='wp-caption-text gallery-caption' id='gallery-2-766'>\n\t\t\t\t5 cilindrico\n\t\t\t\t<\/figcaption><\/figure><figure class='gallery-item'>\n\t\t\t<div class='gallery-icon landscape'>\n\t\t\t\t<a data-elementor-open-lightbox=\"yes\" data-elementor-lightbox-slideshow=\"d768981\" data-elementor-lightbox-title=\"2 cilindrico\" data-elementor-lightbox-description=\"2 cilindrico\" data-e-action-hash=\"#elementor-action%3Aaction%3Dlightbox%26settings%3DeyJpZCI6NzY1LCJ1cmwiOiJodHRwczpcL1wvd3d3LmVuZy11cmV0YS5jb21cL3dwLWNvbnRlbnRcL3VwbG9hZHNcLzIwMjNcLzA4XC8yLWNpbGluZHJpY28uanBnIiwic2xpZGVzaG93IjoiZDc2ODk4MSJ9\" href='https:\/\/www.eng-ureta.com\/wp-content\/uploads\/2023\/08\/2-cilindrico.jpg'><img decoding=\"async\" width=\"1000\" height=\"667\" src=\"https:\/\/www.eng-ureta.com\/wp-content\/uploads\/2023\/08\/2-cilindrico.jpg\" class=\"attachment-full size-full\" alt=\"2 cilindrico\" aria-describedby=\"gallery-2-765\" srcset=\"https:\/\/www.eng-ureta.com\/wp-content\/uploads\/2023\/08\/2-cilindrico.jpg 1000w, https:\/\/www.eng-ureta.com\/wp-content\/uploads\/2023\/08\/2-cilindrico-300x200.jpg 300w, https:\/\/www.eng-ureta.com\/wp-content\/uploads\/2023\/08\/2-cilindrico-768x512.jpg 768w\" sizes=\"(max-width: 1000px) 100vw, 1000px\" loading=\"eager\" \/><\/a>\n\t\t\t<\/div>\n\t\t\t\t<figcaption class='wp-caption-text gallery-caption' id='gallery-2-765'>\n\t\t\t\t2 cilindrico\n\t\t\t\t<\/figcaption><\/figure><figure class='gallery-item'>\n\t\t\t<div class='gallery-icon landscape'>\n\t\t\t\t<a data-elementor-open-lightbox=\"yes\" data-elementor-lightbox-slideshow=\"d768981\" data-elementor-lightbox-title=\"1 cilindrico\" data-elementor-lightbox-description=\"1 cilindrico\" data-e-action-hash=\"#elementor-action%3Aaction%3Dlightbox%26settings%3DeyJpZCI6NzY0LCJ1cmwiOiJodHRwczpcL1wvd3d3LmVuZy11cmV0YS5jb21cL3dwLWNvbnRlbnRcL3VwbG9hZHNcLzIwMjNcLzA4XC8xLWNpbGluZHJpY28uanBnIiwic2xpZGVzaG93IjoiZDc2ODk4MSJ9\" href='https:\/\/www.eng-ureta.com\/wp-content\/uploads\/2023\/08\/1-cilindrico.jpg'><img decoding=\"async\" width=\"1000\" height=\"667\" src=\"https:\/\/www.eng-ureta.com\/wp-content\/uploads\/2023\/08\/1-cilindrico.jpg\" class=\"attachment-full size-full\" alt=\"1 cilindrico\" aria-describedby=\"gallery-2-764\" srcset=\"https:\/\/www.eng-ureta.com\/wp-content\/uploads\/2023\/08\/1-cilindrico.jpg 1000w, https:\/\/www.eng-ureta.com\/wp-content\/uploads\/2023\/08\/1-cilindrico-300x200.jpg 300w, https:\/\/www.eng-ureta.com\/wp-content\/uploads\/2023\/08\/1-cilindrico-768x512.jpg 768w\" sizes=\"(max-width: 1000px) 100vw, 1000px\" loading=\"eager\" \/><\/a>\n\t\t\t<\/div>\n\t\t\t\t<figcaption class='wp-caption-text gallery-caption' id='gallery-2-764'>\n\t\t\t\t1 cilindrico\n\t\t\t\t<\/figcaption><\/figure><figure class='gallery-item'>\n\t\t\t<div class='gallery-icon landscape'>\n\t\t\t\t<a data-elementor-open-lightbox=\"yes\" data-elementor-lightbox-slideshow=\"d768981\" data-elementor-lightbox-title=\"7 cilindrico\" data-elementor-lightbox-description=\"7 cilindrico\" data-e-action-hash=\"#elementor-action%3Aaction%3Dlightbox%26settings%3DeyJpZCI6NzYzLCJ1cmwiOiJodHRwczpcL1wvd3d3LmVuZy11cmV0YS5jb21cL3dwLWNvbnRlbnRcL3VwbG9hZHNcLzIwMjNcLzA4XC83LWNpbGluZHJpY28uanBnIiwic2xpZGVzaG93IjoiZDc2ODk4MSJ9\" href='https:\/\/www.eng-ureta.com\/wp-content\/uploads\/2023\/08\/7-cilindrico.jpg'><img decoding=\"async\" width=\"1000\" height=\"667\" src=\"https:\/\/www.eng-ureta.com\/wp-content\/uploads\/2023\/08\/7-cilindrico.jpg\" class=\"attachment-full size-full\" alt=\"7 cilindrico\" aria-describedby=\"gallery-2-763\" srcset=\"https:\/\/www.eng-ureta.com\/wp-content\/uploads\/2023\/08\/7-cilindrico.jpg 1000w, https:\/\/www.eng-ureta.com\/wp-content\/uploads\/2023\/08\/7-cilindrico-300x200.jpg 300w, https:\/\/www.eng-ureta.com\/wp-content\/uploads\/2023\/08\/7-cilindrico-768x512.jpg 768w\" sizes=\"(max-width: 1000px) 100vw, 1000px\" loading=\"eager\" \/><\/a>\n\t\t\t<\/div>\n\t\t\t\t<figcaption class='wp-caption-text gallery-caption' id='gallery-2-763'>\n\t\t\t\t7 cilindrico\n\t\t\t\t<\/figcaption><\/figure>\n\t\t<\/div>\n\t\t<\/div>\n\t\t\t\t\t\t<\/div>\n\t\t\t\t<\/div>\n\t\t\t\t<\/div>\n\t\t\t\t\t<\/div>\n\t\t\t\t<\/div>\n\t\t<div class=\"elementor-element elementor-element-f0dc05a e-flex e-con-boxed e-con e-parent\" data-id=\"f0dc05a\" data-element_type=\"container\" data-e-type=\"container\">\n\t\t\t\t\t<div class=\"e-con-inner\">\n\t\t\t\t<div class=\"elementor-element elementor-element-d9859b5 elementor-align-center elementor-widget elementor-widget-button\" data-id=\"d9859b5\" data-element_type=\"widget\" data-e-type=\"widget\" data-widget_type=\"button.default\">\n\t\t\t\t\t\t\t\t\t\t<a class=\"elementor-button elementor-button-link elementor-size-sm\" href=\"https:\/\/www.eng-ureta.com\/fr\/soluciones\/\">\n\t\t\t\t\t\t<span class=\"elementor-button-content-wrapper\">\n\t\t\t\t\t\t\t\t\t<span class=\"elementor-button-text\">Ver m\u00e1s Soluciones<\/span>\n\t\t\t\t\t<\/span>\n\t\t\t\t\t<\/a>\n\t\t\t\t\t\t\t\t<\/div>\n\t\t\t\t\t<\/div>\n\t\t\t\t<\/div>\n\t\t\t\t<\/div>\n\t\t","protected":false},"excerpt":{"rendered":"<p>CIL\u00cdNDRICOS RECTOS Y HELICOIDALES Ver m\u00e1s Soluciones<\/p>","protected":false},"author":1,"featured_media":0,"parent":527,"menu_order":0,"comment_status":"closed","ping_status":"closed","template":"","meta":{"_monsterinsights_skip_tracking":false,"_monsterinsights_sitenote_active":false,"_monsterinsights_sitenote_note":"","_monsterinsights_sitenote_category":0,"footnotes":""},"class_list":["post-761","page","type-page","status-publish","hentry"],"yoast_head":"<!-- This site is optimized with the Yoast SEO plugin v27.5 - https:\/\/yoast.com\/product\/yoast-seo-wordpress\/ -->\n<title>Cil\u00edndricos rectos y helicoidales - Ureta Precision Gears<\/title>\n<meta name=\"robots\" content=\"index, follow, max-snippet:-1, max-image-preview:large, max-video-preview:-1\" \/>\n<link rel=\"canonical\" href=\"https:\/\/www.eng-ureta.com\/fr\/soluciones\/cilindricos-rectos-y-helicoidales\/\" \/>\n<meta property=\"og:locale\" content=\"fr_FR\" \/>\n<meta property=\"og:type\" content=\"article\" \/>\n<meta property=\"og:title\" content=\"Cil\u00edndricos rectos y helicoidales - Ureta Precision Gears\" \/>\n<meta property=\"og:description\" content=\"CIL\u00cdNDRICOS RECTOS Y HELICOIDALES Ver m\u00e1s Soluciones\" \/>\n<meta property=\"og:url\" content=\"https:\/\/www.eng-ureta.com\/fr\/soluciones\/cilindricos-rectos-y-helicoidales\/\" \/>\n<meta property=\"og:site_name\" content=\"Ureta Precision Gears\" \/>\n<meta property=\"article:modified_time\" content=\"2023-09-05T10:01:29+00:00\" \/>\n<meta property=\"og:image\" content=\"http:\/\/www.eng-ureta.com\/wp-content\/uploads\/2023\/08\/SCR-20230804-kbzw.png\" \/>\n<meta name=\"twitter:card\" content=\"summary_large_image\" \/>\n<script type=\"application\/ld+json\" class=\"yoast-schema-graph\">{\"@context\":\"https:\\\/\\\/schema.org\",\"@graph\":[{\"@type\":\"WebPage\",\"@id\":\"https:\\\/\\\/www.eng-ureta.com\\\/soluciones\\\/cilindricos-rectos-y-helicoidales\\\/\",\"url\":\"https:\\\/\\\/www.eng-ureta.com\\\/soluciones\\\/cilindricos-rectos-y-helicoidales\\\/\",\"name\":\"Cil\u00edndricos rectos y helicoidales - Ureta Precision Gears\",\"isPartOf\":{\"@id\":\"https:\\\/\\\/www.eng-ureta.com\\\/#website\"},\"primaryImageOfPage\":{\"@id\":\"https:\\\/\\\/www.eng-ureta.com\\\/soluciones\\\/cilindricos-rectos-y-helicoidales\\\/#primaryimage\"},\"image\":{\"@id\":\"https:\\\/\\\/www.eng-ureta.com\\\/soluciones\\\/cilindricos-rectos-y-helicoidales\\\/#primaryimage\"},\"thumbnailUrl\":\"http:\\\/\\\/www.eng-ureta.com\\\/wp-content\\\/uploads\\\/2023\\\/08\\\/SCR-20230804-kbzw.png\",\"datePublished\":\"2023-08-04T09:03:43+00:00\",\"dateModified\":\"2023-09-05T10:01:29+00:00\",\"breadcrumb\":{\"@id\":\"https:\\\/\\\/www.eng-ureta.com\\\/soluciones\\\/cilindricos-rectos-y-helicoidales\\\/#breadcrumb\"},\"inLanguage\":\"fr-FR\",\"potentialAction\":[{\"@type\":\"ReadAction\",\"target\":[\"https:\\\/\\\/www.eng-ureta.com\\\/soluciones\\\/cilindricos-rectos-y-helicoidales\\\/\"]}]},{\"@type\":\"ImageObject\",\"inLanguage\":\"fr-FR\",\"@id\":\"https:\\\/\\\/www.eng-ureta.com\\\/soluciones\\\/cilindricos-rectos-y-helicoidales\\\/#primaryimage\",\"url\":\"http:\\\/\\\/www.eng-ureta.com\\\/wp-content\\\/uploads\\\/2023\\\/08\\\/SCR-20230804-kbzw.png\",\"contentUrl\":\"http:\\\/\\\/www.eng-ureta.com\\\/wp-content\\\/uploads\\\/2023\\\/08\\\/SCR-20230804-kbzw.png\"},{\"@type\":\"BreadcrumbList\",\"@id\":\"https:\\\/\\\/www.eng-ureta.com\\\/soluciones\\\/cilindricos-rectos-y-helicoidales\\\/#breadcrumb\",\"itemListElement\":[{\"@type\":\"ListItem\",\"position\":1,\"name\":\"Portada\",\"item\":\"https:\\\/\\\/www.eng-ureta.com\\\/\"},{\"@type\":\"ListItem\",\"position\":2,\"name\":\"Soluciones\",\"item\":\"https:\\\/\\\/www.eng-ureta.com\\\/soluciones\\\/\"},{\"@type\":\"ListItem\",\"position\":3,\"name\":\"Cil\u00edndricos rectos y helicoidales\"}]},{\"@type\":\"WebSite\",\"@id\":\"https:\\\/\\\/www.eng-ureta.com\\\/#website\",\"url\":\"https:\\\/\\\/www.eng-ureta.com\\\/\",\"name\":\"Ureta Precision Gears\",\"description\":\"Especialistas en engranajes de precisi\u00f3n\",\"publisher\":{\"@id\":\"https:\\\/\\\/www.eng-ureta.com\\\/#organization\"},\"potentialAction\":[{\"@type\":\"SearchAction\",\"target\":{\"@type\":\"EntryPoint\",\"urlTemplate\":\"https:\\\/\\\/www.eng-ureta.com\\\/?s={search_term_string}\"},\"query-input\":{\"@type\":\"PropertyValueSpecification\",\"valueRequired\":true,\"valueName\":\"search_term_string\"}}],\"inLanguage\":\"fr-FR\"},{\"@type\":\"Organization\",\"@id\":\"https:\\\/\\\/www.eng-ureta.com\\\/#organization\",\"name\":\"Ureta Precision Gears\",\"url\":\"https:\\\/\\\/www.eng-ureta.com\\\/\",\"logo\":{\"@type\":\"ImageObject\",\"inLanguage\":\"fr-FR\",\"@id\":\"https:\\\/\\\/www.eng-ureta.com\\\/#\\\/schema\\\/logo\\\/image\\\/\",\"url\":\"https:\\\/\\\/www.eng-ureta.com\\\/wp-content\\\/uploads\\\/2023\\\/05\\\/uretalogotransparente.png\",\"contentUrl\":\"https:\\\/\\\/www.eng-ureta.com\\\/wp-content\\\/uploads\\\/2023\\\/05\\\/uretalogotransparente.png\",\"width\":1280,\"height\":299,\"caption\":\"Ureta Precision Gears\"},\"image\":{\"@id\":\"https:\\\/\\\/www.eng-ureta.com\\\/#\\\/schema\\\/logo\\\/image\\\/\"},\"sameAs\":[\"https:\\\/\\\/es.linkedin.com\\\/company\\\/ureta-precision-gears\"]}]}<\/script>\n<!-- \/ Yoast SEO plugin. -->","yoast_head_json":{"title":"Cil\u00edndricos rectos y helicoidales - Ureta Precision Gears","robots":{"index":"index","follow":"follow","max-snippet":"max-snippet:-1","max-image-preview":"max-image-preview:large","max-video-preview":"max-video-preview:-1"},"canonical":"https:\/\/www.eng-ureta.com\/fr\/soluciones\/cilindricos-rectos-y-helicoidales\/","og_locale":"fr_FR","og_type":"article","og_title":"Cil\u00edndricos rectos y helicoidales - Ureta Precision Gears","og_description":"CIL\u00cdNDRICOS RECTOS Y HELICOIDALES Ver m\u00e1s Soluciones","og_url":"https:\/\/www.eng-ureta.com\/fr\/soluciones\/cilindricos-rectos-y-helicoidales\/","og_site_name":"Ureta Precision Gears","article_modified_time":"2023-09-05T10:01:29+00:00","og_image":[{"url":"http:\/\/www.eng-ureta.com\/wp-content\/uploads\/2023\/08\/SCR-20230804-kbzw.png","type":"","width":"","height":""}],"twitter_card":"summary_large_image","schema":{"@context":"https:\/\/schema.org","@graph":[{"@type":"WebPage","@id":"https:\/\/www.eng-ureta.com\/soluciones\/cilindricos-rectos-y-helicoidales\/","url":"https:\/\/www.eng-ureta.com\/soluciones\/cilindricos-rectos-y-helicoidales\/","name":"Cil\u00edndricos rectos y helicoidales - Ureta Precision Gears","isPartOf":{"@id":"https:\/\/www.eng-ureta.com\/#website"},"primaryImageOfPage":{"@id":"https:\/\/www.eng-ureta.com\/soluciones\/cilindricos-rectos-y-helicoidales\/#primaryimage"},"image":{"@id":"https:\/\/www.eng-ureta.com\/soluciones\/cilindricos-rectos-y-helicoidales\/#primaryimage"},"thumbnailUrl":"http:\/\/www.eng-ureta.com\/wp-content\/uploads\/2023\/08\/SCR-20230804-kbzw.png","datePublished":"2023-08-04T09:03:43+00:00","dateModified":"2023-09-05T10:01:29+00:00","breadcrumb":{"@id":"https:\/\/www.eng-ureta.com\/soluciones\/cilindricos-rectos-y-helicoidales\/#breadcrumb"},"inLanguage":"fr-FR","potentialAction":[{"@type":"ReadAction","target":["https:\/\/www.eng-ureta.com\/soluciones\/cilindricos-rectos-y-helicoidales\/"]}]},{"@type":"ImageObject","inLanguage":"fr-FR","@id":"https:\/\/www.eng-ureta.com\/soluciones\/cilindricos-rectos-y-helicoidales\/#primaryimage","url":"http:\/\/www.eng-ureta.com\/wp-content\/uploads\/2023\/08\/SCR-20230804-kbzw.png","contentUrl":"http:\/\/www.eng-ureta.com\/wp-content\/uploads\/2023\/08\/SCR-20230804-kbzw.png"},{"@type":"BreadcrumbList","@id":"https:\/\/www.eng-ureta.com\/soluciones\/cilindricos-rectos-y-helicoidales\/#breadcrumb","itemListElement":[{"@type":"ListItem","position":1,"name":"Portada","item":"https:\/\/www.eng-ureta.com\/"},{"@type":"ListItem","position":2,"name":"Soluciones","item":"https:\/\/www.eng-ureta.com\/soluciones\/"},{"@type":"ListItem","position":3,"name":"Cil\u00edndricos rectos y helicoidales"}]},{"@type":"WebSite","@id":"https:\/\/www.eng-ureta.com\/#website","url":"https:\/\/www.eng-ureta.com\/","name":"Ureta Precision Gears","description":"Especialistas en engranajes de precisi\u00f3n","publisher":{"@id":"https:\/\/www.eng-ureta.com\/#organization"},"potentialAction":[{"@type":"SearchAction","target":{"@type":"EntryPoint","urlTemplate":"https:\/\/www.eng-ureta.com\/?s={search_term_string}"},"query-input":{"@type":"PropertyValueSpecification","valueRequired":true,"valueName":"search_term_string"}}],"inLanguage":"fr-FR"},{"@type":"Organization","@id":"https:\/\/www.eng-ureta.com\/#organization","name":"Ureta Precision Gears","url":"https:\/\/www.eng-ureta.com\/","logo":{"@type":"ImageObject","inLanguage":"fr-FR","@id":"https:\/\/www.eng-ureta.com\/#\/schema\/logo\/image\/","url":"https:\/\/www.eng-ureta.com\/wp-content\/uploads\/2023\/05\/uretalogotransparente.png","contentUrl":"https:\/\/www.eng-ureta.com\/wp-content\/uploads\/2023\/05\/uretalogotransparente.png","width":1280,"height":299,"caption":"Ureta Precision Gears"},"image":{"@id":"https:\/\/www.eng-ureta.com\/#\/schema\/logo\/image\/"},"sameAs":["https:\/\/es.linkedin.com\/company\/ureta-precision-gears"]}]}},"_links":{"self":[{"href":"https:\/\/www.eng-ureta.com\/fr\/wp-json\/wp\/v2\/pages\/761","targetHints":{"allow":["GET"]}}],"collection":[{"href":"https:\/\/www.eng-ureta.com\/fr\/wp-json\/wp\/v2\/pages"}],"about":[{"href":"https:\/\/www.eng-ureta.com\/fr\/wp-json\/wp\/v2\/types\/page"}],"author":[{"embeddable":true,"href":"https:\/\/www.eng-ureta.com\/fr\/wp-json\/wp\/v2\/users\/1"}],"replies":[{"embeddable":true,"href":"https:\/\/www.eng-ureta.com\/fr\/wp-json\/wp\/v2\/comments?post=761"}],"version-history":[{"count":0,"href":"https:\/\/www.eng-ureta.com\/fr\/wp-json\/wp\/v2\/pages\/761\/revisions"}],"up":[{"embeddable":true,"href":"https:\/\/www.eng-ureta.com\/fr\/wp-json\/wp\/v2\/pages\/527"}],"wp:attachment":[{"href":"https:\/\/www.eng-ureta.com\/fr\/wp-json\/wp\/v2\/media?parent=761"}],"curies":[{"name":"wp","href":"https:\/\/api.w.org\/{rel}","templated":true}]}}