{"id":842,"date":"2023-08-04T09:27:51","date_gmt":"2023-08-04T09:27:51","guid":{"rendered":"http:\/\/www.eng-ureta.com\/?page_id=842"},"modified":"2023-09-05T10:01:59","modified_gmt":"2023-09-05T10:01:59","slug":"dentados-interiores-rectos-y-helicoidales","status":"publish","type":"page","link":"https:\/\/www.eng-ureta.com\/fr\/soluciones\/dentados-interiores-rectos-y-helicoidales\/","title":{"rendered":"Dentures internes droites et h\u00e9lico\u00efdales (couronnes plan\u00e9taires)"},"content":{"rendered":"\t\t<div data-elementor-type=\"wp-page\" data-elementor-id=\"842\" class=\"elementor elementor-842\" data-elementor-post-type=\"page\">\n\t\t\t\t<div class=\"elementor-element elementor-element-9a0c50c e-flex e-con-boxed e-con e-parent\" data-id=\"9a0c50c\" data-element_type=\"container\" data-e-type=\"container\">\n\t\t\t\t\t<div class=\"e-con-inner\">\n\t\t\t\t<div class=\"elementor-element elementor-element-b1e4cef elementor-widget elementor-widget-heading\" data-id=\"b1e4cef\" data-element_type=\"widget\" data-e-type=\"widget\" data-widget_type=\"heading.default\">\n\t\t\t\t\t<h2 class=\"elementor-heading-title elementor-size-default\">DENTADOS INTERIORES<\/h2>\t\t\t\t<\/div>\n\t\t\t\t\t<\/div>\n\t\t\t\t<\/div>\n\t\t<div class=\"elementor-element elementor-element-00c369f animated-fast e-flex e-con-boxed elementor-invisible e-con e-parent\" data-id=\"00c369f\" data-element_type=\"container\" data-e-type=\"container\" data-settings=\"{&quot;background_background&quot;:&quot;classic&quot;,&quot;animation&quot;:&quot;slideInUp&quot;,&quot;background_motion_fx_motion_fx_scrolling&quot;:&quot;yes&quot;,&quot;background_motion_fx_blur_effect&quot;:&quot;yes&quot;,&quot;background_motion_fx_blur_direction&quot;:&quot;in-out&quot;,&quot;background_motion_fx_blur_range&quot;:{&quot;unit&quot;:&quot;%&quot;,&quot;size&quot;:&quot;&quot;,&quot;sizes&quot;:{&quot;start&quot;:25,&quot;end&quot;:70}},&quot;background_motion_fx_blur_level&quot;:{&quot;unit&quot;:&quot;px&quot;,&quot;size&quot;:7,&quot;sizes&quot;:[]},&quot;background_motion_fx_devices&quot;:[&quot;desktop&quot;,&quot;tablet&quot;,&quot;mobile&quot;]}\">\n\t\t\t\t\t<div class=\"e-con-inner\">\n\t\t\t\t<div class=\"elementor-element elementor-element-197cf55 elementor-widget elementor-widget-heading\" data-id=\"197cf55\" data-element_type=\"widget\" data-e-type=\"widget\" data-widget_type=\"heading.default\">\n\t\t\t\t\t<h2 class=\"elementor-heading-title elementor-size-default\">RECTOS Y HELICOIDALES<\/h2>\t\t\t\t<\/div>\n\t\t\t\t\t<\/div>\n\t\t\t\t<\/div>\n\t\t<div class=\"elementor-element elementor-element-67a793e animated-fast e-flex e-con-boxed elementor-invisible e-con e-parent\" data-id=\"67a793e\" data-element_type=\"container\" data-e-type=\"container\" data-settings=\"{&quot;animation&quot;:&quot;slideInUp&quot;}\">\n\t\t\t\t\t<div class=\"e-con-inner\">\n\t\t<div class=\"elementor-element elementor-element-c96da20 e-con-full e-flex e-con e-parent\" data-id=\"c96da20\" data-element_type=\"container\" data-e-type=\"container\">\n\t\t\t\t<div class=\"elementor-element elementor-element-3d863b2 gallery-spacing-custom elementor-widget elementor-widget-image-gallery\" data-id=\"3d863b2\" data-element_type=\"widget\" data-e-type=\"widget\" data-widget_type=\"image-gallery.default\">\n\t\t\t\t\t\t\t<div class=\"elementor-image-gallery\">\n\t\t\t<div id='gallery-1' class='gallery galleryid-842 gallery-columns-3 gallery-size-full'><figure class='gallery-item'>\n\t\t\t<div class='gallery-icon landscape'>\n\t\t\t\t<a data-elementor-open-lightbox=\"yes\" data-elementor-lightbox-slideshow=\"3d863b2\" data-elementor-lightbox-title=\"6 engranajes e1693478641663\" data-elementor-lightbox-description=\"6 engranajes e1693478641663\" data-e-action-hash=\"#elementor-action%3Aaction%3Dlightbox%26settings%3DeyJpZCI6ODQ5LCJ1cmwiOiJodHRwczpcL1wvd3d3LmVuZy11cmV0YS5jb21cL3dwLWNvbnRlbnRcL3VwbG9hZHNcLzIwMjNcLzA4XC82LWVuZ3JhbmFqZXMtZTE2OTM0Nzg2NDE2NjMuanBnIiwic2xpZGVzaG93IjoiM2Q4NjNiMiJ9\" href='https:\/\/www.eng-ureta.com\/wp-content\/uploads\/2023\/08\/6-engranajes-e1693478641663.jpg'><img fetchpriority=\"high\" decoding=\"async\" width=\"1000\" height=\"653\" src=\"https:\/\/www.eng-ureta.com\/wp-content\/uploads\/2023\/08\/6-engranajes-e1693478641663.jpg\" class=\"attachment-full size-full\" alt=\"6 engranajes e1693478641663\" aria-describedby=\"gallery-1-849\" srcset=\"https:\/\/www.eng-ureta.com\/wp-content\/uploads\/2023\/08\/6-engranajes-e1693478641663.jpg 1000w, https:\/\/www.eng-ureta.com\/wp-content\/uploads\/2023\/08\/6-engranajes-e1693478641663-300x196.jpg 300w, https:\/\/www.eng-ureta.com\/wp-content\/uploads\/2023\/08\/6-engranajes-e1693478641663-768x502.jpg 768w\" sizes=\"(max-width: 1000px) 100vw, 1000px\" loading=\"eager\" \/><\/a>\n\t\t\t<\/div>\n\t\t\t\t<figcaption class='wp-caption-text gallery-caption' id='gallery-1-849'>\n\t\t\t\t6 engranajes e1693478641663\n\t\t\t\t<\/figcaption><\/figure><figure class='gallery-item'>\n\t\t\t<div class='gallery-icon portrait'>\n\t\t\t\t<a data-elementor-open-lightbox=\"yes\" data-elementor-lightbox-slideshow=\"3d863b2\" data-elementor-lightbox-title=\"OTZ020881\" data-elementor-lightbox-description=\"OTZ020881\" data-e-action-hash=\"#elementor-action%3Aaction%3Dlightbox%26settings%3DeyJpZCI6MTAxOSwidXJsIjoiaHR0cHM6XC9cL3d3dy5lbmctdXJldGEuY29tXC93cC1jb250ZW50XC91cGxvYWRzXC8yMDIzXC8wOFwvT1RaMDIwODgxLmpwZyIsInNsaWRlc2hvdyI6IjNkODYzYjIifQ%3D%3D\" href='https:\/\/www.eng-ureta.com\/wp-content\/uploads\/2023\/08\/OTZ020881.jpg'><img decoding=\"async\" width=\"854\" height=\"1280\" src=\"https:\/\/www.eng-ureta.com\/wp-content\/uploads\/2023\/08\/OTZ020881.jpg\" class=\"attachment-full size-full\" alt=\"OTZ020881\" aria-describedby=\"gallery-1-1019\" srcset=\"https:\/\/www.eng-ureta.com\/wp-content\/uploads\/2023\/08\/OTZ020881.jpg 854w, https:\/\/www.eng-ureta.com\/wp-content\/uploads\/2023\/08\/OTZ020881-200x300.jpg 200w, https:\/\/www.eng-ureta.com\/wp-content\/uploads\/2023\/08\/OTZ020881-683x1024.jpg 683w, https:\/\/www.eng-ureta.com\/wp-content\/uploads\/2023\/08\/OTZ020881-768x1151.jpg 768w\" sizes=\"(max-width: 854px) 100vw, 854px\" loading=\"eager\" \/><\/a>\n\t\t\t<\/div>\n\t\t\t\t<figcaption class='wp-caption-text gallery-caption' id='gallery-1-1019'>\n\t\t\t\tOTZ020881\n\t\t\t\t<\/figcaption><\/figure><figure class='gallery-item'>\n\t\t\t<div class='gallery-icon landscape'>\n\t\t\t\t<a data-elementor-open-lightbox=\"yes\" data-elementor-lightbox-slideshow=\"3d863b2\" data-elementor-lightbox-title=\"6 reductores 1\" data-elementor-lightbox-description=\"6 reductores 1\" data-e-action-hash=\"#elementor-action%3Aaction%3Dlightbox%26settings%3DeyJpZCI6ODYwLCJ1cmwiOiJodHRwczpcL1wvd3d3LmVuZy11cmV0YS5jb21cL3dwLWNvbnRlbnRcL3VwbG9hZHNcLzIwMjNcLzA4XC82LXJlZHVjdG9yZXMtMS5qcGciLCJzbGlkZXNob3ciOiIzZDg2M2IyIn0%3D\" href='https:\/\/www.eng-ureta.com\/wp-content\/uploads\/2023\/08\/6-reductores-1.jpg'><img decoding=\"async\" width=\"1000\" height=\"667\" src=\"https:\/\/www.eng-ureta.com\/wp-content\/uploads\/2023\/08\/6-reductores-1.jpg\" class=\"attachment-full size-full\" alt=\"6 reductores 1\" aria-describedby=\"gallery-1-860\" srcset=\"https:\/\/www.eng-ureta.com\/wp-content\/uploads\/2023\/08\/6-reductores-1.jpg 1000w, https:\/\/www.eng-ureta.com\/wp-content\/uploads\/2023\/08\/6-reductores-1-300x200.jpg 300w, https:\/\/www.eng-ureta.com\/wp-content\/uploads\/2023\/08\/6-reductores-1-768x512.jpg 768w\" sizes=\"(max-width: 1000px) 100vw, 1000px\" loading=\"eager\" \/><\/a>\n\t\t\t<\/div>\n\t\t\t\t<figcaption class='wp-caption-text gallery-caption' id='gallery-1-860'>\n\t\t\t\t6 reductores 1\n\t\t\t\t<\/figcaption><\/figure>\n\t\t<\/div>\n\t\t<\/div>\n\t\t\t\t\t\t<\/div>\n\t\t\t\t<\/div>\n\t\t\t\t\t<\/div>\n\t\t\t\t<\/div>\n\t\t<div class=\"elementor-element elementor-element-52c4907 e-flex e-con-boxed e-con e-parent\" data-id=\"52c4907\" data-element_type=\"container\" data-e-type=\"container\">\n\t\t\t\t\t<div class=\"e-con-inner\">\n\t\t\t\t<div class=\"elementor-element elementor-element-9d6edcd elementor-align-center elementor-widget elementor-widget-button\" data-id=\"9d6edcd\" data-element_type=\"widget\" data-e-type=\"widget\" data-widget_type=\"button.default\">\n\t\t\t\t\t\t\t\t\t\t<a class=\"elementor-button elementor-button-link elementor-size-sm\" href=\"https:\/\/www.eng-ureta.com\/fr\/soluciones\/\">\n\t\t\t\t\t\t<span class=\"elementor-button-content-wrapper\">\n\t\t\t\t\t\t\t\t\t<span class=\"elementor-button-text\">Ver m\u00e1s Soluciones<\/span>\n\t\t\t\t\t<\/span>\n\t\t\t\t\t<\/a>\n\t\t\t\t\t\t\t\t<\/div>\n\t\t\t\t\t<\/div>\n\t\t\t\t<\/div>\n\t\t\t\t<\/div>\n\t\t","protected":false},"excerpt":{"rendered":"<p>DENTADOS INTERIORES RECTOS Y HELICOIDALES Ver m\u00e1s Soluciones<\/p>","protected":false},"author":1,"featured_media":0,"parent":527,"menu_order":0,"comment_status":"closed","ping_status":"closed","template":"","meta":{"_monsterinsights_skip_tracking":false,"_monsterinsights_sitenote_active":false,"_monsterinsights_sitenote_note":"","_monsterinsights_sitenote_category":0,"footnotes":""},"class_list":["post-842","page","type-page","status-publish","hentry"],"yoast_head":"<!-- This site is optimized with the Yoast SEO plugin v27.5 - https:\/\/yoast.com\/product\/yoast-seo-wordpress\/ -->\n<title>Dentados interiores rectos y helicoidales - Ureta Precision Gears<\/title>\n<meta name=\"robots\" content=\"index, follow, max-snippet:-1, max-image-preview:large, max-video-preview:-1\" \/>\n<link rel=\"canonical\" href=\"https:\/\/www.eng-ureta.com\/fr\/soluciones\/dentados-interiores-rectos-y-helicoidales\/\" \/>\n<meta property=\"og:locale\" content=\"fr_FR\" \/>\n<meta property=\"og:type\" content=\"article\" \/>\n<meta property=\"og:title\" content=\"Dentados interiores rectos y helicoidales - Ureta Precision Gears\" \/>\n<meta property=\"og:description\" content=\"DENTADOS INTERIORES RECTOS Y HELICOIDALES Ver m\u00e1s Soluciones\" \/>\n<meta property=\"og:url\" content=\"https:\/\/www.eng-ureta.com\/fr\/soluciones\/dentados-interiores-rectos-y-helicoidales\/\" \/>\n<meta property=\"og:site_name\" content=\"Ureta Precision Gears\" \/>\n<meta property=\"article:modified_time\" content=\"2023-09-05T10:01:59+00:00\" \/>\n<meta property=\"og:image\" content=\"http:\/\/www.eng-ureta.com\/wp-content\/uploads\/2023\/08\/6-engranajes-e1693478641663.jpg\" \/>\n<meta name=\"twitter:card\" content=\"summary_large_image\" \/>\n<script type=\"application\/ld+json\" class=\"yoast-schema-graph\">{\"@context\":\"https:\\\/\\\/schema.org\",\"@graph\":[{\"@type\":\"WebPage\",\"@id\":\"https:\\\/\\\/www.eng-ureta.com\\\/soluciones\\\/dentados-interiores-rectos-y-helicoidales\\\/\",\"url\":\"https:\\\/\\\/www.eng-ureta.com\\\/soluciones\\\/dentados-interiores-rectos-y-helicoidales\\\/\",\"name\":\"Dentados interiores rectos y helicoidales - Ureta Precision Gears\",\"isPartOf\":{\"@id\":\"https:\\\/\\\/www.eng-ureta.com\\\/#website\"},\"primaryImageOfPage\":{\"@id\":\"https:\\\/\\\/www.eng-ureta.com\\\/soluciones\\\/dentados-interiores-rectos-y-helicoidales\\\/#primaryimage\"},\"image\":{\"@id\":\"https:\\\/\\\/www.eng-ureta.com\\\/soluciones\\\/dentados-interiores-rectos-y-helicoidales\\\/#primaryimage\"},\"thumbnailUrl\":\"http:\\\/\\\/www.eng-ureta.com\\\/wp-content\\\/uploads\\\/2023\\\/08\\\/6-engranajes-e1693478641663.jpg\",\"datePublished\":\"2023-08-04T09:27:51+00:00\",\"dateModified\":\"2023-09-05T10:01:59+00:00\",\"breadcrumb\":{\"@id\":\"https:\\\/\\\/www.eng-ureta.com\\\/soluciones\\\/dentados-interiores-rectos-y-helicoidales\\\/#breadcrumb\"},\"inLanguage\":\"fr-FR\",\"potentialAction\":[{\"@type\":\"ReadAction\",\"target\":[\"https:\\\/\\\/www.eng-ureta.com\\\/soluciones\\\/dentados-interiores-rectos-y-helicoidales\\\/\"]}]},{\"@type\":\"ImageObject\",\"inLanguage\":\"fr-FR\",\"@id\":\"https:\\\/\\\/www.eng-ureta.com\\\/soluciones\\\/dentados-interiores-rectos-y-helicoidales\\\/#primaryimage\",\"url\":\"http:\\\/\\\/www.eng-ureta.com\\\/wp-content\\\/uploads\\\/2023\\\/08\\\/6-engranajes-e1693478641663.jpg\",\"contentUrl\":\"http:\\\/\\\/www.eng-ureta.com\\\/wp-content\\\/uploads\\\/2023\\\/08\\\/6-engranajes-e1693478641663.jpg\"},{\"@type\":\"BreadcrumbList\",\"@id\":\"https:\\\/\\\/www.eng-ureta.com\\\/soluciones\\\/dentados-interiores-rectos-y-helicoidales\\\/#breadcrumb\",\"itemListElement\":[{\"@type\":\"ListItem\",\"position\":1,\"name\":\"Portada\",\"item\":\"https:\\\/\\\/www.eng-ureta.com\\\/\"},{\"@type\":\"ListItem\",\"position\":2,\"name\":\"Soluciones\",\"item\":\"https:\\\/\\\/www.eng-ureta.com\\\/soluciones\\\/\"},{\"@type\":\"ListItem\",\"position\":3,\"name\":\"Dentados interiores rectos y helicoidales\"}]},{\"@type\":\"WebSite\",\"@id\":\"https:\\\/\\\/www.eng-ureta.com\\\/#website\",\"url\":\"https:\\\/\\\/www.eng-ureta.com\\\/\",\"name\":\"Ureta Precision Gears\",\"description\":\"Especialistas en engranajes de precisi\u00f3n\",\"publisher\":{\"@id\":\"https:\\\/\\\/www.eng-ureta.com\\\/#organization\"},\"potentialAction\":[{\"@type\":\"SearchAction\",\"target\":{\"@type\":\"EntryPoint\",\"urlTemplate\":\"https:\\\/\\\/www.eng-ureta.com\\\/?s={search_term_string}\"},\"query-input\":{\"@type\":\"PropertyValueSpecification\",\"valueRequired\":true,\"valueName\":\"search_term_string\"}}],\"inLanguage\":\"fr-FR\"},{\"@type\":\"Organization\",\"@id\":\"https:\\\/\\\/www.eng-ureta.com\\\/#organization\",\"name\":\"Ureta Precision Gears\",\"url\":\"https:\\\/\\\/www.eng-ureta.com\\\/\",\"logo\":{\"@type\":\"ImageObject\",\"inLanguage\":\"fr-FR\",\"@id\":\"https:\\\/\\\/www.eng-ureta.com\\\/#\\\/schema\\\/logo\\\/image\\\/\",\"url\":\"https:\\\/\\\/www.eng-ureta.com\\\/wp-content\\\/uploads\\\/2023\\\/05\\\/uretalogotransparente.png\",\"contentUrl\":\"https:\\\/\\\/www.eng-ureta.com\\\/wp-content\\\/uploads\\\/2023\\\/05\\\/uretalogotransparente.png\",\"width\":1280,\"height\":299,\"caption\":\"Ureta Precision Gears\"},\"image\":{\"@id\":\"https:\\\/\\\/www.eng-ureta.com\\\/#\\\/schema\\\/logo\\\/image\\\/\"},\"sameAs\":[\"https:\\\/\\\/es.linkedin.com\\\/company\\\/ureta-precision-gears\"]}]}<\/script>\n<!-- \/ Yoast SEO plugin. -->","yoast_head_json":{"title":"Dentados interiores rectos y helicoidales - Ureta Precision Gears","robots":{"index":"index","follow":"follow","max-snippet":"max-snippet:-1","max-image-preview":"max-image-preview:large","max-video-preview":"max-video-preview:-1"},"canonical":"https:\/\/www.eng-ureta.com\/fr\/soluciones\/dentados-interiores-rectos-y-helicoidales\/","og_locale":"fr_FR","og_type":"article","og_title":"Dentados interiores rectos y helicoidales - Ureta Precision Gears","og_description":"DENTADOS INTERIORES RECTOS Y HELICOIDALES Ver m\u00e1s Soluciones","og_url":"https:\/\/www.eng-ureta.com\/fr\/soluciones\/dentados-interiores-rectos-y-helicoidales\/","og_site_name":"Ureta Precision Gears","article_modified_time":"2023-09-05T10:01:59+00:00","og_image":[{"url":"http:\/\/www.eng-ureta.com\/wp-content\/uploads\/2023\/08\/6-engranajes-e1693478641663.jpg","type":"","width":"","height":""}],"twitter_card":"summary_large_image","schema":{"@context":"https:\/\/schema.org","@graph":[{"@type":"WebPage","@id":"https:\/\/www.eng-ureta.com\/soluciones\/dentados-interiores-rectos-y-helicoidales\/","url":"https:\/\/www.eng-ureta.com\/soluciones\/dentados-interiores-rectos-y-helicoidales\/","name":"Dentados interiores rectos y helicoidales - Ureta Precision Gears","isPartOf":{"@id":"https:\/\/www.eng-ureta.com\/#website"},"primaryImageOfPage":{"@id":"https:\/\/www.eng-ureta.com\/soluciones\/dentados-interiores-rectos-y-helicoidales\/#primaryimage"},"image":{"@id":"https:\/\/www.eng-ureta.com\/soluciones\/dentados-interiores-rectos-y-helicoidales\/#primaryimage"},"thumbnailUrl":"http:\/\/www.eng-ureta.com\/wp-content\/uploads\/2023\/08\/6-engranajes-e1693478641663.jpg","datePublished":"2023-08-04T09:27:51+00:00","dateModified":"2023-09-05T10:01:59+00:00","breadcrumb":{"@id":"https:\/\/www.eng-ureta.com\/soluciones\/dentados-interiores-rectos-y-helicoidales\/#breadcrumb"},"inLanguage":"fr-FR","potentialAction":[{"@type":"ReadAction","target":["https:\/\/www.eng-ureta.com\/soluciones\/dentados-interiores-rectos-y-helicoidales\/"]}]},{"@type":"ImageObject","inLanguage":"fr-FR","@id":"https:\/\/www.eng-ureta.com\/soluciones\/dentados-interiores-rectos-y-helicoidales\/#primaryimage","url":"http:\/\/www.eng-ureta.com\/wp-content\/uploads\/2023\/08\/6-engranajes-e1693478641663.jpg","contentUrl":"http:\/\/www.eng-ureta.com\/wp-content\/uploads\/2023\/08\/6-engranajes-e1693478641663.jpg"},{"@type":"BreadcrumbList","@id":"https:\/\/www.eng-ureta.com\/soluciones\/dentados-interiores-rectos-y-helicoidales\/#breadcrumb","itemListElement":[{"@type":"ListItem","position":1,"name":"Portada","item":"https:\/\/www.eng-ureta.com\/"},{"@type":"ListItem","position":2,"name":"Soluciones","item":"https:\/\/www.eng-ureta.com\/soluciones\/"},{"@type":"ListItem","position":3,"name":"Dentados interiores rectos y helicoidales"}]},{"@type":"WebSite","@id":"https:\/\/www.eng-ureta.com\/#website","url":"https:\/\/www.eng-ureta.com\/","name":"Ureta Precision Gears","description":"Especialistas en engranajes de precisi\u00f3n","publisher":{"@id":"https:\/\/www.eng-ureta.com\/#organization"},"potentialAction":[{"@type":"SearchAction","target":{"@type":"EntryPoint","urlTemplate":"https:\/\/www.eng-ureta.com\/?s={search_term_string}"},"query-input":{"@type":"PropertyValueSpecification","valueRequired":true,"valueName":"search_term_string"}}],"inLanguage":"fr-FR"},{"@type":"Organization","@id":"https:\/\/www.eng-ureta.com\/#organization","name":"Ureta Precision Gears","url":"https:\/\/www.eng-ureta.com\/","logo":{"@type":"ImageObject","inLanguage":"fr-FR","@id":"https:\/\/www.eng-ureta.com\/#\/schema\/logo\/image\/","url":"https:\/\/www.eng-ureta.com\/wp-content\/uploads\/2023\/05\/uretalogotransparente.png","contentUrl":"https:\/\/www.eng-ureta.com\/wp-content\/uploads\/2023\/05\/uretalogotransparente.png","width":1280,"height":299,"caption":"Ureta Precision Gears"},"image":{"@id":"https:\/\/www.eng-ureta.com\/#\/schema\/logo\/image\/"},"sameAs":["https:\/\/es.linkedin.com\/company\/ureta-precision-gears"]}]}},"_links":{"self":[{"href":"https:\/\/www.eng-ureta.com\/fr\/wp-json\/wp\/v2\/pages\/842","targetHints":{"allow":["GET"]}}],"collection":[{"href":"https:\/\/www.eng-ureta.com\/fr\/wp-json\/wp\/v2\/pages"}],"about":[{"href":"https:\/\/www.eng-ureta.com\/fr\/wp-json\/wp\/v2\/types\/page"}],"author":[{"embeddable":true,"href":"https:\/\/www.eng-ureta.com\/fr\/wp-json\/wp\/v2\/users\/1"}],"replies":[{"embeddable":true,"href":"https:\/\/www.eng-ureta.com\/fr\/wp-json\/wp\/v2\/comments?post=842"}],"version-history":[{"count":0,"href":"https:\/\/www.eng-ureta.com\/fr\/wp-json\/wp\/v2\/pages\/842\/revisions"}],"up":[{"embeddable":true,"href":"https:\/\/www.eng-ureta.com\/fr\/wp-json\/wp\/v2\/pages\/527"}],"wp:attachment":[{"href":"https:\/\/www.eng-ureta.com\/fr\/wp-json\/wp\/v2\/media?parent=842"}],"curies":[{"name":"wp","href":"https:\/\/api.w.org\/{rel}","templated":true}]}}